{"id":27745,"date":"2025-07-13T17:55:53","date_gmt":"2025-07-13T14:55:53","guid":{"rendered":"https:\/\/garazastyle.com\/product\/musliinimekko-iman\/"},"modified":"2025-07-13T17:55:53","modified_gmt":"2025-07-13T14:55:53","slug":"musliinimekko-iman","status":"publish","type":"product","link":"https:\/\/garazastyle.com\/fi\/product\/musliinimekko-iman\/","title":{"rendered":"Musliinimekko &#8211; Iman"},"content":{"rendered":"<p data-start=\"450\" data-end=\"518\"><strong data-start=\"450\" data-end=\"469\">Pituus: <\/strong>147 cm<br data-start=\"476\" data-end=\"479\"><strong data-start=\"479\" data-end=\"511\">Mallin pituus kuvassa: <\/strong>173 cm<\/p>\n<p data-start=\"520\" data-end=\"727\"><strong data-start=\"520\" data-end=\"542\">Hoito-ohjeet:<\/strong><br data-start=\"542\" data-end=\"545\">Suositellaan hell\u00e4varaista pesua enint\u00e4\u00e4n 30\u00b0C l\u00e4mp\u00f6tilassa.<br data-start=\"610\" data-end=\"613\"><strong data-start=\"613\" data-end=\"627\">Huom:<\/strong> luonnonkuituna musliinikangas saattaa kutistua pesussa 1\u20133 cm \u2013 t\u00e4m\u00e4 on t\u00e4ysin normaalia.<\/p>\n","protected":false},"excerpt":{"rendered":"<p data-start=\"40\" data-end=\"104\"><strong data-start=\"44\" data-end=\"104\">Luonnollista keveytt\u00e4 arkeen ja juhlaan <\/strong><br \/>\n<strong data-start=\"106\" data-end=\"119\">Materiaali:<\/strong> luonnollinen musliinikangas \u2013 kevyt, hengitt\u00e4v\u00e4 ja eritt\u00e4in mukava. T\u00e4ydellinen valinta kuumiin kes\u00e4p\u00e4iviin, mutta moni asiakkaistamme kertoo k\u00e4ytt\u00e4v\u00e4ns\u00e4 musliinimekkoja ymp\u00e4ri vuoden. Miksi? Koska kangas ei s\u00e4hk\u00f6isty, ei \u00e4rsyt\u00e4 ihoa ja tuntuu miellytt\u00e4v\u00e4lt\u00e4 joka s\u00e4\u00e4ll\u00e4.   <\/p>\n<p><strong data-start=\"729\" data-end=\"747\">Erikoistarjous:<\/strong><br data-start=\"747\" data-end=\"750\">Kun ostat t\u00e4m\u00e4n mekon, saat <em data-start=\"801\" data-end=\"821\">Supreme Hold Hijab<\/em> &#8211; huivin alennettuun hintaan \u2013 ja lis\u00e4ksi magneettineulat kaupan p\u00e4\u00e4lle!<\/p>\n","protected":false},"featured_media":27726,"comment_status":"open","ping_status":"closed","template":"","meta":[],"etheme_brands":[],"product_brand":[],"product_cat":[173,178,174],"product_tag":[],"class_list":{"0":"post-27745","1":"product","2":"type-product","3":"status-publish","4":"has-post-thumbnail","6":"product_cat-abayas","7":"product_cat-modest-dresses","8":"product_cat-muslim-clothing","9":"product_shipping_class-max-fi","11":"first","12":"instock","13":"shipping-taxable","14":"purchasable","15":"product-type-variable","16":"has-default-attributes"},"_links":{"self":[{"href":"https:\/\/garazastyle.com\/fi\/wp-json\/wp\/v2\/product\/27745","targetHints":{"allow":["GET"]}}],"collection":[{"href":"https:\/\/garazastyle.com\/fi\/wp-json\/wp\/v2\/product"}],"about":[{"href":"https:\/\/garazastyle.com\/fi\/wp-json\/wp\/v2\/types\/product"}],"replies":[{"embeddable":true,"href":"https:\/\/garazastyle.com\/fi\/wp-json\/wp\/v2\/comments?post=27745"}],"version-history":[{"count":0,"href":"https:\/\/garazastyle.com\/fi\/wp-json\/wp\/v2\/product\/27745\/revisions"}],"wp:featuredmedia":[{"embeddable":true,"href":"https:\/\/garazastyle.com\/fi\/wp-json\/wp\/v2\/media\/27726"}],"wp:attachment":[{"href":"https:\/\/garazastyle.com\/fi\/wp-json\/wp\/v2\/media?parent=27745"}],"wp:term":[{"taxonomy":"brand","embeddable":true,"href":"https:\/\/garazastyle.com\/fi\/wp-json\/wp\/v2\/etheme_brands?post=27745"},{"taxonomy":"product_brand","embeddable":true,"href":"https:\/\/garazastyle.com\/fi\/wp-json\/wp\/v2\/product_brand?post=27745"},{"taxonomy":"product_cat","embeddable":true,"href":"https:\/\/garazastyle.com\/fi\/wp-json\/wp\/v2\/product_cat?post=27745"},{"taxonomy":"product_tag","embeddable":true,"href":"https:\/\/garazastyle.com\/fi\/wp-json\/wp\/v2\/product_tag?post=27745"}],"curies":[{"name":"wp","href":"https:\/\/api.w.org\/{rel}","templated":true}]}}