{"id":27252,"date":"2025-06-22T22:41:55","date_gmt":"2025-06-22T19:41:55","guid":{"rendered":"https:\/\/garazastyle.com\/product\/rukousmekko-huivilla-mariam\/"},"modified":"2026-02-22T19:25:46","modified_gmt":"2026-02-22T17:25:46","slug":"rukousmekko-huivilla-mariam","status":"publish","type":"product","link":"https:\/\/garazastyle.com\/fi\/product\/rukousmekko-huivilla-mariam\/","title":{"rendered":"Rukousmekko huivilla \u2013 Mariam"},"content":{"rendered":"<ul>\n<li><b>Kangas:<\/b> Kupro-stapeli \u2013 eritt\u00e4in kevyt, peitt\u00e4v\u00e4 ja miellytt\u00e4v\u00e4 ihoa vasten. Ei tartu vartaloon eik\u00e4 vaadi kerrospukeutumista. <\/li>\n<li><b>Huivi:<\/b> Mukana, s\u00e4vy- ja materiaaliltaan yhteensopiva.<\/li>\n<li><b>K\u00e4ytt\u00f6tarkoitus:<\/b> Sopii rukoukseen, kotiin ja ulkoiluun.<\/li>\n<li><b>Kausi:<\/b> Kes\u00e4 ja vuodenaikojen vaihtelut.<\/li>\n<li><b>Mekon pituus:<\/b> 158\u2013160 cm<\/li>\n<li><b>Hihan pituus:<\/b> 73 cm<\/li>\n<li><b>Rinnanymp\u00e4rys:<\/b> 144 cm<\/li>\n<li><i>Mitat voivat vaihdella hieman (\u00b11\u20132 cm).<\/i><\/li>\n<\/ul>\n<h3>Hoito-ohjeet<\/h3>\n<p>Hell\u00e4varainen k\u00e4sin- tai konepesu enint\u00e4\u00e4n 30 \u00b0C:ssa. Huom: Vaate voi kutistua jopa 5\u202f% pesun j\u00e4lkeen. Suositellaan hell\u00e4varaista hoitoa.  K\u00e4yt\u00e4 mietoja pesuaineita, v\u00e4lt\u00e4 valkaisua ja voimakasta linkousta. Kuivataan tasolla ja v\u00e4ltet\u00e4\u00e4n pitk\u00e4aikaista altistumista suoralle auringonvalolle.<\/p>\n","protected":false},"excerpt":{"rendered":"<p><b>Maksimaalinen mukavuus ja keveys rukoukseen, kotiin ja ulkoiluun.<\/b> T\u00e4m\u00e4 pitk\u00e4 mekko on huolella suunniteltu vastaamaan modernin musliminaisen tarpeisiin. Hengitt\u00e4v\u00e4 ja kevyt kupro-stapeli tarjoaa liikkumisvapautta ilman l\u00e4pin\u00e4kyvyytt\u00e4. Yhteensopiva huivi viimeistelee kokonaisuuden tehden asusta k\u00e4yt\u00e4nn\u00f6llisen ja harmonisen. T\u00e4ydellinen valinta rukoukseen, arkeen ja matkalle.   <\/p>\n<p><b>Huom:<\/b> Ostaessasi t\u00e4m\u00e4n mekon saat eksklusiivisen <b>Supreme Hold Hijabin <\/b>alennettuun hintaan + magneettineulat <b>lahjaksi<\/b>.<\/p>\n","protected":false},"featured_media":27058,"comment_status":"open","ping_status":"closed","template":"","meta":[],"etheme_brands":[],"product_brand":[],"product_cat":[179],"product_tag":[],"class_list":{"0":"post-27252","1":"product","2":"type-product","3":"status-publish","4":"has-post-thumbnail","6":"product_cat-prayer-dresses","7":"product_shipping_class-max-fi","9":"first","10":"outofstock","11":"shipping-taxable","12":"purchasable","13":"product-type-variable","14":"has-default-attributes"},"_links":{"self":[{"href":"https:\/\/garazastyle.com\/fi\/wp-json\/wp\/v2\/product\/27252","targetHints":{"allow":["GET"]}}],"collection":[{"href":"https:\/\/garazastyle.com\/fi\/wp-json\/wp\/v2\/product"}],"about":[{"href":"https:\/\/garazastyle.com\/fi\/wp-json\/wp\/v2\/types\/product"}],"replies":[{"embeddable":true,"href":"https:\/\/garazastyle.com\/fi\/wp-json\/wp\/v2\/comments?post=27252"}],"version-history":[{"count":0,"href":"https:\/\/garazastyle.com\/fi\/wp-json\/wp\/v2\/product\/27252\/revisions"}],"wp:featuredmedia":[{"embeddable":true,"href":"https:\/\/garazastyle.com\/fi\/wp-json\/wp\/v2\/media\/27058"}],"wp:attachment":[{"href":"https:\/\/garazastyle.com\/fi\/wp-json\/wp\/v2\/media?parent=27252"}],"wp:term":[{"taxonomy":"brand","embeddable":true,"href":"https:\/\/garazastyle.com\/fi\/wp-json\/wp\/v2\/etheme_brands?post=27252"},{"taxonomy":"product_brand","embeddable":true,"href":"https:\/\/garazastyle.com\/fi\/wp-json\/wp\/v2\/product_brand?post=27252"},{"taxonomy":"product_cat","embeddable":true,"href":"https:\/\/garazastyle.com\/fi\/wp-json\/wp\/v2\/product_cat?post=27252"},{"taxonomy":"product_tag","embeddable":true,"href":"https:\/\/garazastyle.com\/fi\/wp-json\/wp\/v2\/product_tag?post=27252"}],"curies":[{"name":"wp","href":"https:\/\/api.w.org\/{rel}","templated":true}]}}