{"id":27234,"date":"2025-06-22T23:07:28","date_gmt":"2025-06-22T20:07:28","guid":{"rendered":"https:\/\/garazastyle.com\/product\/tunika-ja-maksihame-nour\/"},"modified":"2025-06-23T17:14:46","modified_gmt":"2025-06-23T14:14:46","slug":"tunika-ja-maksihame-nour","status":"publish","type":"product","link":"https:\/\/garazastyle.com\/fi\/product\/tunika-ja-maksihame-nour\/","title":{"rendered":"Tunika ja maksihame \u2013 Nour"},"content":{"rendered":"<h4>Koko<\/h4>\n<ul>\n<li>Sopii kokoihin XS, S ja M<\/li>\n<li>Hameen pituus: 105 cm<\/li>\n<li>Tunikapituus (takaa): 80 cm<\/li>\n<li>Hihan pituus (olkasaumasta): 76 cm<\/li>\n<li>Rinnan leveys: 120 cm<\/li>\n<li>Hameen helman leveys: 3 metri\u00e4<\/li>\n<\/ul>\n<h4>Kankaan koostumus:<\/h4>\n<p>67 % kupro, 33 % silkki<\/p>\n<h4>Hoito-ohjeet:<\/h4>\n<p>Kuprovaatteita ei tule pest\u00e4 yhdess\u00e4 muiden luonnon- tai tekokuitujen kanssa. Suositeltu veden l\u00e4mp\u00f6tila: enint\u00e4\u00e4n 40 \u00b0C.  Sopii sek\u00e4 k\u00e4sinpesuun ett\u00e4 konepesuun hell\u00e4varaisella ohjelmalla. K\u00e4yt\u00e4 mietoja pesuaineita, jotka on tarkoitettu herkille tekstiileille, ja v\u00e4lt\u00e4 valkaisuaineita tai huuhteluaineita, sill\u00e4 ne voivat vahingoittaa kuituja. Pesun j\u00e4lkeen muotoile vaate varovasti ja kuivata tasaisella pinnalla poissa suorasta auringonvalosta. Silit\u00e4 tarvittaessa alhaisella l\u00e4mm\u00f6ll\u00e4 k\u00e4ytt\u00e4en painoliinaa kankaan pinnan suojaamiseksi.  <\/p>\n","protected":false},"excerpt":{"rendered":"<p><strong>Nauti t\u00e4ydellisest\u00e4 mukavuuden ja keveyden tasapainosta t\u00e4ss\u00e4 ylellisess\u00e4 kupro-silkki-asussa.<\/strong><br \/>\nT\u00e4m\u00e4 kokonaisuus yhdist\u00e4\u00e4 k\u00e4yt\u00e4nn\u00f6llisyyden ja vaivattoman tyylikkyyden. Leve\u00e4, puolipy\u00f6re\u00e4 maksihame liikkuu pehme\u00e4sti jokaisen askeleen mukana ja tuo asuun sulavuutta ja keveytt\u00e4. Klassinen siluetti tekee siit\u00e4 monipuolisen valinnan kaikkiin tilanteisiin. Rento tunika leveill\u00e4 hihansuilla tuo modernia ilmett\u00e4 ja lis\u00e4\u00e4 k\u00e4ytt\u00f6mukavuutta. Helppok\u00e4ytt\u00f6inen ja tyylik\u00e4s \u2013 t\u00e4m\u00e4 asukokonaisuus sopii niin arkeen kuin juhlahetkiin.    <\/p>\n<p><strong>Huom:<\/strong> Ostaessasi t\u00e4m\u00e4n setin saat eksklusiivisen <strong>Supreme Hold Hijabin<\/strong> alennettuun hintaan + magneettineulat <strong>lahjaksi.<\/strong><\/p>\n","protected":false},"featured_media":27138,"comment_status":"open","ping_status":"closed","template":"","meta":[],"etheme_brands":[],"product_brand":[],"product_cat":[178,173,174,399],"product_tag":[],"class_list":{"0":"post-27234","1":"product","2":"type-product","3":"status-publish","4":"has-post-thumbnail","6":"product_cat-modest-dresses","7":"product_cat-abayas","8":"product_cat-muslim-clothing","9":"product_cat-modest-skirts","10":"product_shipping_class-max-fi","12":"first","13":"instock","14":"shipping-taxable","15":"purchasable","16":"product-type-variable","17":"has-default-attributes"},"_links":{"self":[{"href":"https:\/\/garazastyle.com\/fi\/wp-json\/wp\/v2\/product\/27234","targetHints":{"allow":["GET"]}}],"collection":[{"href":"https:\/\/garazastyle.com\/fi\/wp-json\/wp\/v2\/product"}],"about":[{"href":"https:\/\/garazastyle.com\/fi\/wp-json\/wp\/v2\/types\/product"}],"replies":[{"embeddable":true,"href":"https:\/\/garazastyle.com\/fi\/wp-json\/wp\/v2\/comments?post=27234"}],"version-history":[{"count":0,"href":"https:\/\/garazastyle.com\/fi\/wp-json\/wp\/v2\/product\/27234\/revisions"}],"wp:featuredmedia":[{"embeddable":true,"href":"https:\/\/garazastyle.com\/fi\/wp-json\/wp\/v2\/media\/27138"}],"wp:attachment":[{"href":"https:\/\/garazastyle.com\/fi\/wp-json\/wp\/v2\/media?parent=27234"}],"wp:term":[{"taxonomy":"brand","embeddable":true,"href":"https:\/\/garazastyle.com\/fi\/wp-json\/wp\/v2\/etheme_brands?post=27234"},{"taxonomy":"product_brand","embeddable":true,"href":"https:\/\/garazastyle.com\/fi\/wp-json\/wp\/v2\/product_brand?post=27234"},{"taxonomy":"product_cat","embeddable":true,"href":"https:\/\/garazastyle.com\/fi\/wp-json\/wp\/v2\/product_cat?post=27234"},{"taxonomy":"product_tag","embeddable":true,"href":"https:\/\/garazastyle.com\/fi\/wp-json\/wp\/v2\/product_tag?post=27234"}],"curies":[{"name":"wp","href":"https:\/\/api.w.org\/{rel}","templated":true}]}}