{"id":26203,"date":"2025-03-26T23:33:42","date_gmt":"2025-03-26T21:33:42","guid":{"rendered":"https:\/\/garazastyle.com\/product\/classic-khimar-hame-aisha-mocha\/"},"modified":"2025-05-26T21:13:26","modified_gmt":"2025-05-26T18:13:26","slug":"classic-khimar-hame-aisha-mocha","status":"publish","type":"product","link":"https:\/\/garazastyle.com\/fi\/product\/classic-khimar-hame-aisha-mocha\/","title":{"rendered":"Klassinen khimar ja hamesetti \u2013 Aylin"},"content":{"rendered":"<ul>\n<li><b>P\u00e4\u00e4kangas:<\/b> Wet silk \u2013 kevyt, laskeutuva ja hengitt\u00e4v\u00e4 materiaali, jossa on hienovarainen kiilto. Tuntuu pehme\u00e4lt\u00e4 ihoa vasten ja on helppohoitoinen. <\/li>\n<li><b>Hame:<\/b> Leve\u00e4, kellotettu leikkaus ja joustava vy\u00f6t\u00e4r\u00f6. Pituus noin 105 cm.  <\/li>\n<li><b>Khimar:<\/b> V\u00e4lj\u00e4 malli, jossa mukavat peukalolenkit hihansuissa.<\/li>\n<li><b>Sopii k\u00e4ytt\u00f6\u00f6n:<\/b> Moskeijaan, kotiin, matkalle tai arjen ulkoiluun.<\/li>\n<li><b>Koko:<\/b> Yksi koko, sopii jopa kokoon XXL asti.<\/li>\n<\/ul>\n<h4>Hoito-ohjeet:<\/h4>\n<p>Pese hell\u00e4varaisesti, enint\u00e4\u00e4n 30\u202f\u00b0C<br \/>\n\u00c4l\u00e4 k\u00e4yt\u00e4 valkaisuainetta tai v\u00e4\u00e4nn\u00e4<br \/>\nKuivaa tasolla<br \/>\nSilit\u00e4 nurjalta puolelta miedolla l\u00e4mm\u00f6ll\u00e4<\/p>\n","protected":false},"excerpt":{"rendered":"<p><strong data-start=\"0\" data-end=\"41\" data-is-only-node=\"\">P\u00e4ivitt\u00e4ist\u00e4 mukavuutta hienostuneella ilmeell\u00e4. <\/strong>Arjen mukavuutta ja hienostunutta tyyli\u00e4. T\u00e4m\u00e4 setti yhdist\u00e4\u00e4 kevyen k\u00e4yt\u00e4nn\u00f6llisyyden kauniisti laskeutuvaan muotoon. Pehme\u00e4st\u00e4 wet silk -kankaasta valmistettu kokonaisuus on hengitt\u00e4v\u00e4 ja mukautuu liikkeeseen, s\u00e4ilytt\u00e4en samalla peitt\u00e4vyyden. Aylin-setti sopii t\u00e4ydellisesti sek\u00e4 arkeen ett\u00e4 juhlaan.  <\/p>\n<p><b>Huom:<\/b> Ostaessasi t\u00e4m\u00e4n setin saat eksklusiivisen <b>Supreme Hold Hijabin<\/b> alennettuun hintaan + magneettineulat <b>lahjaksi.<\/b><\/p>\n","protected":false},"featured_media":26314,"comment_status":"open","ping_status":"closed","template":"","meta":[],"etheme_brands":[],"product_brand":[],"product_cat":[177,174],"product_tag":[],"class_list":{"0":"post-26203","1":"product","2":"type-product","3":"status-publish","4":"has-post-thumbnail","6":"product_cat-khimars","7":"product_cat-muslim-clothing","8":"product_shipping_class-max-fi","10":"first","11":"instock","12":"shipping-taxable","13":"purchasable","14":"product-type-variable","15":"has-default-attributes"},"_links":{"self":[{"href":"https:\/\/garazastyle.com\/fi\/wp-json\/wp\/v2\/product\/26203","targetHints":{"allow":["GET"]}}],"collection":[{"href":"https:\/\/garazastyle.com\/fi\/wp-json\/wp\/v2\/product"}],"about":[{"href":"https:\/\/garazastyle.com\/fi\/wp-json\/wp\/v2\/types\/product"}],"replies":[{"embeddable":true,"href":"https:\/\/garazastyle.com\/fi\/wp-json\/wp\/v2\/comments?post=26203"}],"version-history":[{"count":0,"href":"https:\/\/garazastyle.com\/fi\/wp-json\/wp\/v2\/product\/26203\/revisions"}],"wp:featuredmedia":[{"embeddable":true,"href":"https:\/\/garazastyle.com\/fi\/wp-json\/wp\/v2\/media\/26314"}],"wp:attachment":[{"href":"https:\/\/garazastyle.com\/fi\/wp-json\/wp\/v2\/media?parent=26203"}],"wp:term":[{"taxonomy":"brand","embeddable":true,"href":"https:\/\/garazastyle.com\/fi\/wp-json\/wp\/v2\/etheme_brands?post=26203"},{"taxonomy":"product_brand","embeddable":true,"href":"https:\/\/garazastyle.com\/fi\/wp-json\/wp\/v2\/product_brand?post=26203"},{"taxonomy":"product_cat","embeddable":true,"href":"https:\/\/garazastyle.com\/fi\/wp-json\/wp\/v2\/product_cat?post=26203"},{"taxonomy":"product_tag","embeddable":true,"href":"https:\/\/garazastyle.com\/fi\/wp-json\/wp\/v2\/product_tag?post=26203"}],"curies":[{"name":"wp","href":"https:\/\/api.w.org\/{rel}","templated":true}]}}