{"id":26191,"date":"2025-04-01T20:37:23","date_gmt":"2025-04-01T17:37:23","guid":{"rendered":"https:\/\/garazastyle.com\/product\/classic-khimar-skirt-set-aisha-dark-brown\/"},"modified":"2025-05-26T18:43:12","modified_gmt":"2025-05-26T15:43:12","slug":"classic-khimar-skirt-set-aisha-dark-brown","status":"publish","type":"product","link":"https:\/\/garazastyle.com\/fi\/product\/classic-khimar-skirt-set-aisha-dark-brown\/","title":{"rendered":"Classic Khimar &#038; Hame \u2013 Aisha Dark Brown"},"content":{"rendered":"<h3>Classic Khimar &#038; Hame -setti \u2013 Aisha Dark Brown<\/h3>\n<ul>\n<li><b>P\u00e4\u00e4kangas:<\/b> Setti on valmistettu <b>abaya-silkist\u00e4<\/b> \u2013 kankaasta, joka on erityisesti kehitetty abaya-mekkoihin, khimareihin ja musliminaisten pukuihin. Sille on ominaista sile\u00e4 ja pehme\u00e4 pinta sek\u00e4 hienostunut kiilto.<\/li>\n<li><b>Kankaan ominaisuudet:<\/b> Hengitt\u00e4vyys, kosteuden imukyky ja keveys tekev\u00e4t setist\u00e4 miellytt\u00e4v\u00e4n koko p\u00e4iv\u00e4n k\u00e4ytt\u00f6\u00f6n.<\/li>\n<li><b>P\u00e4\u00e4n ja hihansuiden sis\u00e4kankaat:<\/b> Valmistettu pehme\u00e4st\u00e4 jerseyst\u00e4, joka parantaa hengitt\u00e4vyytt\u00e4 ja k\u00e4ytt\u00f6mukavuutta.<\/li>\n<li><b>Kankaan koostumus:<\/b> 62\u202f% viskoosia, 28\u202f% polyesteri\u00e4, 10\u202f% elastaania \u2013 kevyt ja joustava yhdistelm\u00e4, joka tuo sek\u00e4 eleganssia ett\u00e4 k\u00e4yt\u00e4nn\u00f6llisyytt\u00e4.<\/li>\n<\/ul>\n<h4>Hoito-ohjeet<\/h4>\n<p>Jotta setin laatu ja k\u00e4ytt\u00f6ik\u00e4 s\u00e4ilyisiv\u00e4t parhaimmillaan, suosittelemme hell\u00e4varaista huoltoa:<\/p>\n<ul>\n<li>Pese <b>30\u202f\u00b0C<\/b> l\u00e4mp\u00f6tilassa <b>hell\u00e4varaisella pesuohjelmalla<\/b>, jotta kangas s\u00e4ilyy kauniina.<\/li>\n<li>K\u00e4sittele varoen, jotta vaate kest\u00e4\u00e4 pitk\u00e4\u00e4n.<\/li>\n<\/ul>\n","protected":false},"excerpt":{"rendered":"<p>Pysy tyylikk\u00e4\u00e4n\u00e4 ja itsevarmana <b>Classic Khimar &#038; Hame<\/b> -setiss\u00e4 \u2013 t\u00e4ydellinen yhdistelm\u00e4 vaatimattomuutta ja k\u00e4yt\u00e4nn\u00f6llisyytt\u00e4.<\/p>\n<p>T\u00e4ss\u00e4 setiss\u00e4 yhdistyv\u00e4t ylellisyys ja k\u00e4yt\u00e4nn\u00f6llisyys, luoden huolitellun ilmeen kaikkiin tilanteisiin. Kevyt ja hengitt\u00e4v\u00e4 kangas tuntuu pehme\u00e4lt\u00e4 ihoa vasten, tarjoten mukavuutta koko p\u00e4iv\u00e4ksi. Aisha-setti tummanruskeana sopii kaikkiin vuodenaikoihin ja mukautuu saumattomasti sek\u00e4 arkeen ett\u00e4 juhlaan.<\/p>\n<p><b>Huom:<\/b> Ostaessasi t\u00e4m\u00e4n setin saat eksklusiivisen <b>Supreme Hold Hijabin<\/b> alennettuun hintaan + magneettineulat <b>lahjaksi<\/b>.<\/p>\n","protected":false},"featured_media":23260,"comment_status":"open","ping_status":"closed","template":"","meta":[],"etheme_brands":[],"product_brand":[],"product_cat":[177,174],"product_tag":[],"class_list":{"0":"post-26191","1":"product","2":"type-product","3":"status-publish","4":"has-post-thumbnail","6":"product_cat-khimars","7":"product_cat-muslim-clothing","8":"product_shipping_class-max-fi","10":"first","11":"outofstock","12":"shipping-taxable","13":"purchasable","14":"product-type-variable","15":"has-default-attributes"},"_links":{"self":[{"href":"https:\/\/garazastyle.com\/fi\/wp-json\/wp\/v2\/product\/26191","targetHints":{"allow":["GET"]}}],"collection":[{"href":"https:\/\/garazastyle.com\/fi\/wp-json\/wp\/v2\/product"}],"about":[{"href":"https:\/\/garazastyle.com\/fi\/wp-json\/wp\/v2\/types\/product"}],"replies":[{"embeddable":true,"href":"https:\/\/garazastyle.com\/fi\/wp-json\/wp\/v2\/comments?post=26191"}],"version-history":[{"count":0,"href":"https:\/\/garazastyle.com\/fi\/wp-json\/wp\/v2\/product\/26191\/revisions"}],"wp:featuredmedia":[{"embeddable":true,"href":"https:\/\/garazastyle.com\/fi\/wp-json\/wp\/v2\/media\/23260"}],"wp:attachment":[{"href":"https:\/\/garazastyle.com\/fi\/wp-json\/wp\/v2\/media?parent=26191"}],"wp:term":[{"taxonomy":"brand","embeddable":true,"href":"https:\/\/garazastyle.com\/fi\/wp-json\/wp\/v2\/etheme_brands?post=26191"},{"taxonomy":"product_brand","embeddable":true,"href":"https:\/\/garazastyle.com\/fi\/wp-json\/wp\/v2\/product_brand?post=26191"},{"taxonomy":"product_cat","embeddable":true,"href":"https:\/\/garazastyle.com\/fi\/wp-json\/wp\/v2\/product_cat?post=26191"},{"taxonomy":"product_tag","embeddable":true,"href":"https:\/\/garazastyle.com\/fi\/wp-json\/wp\/v2\/product_tag?post=26191"}],"curies":[{"name":"wp","href":"https:\/\/api.w.org\/{rel}","templated":true}]}}