{"id":24487,"date":"2025-03-07T21:30:27","date_gmt":"2025-03-07T19:30:27","guid":{"rendered":"https:\/\/garazastyle.com\/product\/chiffon-hood-for-hijab\/"},"modified":"2025-06-23T02:02:18","modified_gmt":"2025-06-22T23:02:18","slug":"chiffon-hood-for-hijab","status":"publish","type":"product","link":"https:\/\/garazastyle.com\/fi\/product\/chiffon-hood-for-hijab\/","title":{"rendered":"Chiffon-huppu hijabille"},"content":{"rendered":"<p>Hengitt\u00e4v\u00e4 ja monik\u00e4ytt\u00f6inen asuste sopii t\u00e4ydellisesti yhteen huppareiden, collegepaitojen ja maksimekkojen kanssa, luoden tasapainon modernin muodin ja perinteisen vaatetuksen v\u00e4lille. Sen joustamaton kangas s\u00e4ilytt\u00e4\u00e4 muotonsa, ja pehme\u00e4 rakenne takaa miellytt\u00e4v\u00e4n istuvuuden koko p\u00e4iv\u00e4n ajaksi.<\/p>\n<h4>Keskeiset ominaisuudet:<\/h4>\n<ul>\n<li><strong>Materiaali:<\/strong> Premium chiffon.<\/li>\n<li><strong>Ominaisuudet:<\/strong> L\u00e4pikuultava, luo kevyen ja ilmavan vaikutelman.<\/li>\n<li><strong>Kest\u00e4vyys:<\/strong> Joustamaton kangas, joka s\u00e4ilytt\u00e4\u00e4 tyylikk\u00e4\u00e4n ulkon\u00e4k\u00f6ns\u00e4 ajan my\u00f6t\u00e4.<\/li>\n<\/ul>\n<h4>Helppohoitoisuus<\/h4>\n<p>Hell\u00e4varainen k\u00e4sinpesu auttaa s\u00e4ilytt\u00e4m\u00e4\u00e4n kankaan herk\u00e4n rakenteen ja kest\u00e4vyyden.<\/p>\n","protected":false},"excerpt":{"rendered":"<p><strong>Kevyt, l\u00e4pikuultava ja elegantti \u2013 t\u00e4m\u00e4 chiffon-huppu t\u00e4ydent\u00e4\u00e4 mink\u00e4 tahansa vaatetustyylin. <\/strong>Suunniteltu k\u00e4ytett\u00e4v\u00e4ksi alushupun kanssa, se lis\u00e4\u00e4 asuun hienostuneisuutta ja keveytt\u00e4. Ilmava kangas takaa koko p\u00e4iv\u00e4n mukavuuden, ja lis\u00e4peitt\u00e4vyys tekee t\u00e4st\u00e4 hupusta monipuolisen valinnan sek\u00e4 arkeen ett\u00e4 juhlaan.<\/p>\n<p><strong>Huomio:<\/strong> Alushuppu <strong>ei sis\u00e4lly pakkaukseen<\/strong>. Voit ostaa sen erikseen erikoishintaan yhdess\u00e4 hupun kanssa.<\/p>\n<p><strong>Erikoishinta<\/strong> t\u00e4m\u00e4n hijabin oston yhteydess\u00e4 \u2013 <strong>Supreme Hold Hijab<\/strong> alennettuun hintaan + <strong>magneettiset huivineulat kaupan p\u00e4\u00e4lle<\/strong>.<\/p>\n","protected":false},"featured_media":18483,"comment_status":"open","ping_status":"closed","template":"","meta":[],"etheme_brands":[],"product_brand":[350],"product_cat":[176,477,174],"product_tag":[],"class_list":{"0":"post-24487","1":"product","2":"type-product","3":"status-publish","4":"has-post-thumbnail","6":"product_brand-hoods","7":"product_cat-hijabs","8":"product_cat-hoods","9":"product_cat-muslim-clothing","10":"product_shipping_class-min-fi","12":"first","13":"outofstock","14":"featured","15":"shipping-taxable","16":"purchasable","17":"product-type-variable","18":"has-default-attributes"},"_links":{"self":[{"href":"https:\/\/garazastyle.com\/fi\/wp-json\/wp\/v2\/product\/24487","targetHints":{"allow":["GET"]}}],"collection":[{"href":"https:\/\/garazastyle.com\/fi\/wp-json\/wp\/v2\/product"}],"about":[{"href":"https:\/\/garazastyle.com\/fi\/wp-json\/wp\/v2\/types\/product"}],"replies":[{"embeddable":true,"href":"https:\/\/garazastyle.com\/fi\/wp-json\/wp\/v2\/comments?post=24487"}],"version-history":[{"count":0,"href":"https:\/\/garazastyle.com\/fi\/wp-json\/wp\/v2\/product\/24487\/revisions"}],"wp:featuredmedia":[{"embeddable":true,"href":"https:\/\/garazastyle.com\/fi\/wp-json\/wp\/v2\/media\/18483"}],"wp:attachment":[{"href":"https:\/\/garazastyle.com\/fi\/wp-json\/wp\/v2\/media?parent=24487"}],"wp:term":[{"taxonomy":"brand","embeddable":true,"href":"https:\/\/garazastyle.com\/fi\/wp-json\/wp\/v2\/etheme_brands?post=24487"},{"taxonomy":"product_brand","embeddable":true,"href":"https:\/\/garazastyle.com\/fi\/wp-json\/wp\/v2\/product_brand?post=24487"},{"taxonomy":"product_cat","embeddable":true,"href":"https:\/\/garazastyle.com\/fi\/wp-json\/wp\/v2\/product_cat?post=24487"},{"taxonomy":"product_tag","embeddable":true,"href":"https:\/\/garazastyle.com\/fi\/wp-json\/wp\/v2\/product_tag?post=24487"}],"curies":[{"name":"wp","href":"https:\/\/api.w.org\/{rel}","templated":true}]}}