{"id":22461,"date":"2025-03-26T22:51:32","date_gmt":"2025-03-26T20:51:32","guid":{"rendered":"https:\/\/garazastyle.com\/product\/prayer-dress-with-scarf\/"},"modified":"2025-06-23T18:22:23","modified_gmt":"2025-06-23T15:22:23","slug":"prayer-dress-with-scarf","status":"publish","type":"product","link":"https:\/\/garazastyle.com\/fi\/product\/prayer-dress-with-scarf\/","title":{"rendered":"Rukousmekko huivilla \u2013 Yasmin"},"content":{"rendered":"<ul>\n<li><b>Kangas:<\/b> Kupro-stapeli \u2013 eritt\u00e4in kevyt, peitt\u00e4v\u00e4 ja miellytt\u00e4v\u00e4 ihoa vasten. Ei tartu vartaloon eik\u00e4 vaadi kerroksia. <\/li>\n<li><b>Huivi:<\/b> Mukana, s\u00e4vy- ja materiaaliltaan yhteensopiva.<\/li>\n<li><b>K\u00e4ytt\u00f6tarkoitus: <\/b>Sopii rukoukseen, kotiin ja ulkoiluun.<\/li>\n<li><b>Kausi:<\/b> Kes\u00e4 ja vuodenaikojen vaihtelut<\/li>\n<li><b>Mekon pituus:<\/b> 158\u2013160 cm<\/li>\n<li><b>Hihan pituus:<\/b> 73 cm<\/li>\n<li><b>Rinnan ymp\u00e4rys<\/b>: 144 cm<\/li>\n<li>Mitat voivat hieman vaihdella (\u00b11\u20132 cm).<\/li>\n<\/ul>\n<h4>Hoito-ohje:<\/h4>\n<p>Hell\u00e4varainen k\u00e4sin- tai konepesu enint\u00e4\u00e4n 30 \u00b0C:ssa.<br \/>\n<b>Huom:<\/b> Vaate voi kutistua jopa<b> 5 % <\/b>pesun j\u00e4lkeen. Suositellaan hell\u00e4varaista k\u00e4sittely\u00e4.<br \/>\nK\u00e4yt\u00e4 mietoja pesuaineita, v\u00e4lt\u00e4 valkaisuaineita ja voimakasta linkousta. <\/p>\n","protected":false},"excerpt":{"rendered":"<p><b>Maksimaalinen mukavuus ja keveys rukoukseen, kotiin ja ulkoiluun. <\/b>T\u00e4m\u00e4 pitk\u00e4 mekko on huolella suunniteltu vastaamaan modernin musliminaisen tarpeisiin.<br \/>Kevyt ja hengitt\u00e4v\u00e4 <b>kupro-stapelikangas<\/b> tarjoaa liikkumisvapautta ilman l\u00e4pin\u00e4kyvyytt\u00e4.<br \/>Yhteensopiva huivi viimeistelee kokonaisuuden tehden siit\u00e4 k\u00e4yt\u00e4nn\u00f6llisen ja harmonisen.<br \/>T\u00e4ydellinen valinta rukoukseen, arkik\u00e4ytt\u00f6\u00f6n tai matkalle. <b>Grafiitinharmaa <\/b>v\u00e4ri kultaisella vivahteella tuo syvyytt\u00e4 ja hienostuneisuutta.    <\/p>\n<p><b>Huom:<\/b> Ostaessasi t\u00e4m\u00e4n mekon saat eksklusiivisen <b>Supreme Hold Hijabin <\/b>alennettuun hintaan + magneettineulat <b>lahjaksi<\/b>.<\/p>\n","protected":false},"featured_media":22429,"comment_status":"open","ping_status":"closed","template":"","meta":[],"etheme_brands":[],"product_brand":[],"product_cat":[174,179],"product_tag":[],"class_list":{"0":"post-22461","1":"product","2":"type-product","3":"status-publish","4":"has-post-thumbnail","6":"product_cat-muslim-clothing","7":"product_cat-prayer-dresses","8":"product_shipping_class-max-fi","10":"first","11":"outofstock","12":"shipping-taxable","13":"purchasable","14":"product-type-variable"},"_links":{"self":[{"href":"https:\/\/garazastyle.com\/fi\/wp-json\/wp\/v2\/product\/22461","targetHints":{"allow":["GET"]}}],"collection":[{"href":"https:\/\/garazastyle.com\/fi\/wp-json\/wp\/v2\/product"}],"about":[{"href":"https:\/\/garazastyle.com\/fi\/wp-json\/wp\/v2\/types\/product"}],"replies":[{"embeddable":true,"href":"https:\/\/garazastyle.com\/fi\/wp-json\/wp\/v2\/comments?post=22461"}],"version-history":[{"count":0,"href":"https:\/\/garazastyle.com\/fi\/wp-json\/wp\/v2\/product\/22461\/revisions"}],"wp:featuredmedia":[{"embeddable":true,"href":"https:\/\/garazastyle.com\/fi\/wp-json\/wp\/v2\/media\/22429"}],"wp:attachment":[{"href":"https:\/\/garazastyle.com\/fi\/wp-json\/wp\/v2\/media?parent=22461"}],"wp:term":[{"taxonomy":"brand","embeddable":true,"href":"https:\/\/garazastyle.com\/fi\/wp-json\/wp\/v2\/etheme_brands?post=22461"},{"taxonomy":"product_brand","embeddable":true,"href":"https:\/\/garazastyle.com\/fi\/wp-json\/wp\/v2\/product_brand?post=22461"},{"taxonomy":"product_cat","embeddable":true,"href":"https:\/\/garazastyle.com\/fi\/wp-json\/wp\/v2\/product_cat?post=22461"},{"taxonomy":"product_tag","embeddable":true,"href":"https:\/\/garazastyle.com\/fi\/wp-json\/wp\/v2\/product_tag?post=22461"}],"curies":[{"name":"wp","href":"https:\/\/api.w.org\/{rel}","templated":true}]}}