{"id":22359,"date":"2025-03-26T21:55:07","date_gmt":"2025-03-26T19:55:07","guid":{"rendered":"https:\/\/garazastyle.com\/?post_type=product&#038;p=22359"},"modified":"2025-05-31T14:58:51","modified_gmt":"2025-05-31T11:58:51","slug":"prayer-dress-with-scarf-layla","status":"publish","type":"product","link":"https:\/\/garazastyle.com\/fi\/product\/prayer-dress-with-scarf-layla\/","title":{"rendered":"Rukousmekko huivilla \u2013 Layla"},"content":{"rendered":"<p>Kangas: Kupro-stapeli \u2013 pehme\u00e4, hengitt\u00e4v\u00e4 ja l\u00e4pin\u00e4kym\u00e4t\u00f6n. Ei vaadi lis\u00e4kerroksia.<br \/>\nHuivi: Sis\u00e4ltyy mukaan, s\u00e4vy s\u00e4vyn kanssa yhteensopiva.<br \/>\nK\u00e4ytt\u00f6: Soveltuu rukoukseen, kotiin ja ulkoiluun.<br \/>\nKausi: Kes\u00e4 ja siirtym\u00e4kaudet.<br \/>\nMekon pituus: 158\u2013160 cm<br \/>\nHihan pituus: 73 cm<br \/>\nRinnanymp\u00e4rys: 144 cm<br \/>\nMitat voivat vaihdella hieman (\u00b11\u20132 cm).<br \/>\nHoito-ohjeet: Hell\u00e4 k\u00e4sin- tai konepesu enint\u00e4\u00e4n 30\u00b0C l\u00e4mp\u00f6tilassa.<br \/>\nHuomautus: Vaate saattaa kutistua jopa 5 % pesun j\u00e4lkeen. Suositellaan hell\u00e4varaista k\u00e4sittely\u00e4. K\u00e4yt\u00e4 mietoja pesuaineita, v\u00e4lt\u00e4 valkaisuaineita ja voimakasta linkousta. Kuivaa vaakatasossa ja v\u00e4lt\u00e4 pitk\u00e4\u00e4 altistumista suoralle auringonvalolle.    <\/p>\n","protected":false},"excerpt":{"rendered":"<p data-start=\"746\" data-end=\"1318\">Maksimaalista mukavuutta ja keveytt\u00e4 rukoukseen, kotiin ja ulkoiluun. T\u00e4m\u00e4 pitk\u00e4 mekko on suunniteltu modernien musliminaisten jokap\u00e4iv\u00e4isiin tarpeisiin. Kevyt ja hengitt\u00e4v\u00e4 kupro-stapelikangas on l\u00e4pin\u00e4kym\u00e4t\u00f6n ja mahdollistaa t\u00e4ydellisen liikkumisvapauden. Mukana tuleva s\u00e4vyyn sopiva huivi viimeistelee kokonaisuuden ja tuo k\u00e4yt\u00e4nn\u00f6llisyytt\u00e4. T\u00e4ydellinen rukoukseen, rentoutumiseen kotona tai ulkoiluun. L\u00e4mmin ruskea s\u00e4vy grafiittikuviolla tuo asuun syvyytt\u00e4 ja pehmeytt\u00e4.     <\/p>\n<p data-start=\"746\" data-end=\"1318\"><strong>Huomautus:<\/strong> Erikoishinta mekon oston yhteydess\u00e4 \u2013 saat ainutlaatuisen Supreme Hold Hijab -huivin alennettuun hintaan ja magneettineulat lahjaksi!<\/p>\n","protected":false},"featured_media":22364,"comment_status":"open","ping_status":"closed","template":"","meta":[],"etheme_brands":[],"product_brand":[],"product_cat":[179,174],"product_tag":[],"class_list":{"0":"post-22359","1":"product","2":"type-product","3":"status-publish","4":"has-post-thumbnail","6":"product_cat-prayer-dresses","7":"product_cat-muslim-clothing","8":"product_shipping_class-max-fi","10":"first","11":"outofstock","12":"featured","13":"shipping-taxable","14":"purchasable","15":"product-type-variable","16":"has-default-attributes"},"_links":{"self":[{"href":"https:\/\/garazastyle.com\/fi\/wp-json\/wp\/v2\/product\/22359","targetHints":{"allow":["GET"]}}],"collection":[{"href":"https:\/\/garazastyle.com\/fi\/wp-json\/wp\/v2\/product"}],"about":[{"href":"https:\/\/garazastyle.com\/fi\/wp-json\/wp\/v2\/types\/product"}],"replies":[{"embeddable":true,"href":"https:\/\/garazastyle.com\/fi\/wp-json\/wp\/v2\/comments?post=22359"}],"version-history":[{"count":0,"href":"https:\/\/garazastyle.com\/fi\/wp-json\/wp\/v2\/product\/22359\/revisions"}],"wp:featuredmedia":[{"embeddable":true,"href":"https:\/\/garazastyle.com\/fi\/wp-json\/wp\/v2\/media\/22364"}],"wp:attachment":[{"href":"https:\/\/garazastyle.com\/fi\/wp-json\/wp\/v2\/media?parent=22359"}],"wp:term":[{"taxonomy":"brand","embeddable":true,"href":"https:\/\/garazastyle.com\/fi\/wp-json\/wp\/v2\/etheme_brands?post=22359"},{"taxonomy":"product_brand","embeddable":true,"href":"https:\/\/garazastyle.com\/fi\/wp-json\/wp\/v2\/product_brand?post=22359"},{"taxonomy":"product_cat","embeddable":true,"href":"https:\/\/garazastyle.com\/fi\/wp-json\/wp\/v2\/product_cat?post=22359"},{"taxonomy":"product_tag","embeddable":true,"href":"https:\/\/garazastyle.com\/fi\/wp-json\/wp\/v2\/product_tag?post=22359"}],"curies":[{"name":"wp","href":"https:\/\/api.w.org\/{rel}","templated":true}]}}