{"id":19639,"date":"2025-03-07T23:00:24","date_gmt":"2025-03-07T21:00:24","guid":{"rendered":"https:\/\/wp3.garazastyle.com\/product\/supreme-hold-hijab\/"},"modified":"2026-04-25T16:15:13","modified_gmt":"2026-04-25T13:15:13","slug":"supreme-hold-hijab","status":"publish","type":"product","link":"https:\/\/garazastyle.com\/fi\/product\/supreme-hold-hijab\/","title":{"rendered":"Supreme Hold Hijab"},"content":{"rendered":"<p>Se ei ole pelkk\u00e4 vaate tai asuste \u2013 vaan mullistava osa pukeutumista naisille, jotka etsiv\u00e4t t\u00e4ydellist\u00e4 tasapainoa mukavuuden ja moitteettoman tyylin v\u00e4lill\u00e4. Valmistettu parhaasta hijab-kankaasta ja varustettu joustavilla nauhoilla, se tarjoaa koko p\u00e4iv\u00e4n varman pidon ja huolettoman eleganssin. Sen ainutlaatuinen pituus, jota ei tavallisesti l\u00f6ydy alushuiveista, takaa tukevan istuvuuden mink\u00e4 tahansa asun alla ja est\u00e4\u00e4 liukumisen tai v\u00e4\u00e4r\u00e4n asettumisen, joka voisi paljastaa liikaa. Laadukkaasta kankaasta valmistettuna se tarjoaa poikkeuksellista hengitt\u00e4vyytt\u00e4, joustavuutta ja kest\u00e4vyytt\u00e4.<\/p>\n","protected":false},"excerpt":{"rendered":"<p><strong>Erityisesti kes\u00e4\u00e4 varten \u2013 ylivoimainen hengitt\u00e4vyys, poikkeuksellinen mukavuus ja t\u00e4ydellinen istuvuus \u2013 tutustu Supreme Hold Hijabiin.<\/strong><\/p>\n<p>Se ei ole pelkk\u00e4 vaate tai asuste \u2013 vaan mullistava osa pukeutumista naisille, jotka etsiv\u00e4t t\u00e4ydellist\u00e4 tasapainoa mukavuuden ja moitteettoman tyylin v\u00e4lill\u00e4. Valmistettu parhaasta hijab-kankaasta ja varustettu joustavilla nauhoilla, se tarjoaa koko p\u00e4iv\u00e4n varman pidon ja huolettoman eleganssin. Sen ainutlaatuinen pituus, jota ei tavallisesti l\u00f6ydy alushuiveista, takaa tukevan istuvuuden mink\u00e4 tahansa asun alla ja est\u00e4\u00e4 liukumisen tai v\u00e4\u00e4r\u00e4n asettumisen, joka voisi paljastaa liikaa. Laadukkaasta kankaasta valmistettuna se tarjoaa poikkeuksellista hengitt\u00e4vyytt\u00e4, joustavuutta ja kest\u00e4vyytt\u00e4.<\/p>\n","protected":false},"featured_media":18442,"comment_status":"open","ping_status":"closed","template":"","meta":[],"etheme_brands":[],"product_brand":[153],"product_cat":[176,558,174,180],"product_tag":[],"class_list":{"0":"post-19639","1":"product","2":"type-product","3":"status-publish","4":"has-post-thumbnail","6":"product_brand-supreme-hijab","7":"product_cat-hijabs","8":"product_cat-alushuivit","9":"product_cat-muslim-clothing","10":"product_cat-sports-hijab-style","11":"product_shipping_class-min-fi","13":"first","14":"instock","15":"featured","16":"shipping-taxable","17":"purchasable","18":"product-type-variable","19":"has-default-attributes"},"_links":{"self":[{"href":"https:\/\/garazastyle.com\/fi\/wp-json\/wp\/v2\/product\/19639","targetHints":{"allow":["GET"]}}],"collection":[{"href":"https:\/\/garazastyle.com\/fi\/wp-json\/wp\/v2\/product"}],"about":[{"href":"https:\/\/garazastyle.com\/fi\/wp-json\/wp\/v2\/types\/product"}],"replies":[{"embeddable":true,"href":"https:\/\/garazastyle.com\/fi\/wp-json\/wp\/v2\/comments?post=19639"}],"version-history":[{"count":0,"href":"https:\/\/garazastyle.com\/fi\/wp-json\/wp\/v2\/product\/19639\/revisions"}],"wp:featuredmedia":[{"embeddable":true,"href":"https:\/\/garazastyle.com\/fi\/wp-json\/wp\/v2\/media\/18442"}],"wp:attachment":[{"href":"https:\/\/garazastyle.com\/fi\/wp-json\/wp\/v2\/media?parent=19639"}],"wp:term":[{"taxonomy":"brand","embeddable":true,"href":"https:\/\/garazastyle.com\/fi\/wp-json\/wp\/v2\/etheme_brands?post=19639"},{"taxonomy":"product_brand","embeddable":true,"href":"https:\/\/garazastyle.com\/fi\/wp-json\/wp\/v2\/product_brand?post=19639"},{"taxonomy":"product_cat","embeddable":true,"href":"https:\/\/garazastyle.com\/fi\/wp-json\/wp\/v2\/product_cat?post=19639"},{"taxonomy":"product_tag","embeddable":true,"href":"https:\/\/garazastyle.com\/fi\/wp-json\/wp\/v2\/product_tag?post=19639"}],"curies":[{"name":"wp","href":"https:\/\/api.w.org\/{rel}","templated":true}]}}