{"id":19631,"date":"2025-03-08T10:48:25","date_gmt":"2025-03-08T08:48:25","guid":{"rendered":"https:\/\/wp3.garazastyle.com\/product\/magnetic-hijab-pins\/"},"modified":"2025-06-25T20:27:24","modified_gmt":"2025-06-25T17:27:24","slug":"magnetic-hijab-pins","status":"publish","type":"product","link":"https:\/\/garazastyle.com\/fi\/product\/magnetic-hijab-pins\/","title":{"rendered":"Magneettiset hijab-neulat"},"content":{"rendered":"<p>N\u00e4m\u00e4 magneettineulat on suunniteltu yhdist\u00e4m\u00e4\u00e4n tyyli ja toimivuus \u2013 ne pit\u00e4v\u00e4t huivin tukevasti paikallaan ilman j\u00e4lki\u00e4 tai vaurioita kankaalle. Hillitty ja pelkistetty muotoilu tekee niist\u00e4 v\u00e4ltt\u00e4m\u00e4tt\u00f6m\u00e4n lis\u00e4n jokaiseen hillityn tyylin vaatekaappiin \u2013 k\u00e4yt\u00e4nn\u00f6llisyytt\u00e4 ja hienostunutta viimeistely\u00e4 samassa paketissa. <\/p>\n<h4>Ominaisuudet:<\/h4>\n<ul>\n<li>Vahva mutta hell\u00e4varainen \u2013 pit\u00e4\u00e4 kankaan tukevasti ilman reikien tekemist\u00e4 tai venytyst\u00e4.<\/li>\n<li>Kevyt ja huomaamaton \u2013 sulautuu huivityyliin vaivattomasti.<\/li>\n<li>Kest\u00e4v\u00e4 ja pitk\u00e4ik\u00e4inen \u2013 korkealaatuiset magneetit toistuvaan k\u00e4ytt\u00f6\u00f6n.<\/li>\n<\/ul>\n<h4>Helppo hoitaa<\/h4>\n<p>Pyyhi pehme\u00e4ll\u00e4 liinalla pit\u00e4\u00e4ksesi pinnan siistin\u00e4 ja kiilt\u00e4v\u00e4n\u00e4.<\/p>\n<h4>Hienostunutta hillitty\u00e4 tyyli\u00e4<\/h4>\n<p>T\u00e4ydellinen lis\u00e4 jokaiseen hijab-kokoelmaan \u2013 n\u00e4m\u00e4 magneettineulat tarjoavat modernin ja hell\u00e4varaisen ratkaisun huivin kiinnitt\u00e4miseen ilman vaurioita. Olipa kyseess\u00e4 arkik\u00e4ytt\u00f6 tai juhlavampi asu, ne viimeistelev\u00e4t tyylin tyylikk\u00e4\u00e4sti. <\/p>\n","protected":false},"excerpt":{"rendered":"<p><strong>Huomioithan<\/strong>: Kun ostat mink\u00e4 tahansa tuotteen verkkokaupastamme, saat magneettineulasetin lahjaksi.<\/p>\n<p><strong>Koe vaivaton eleganssi magneettisilla hijab-neuloillamme.<\/strong> Suunniteltu pit\u00e4m\u00e4\u00e4n hijab paikallaan vahingoittamatta herkki\u00e4 kankaita. Korkealaatuiset magneetit tarjoavat tukevan pidon, mutta ovat samalla kevyet ja huomaamattomat. T\u00e4ydellinen valinta arkeen tai juhlaan \u2013 huomaamaton ja tyylik\u00e4s vaihtoehto perinteisille neuloille. <\/p>\n<p><strong>Pakkaukseen sis\u00e4ltyy kaksi paria magneetteja.<\/strong><\/p>\n","protected":false},"featured_media":19632,"comment_status":"open","ping_status":"closed","template":"","meta":[],"etheme_brands":[],"product_brand":[],"product_cat":[176,174],"product_tag":[],"class_list":{"0":"post-19631","1":"product","2":"type-product","3":"status-publish","4":"has-post-thumbnail","6":"product_cat-hijabs","7":"product_cat-muslim-clothing","8":"product_shipping_class-min-fi","10":"first","11":"instock","12":"featured","13":"shipping-taxable","14":"purchasable","15":"product-type-variable","16":"has-default-attributes"},"_links":{"self":[{"href":"https:\/\/garazastyle.com\/fi\/wp-json\/wp\/v2\/product\/19631","targetHints":{"allow":["GET"]}}],"collection":[{"href":"https:\/\/garazastyle.com\/fi\/wp-json\/wp\/v2\/product"}],"about":[{"href":"https:\/\/garazastyle.com\/fi\/wp-json\/wp\/v2\/types\/product"}],"replies":[{"embeddable":true,"href":"https:\/\/garazastyle.com\/fi\/wp-json\/wp\/v2\/comments?post=19631"}],"version-history":[{"count":0,"href":"https:\/\/garazastyle.com\/fi\/wp-json\/wp\/v2\/product\/19631\/revisions"}],"wp:featuredmedia":[{"embeddable":true,"href":"https:\/\/garazastyle.com\/fi\/wp-json\/wp\/v2\/media\/19632"}],"wp:attachment":[{"href":"https:\/\/garazastyle.com\/fi\/wp-json\/wp\/v2\/media?parent=19631"}],"wp:term":[{"taxonomy":"brand","embeddable":true,"href":"https:\/\/garazastyle.com\/fi\/wp-json\/wp\/v2\/etheme_brands?post=19631"},{"taxonomy":"product_brand","embeddable":true,"href":"https:\/\/garazastyle.com\/fi\/wp-json\/wp\/v2\/product_brand?post=19631"},{"taxonomy":"product_cat","embeddable":true,"href":"https:\/\/garazastyle.com\/fi\/wp-json\/wp\/v2\/product_cat?post=19631"},{"taxonomy":"product_tag","embeddable":true,"href":"https:\/\/garazastyle.com\/fi\/wp-json\/wp\/v2\/product_tag?post=19631"}],"curies":[{"name":"wp","href":"https:\/\/api.w.org\/{rel}","templated":true}]}}