{"id":18939,"date":"2025-02-04T02:00:28","date_gmt":"2025-02-04T00:00:28","guid":{"rendered":"https:\/\/wp3.garazastyle.com\/product\/plus-size-hooded-basic-knitted-dress\/"},"modified":"2026-03-15T15:30:11","modified_gmt":"2026-03-15T13:30:11","slug":"long-hoodie-dress-moon","status":"publish","type":"product","link":"https:\/\/garazastyle.com\/fi\/product\/long-hoodie-dress-moon\/","title":{"rendered":"Pitk\u00e4 huppumekko \u2013 Blue Oasis"},"content":{"rendered":"<p data-start=\"85\" data-end=\"516\">Urheilullisen siluetin ja minimalistisen muotoilun yhdistelm\u00e4 tekee t\u00e4st\u00e4 mekosta monik\u00e4ytt\u00f6isen ja ajattoman osan jokaista vaatekaappia. V\u00e4lj\u00e4 leikkaus takaa mukavuuden ja liikkumisen vapauden, kun taas huppu ja k\u00e4yt\u00e4nn\u00f6lliset taskut lis\u00e4\u00e4v\u00e4t toiminnallisuutta. Hillitty Blue Oasis -huppumekko on syv\u00e4n indigonsininen \u2013 s\u00e4vy, joka huokuu itsevarmuutta ja vaivatonta tyyli\u00e4 kaikissa tilanteissa.<\/p>\n<h4>Keskeiset ominaisuudet:<\/h4>\n<ul>\n<li><b>Materiaali<\/b>: 70 % puuvillaa, 25 % polyesteri\u00e4, 5 % viskoosia \u2013 sekoitekangas, joka takaa viimeistellyn ulkon\u00e4\u00f6n ja k\u00e4ytt\u00f6mukavuuden.<\/li>\n<li><b>Muotoilu:<\/b> Yksinkertainen ja elegantti leikkaus hupulla \u2013 tarjoaa sek\u00e4 tyyli\u00e4 ett\u00e4 k\u00e4yt\u00e4nn\u00f6llisyytt\u00e4.<\/li>\n<li><b>Koot:<\/b> Erityisesti plus-kokoisille suunniteltu \u2013 takaa t\u00e4ydellisen istuvuuden ja mukavuuden.<\/li>\n<li><b>Mallin pituus kuvassa:<\/b> 170 cm<\/li>\n<li><b>Kuvassa k\u00e4ytetty koko:<\/b> M<\/li>\n<\/ul>\n<h4>Kausi:<\/h4>\n<p>Erinomainen valinta kev\u00e4\u00e4seen \u2013 t\u00e4m\u00e4 pitk\u00e4 mekko t\u00e4ydent\u00e4\u00e4 tyyli\u00e4si ja tarjoaa mukavuutta koko p\u00e4iv\u00e4n ajan.<\/p>\n","protected":false},"excerpt":{"rendered":"<p><b>Moon-pitk\u00e4 huppumekko on erinomainen valinta niille, jotka arvostavat mukavuutta arjessa.<\/b> Se on suunniteltu p\u00e4ivitt\u00e4iseen k\u00e4ytt\u00f6\u00f6n ja yhdist\u00e4\u00e4 vaatimattoman urheilutyylin k\u00e4yt\u00e4nn\u00f6llisyyteen ja mukavuuteen \u2013 tarjoten itsevarmuutta kaikkiin tilanteisiin.<\/p>\n<p><b>Huom:<\/b> Ostaessasi t\u00e4m\u00e4n tuotteen saat eksklusiivisen <b>Supreme Hold Hijabin<\/b> alennettuun hintaan + magneettineulat <b>lahjaksi<\/b><\/p>\n","protected":false},"featured_media":18944,"comment_status":"open","ping_status":"closed","template":"","meta":[],"etheme_brands":[],"product_brand":[],"product_cat":[178,174,180],"product_tag":[],"class_list":{"0":"post-18939","1":"product","2":"type-product","3":"status-publish","4":"has-post-thumbnail","6":"product_cat-modest-dresses","7":"product_cat-muslim-clothing","8":"product_cat-sports-hijab-style","9":"product_shipping_class-max-fi","11":"first","12":"instock","13":"shipping-taxable","14":"purchasable","15":"product-type-variable","16":"has-default-attributes"},"_links":{"self":[{"href":"https:\/\/garazastyle.com\/fi\/wp-json\/wp\/v2\/product\/18939","targetHints":{"allow":["GET"]}}],"collection":[{"href":"https:\/\/garazastyle.com\/fi\/wp-json\/wp\/v2\/product"}],"about":[{"href":"https:\/\/garazastyle.com\/fi\/wp-json\/wp\/v2\/types\/product"}],"replies":[{"embeddable":true,"href":"https:\/\/garazastyle.com\/fi\/wp-json\/wp\/v2\/comments?post=18939"}],"version-history":[{"count":0,"href":"https:\/\/garazastyle.com\/fi\/wp-json\/wp\/v2\/product\/18939\/revisions"}],"wp:featuredmedia":[{"embeddable":true,"href":"https:\/\/garazastyle.com\/fi\/wp-json\/wp\/v2\/media\/18944"}],"wp:attachment":[{"href":"https:\/\/garazastyle.com\/fi\/wp-json\/wp\/v2\/media?parent=18939"}],"wp:term":[{"taxonomy":"brand","embeddable":true,"href":"https:\/\/garazastyle.com\/fi\/wp-json\/wp\/v2\/etheme_brands?post=18939"},{"taxonomy":"product_brand","embeddable":true,"href":"https:\/\/garazastyle.com\/fi\/wp-json\/wp\/v2\/product_brand?post=18939"},{"taxonomy":"product_cat","embeddable":true,"href":"https:\/\/garazastyle.com\/fi\/wp-json\/wp\/v2\/product_cat?post=18939"},{"taxonomy":"product_tag","embeddable":true,"href":"https:\/\/garazastyle.com\/fi\/wp-json\/wp\/v2\/product_tag?post=18939"}],"curies":[{"name":"wp","href":"https:\/\/api.w.org\/{rel}","templated":true}]}}