{"id":18912,"date":"2025-02-04T03:00:47","date_gmt":"2025-02-04T01:00:47","guid":{"rendered":"https:\/\/wp3.garazastyle.com\/product\/dress-with-pocket-and-hood-and-elastic-sleeves\/"},"modified":"2025-05-24T18:07:14","modified_gmt":"2025-05-24T15:07:14","slug":"long-hoodie-dress-nur","status":"publish","type":"product","link":"https:\/\/garazastyle.com\/fi\/product\/long-hoodie-dress-nur\/","title":{"rendered":"Pitk\u00e4 huppumekko \u2013 NUR"},"content":{"rendered":"<p>Urheilullisen tyylin ja minimalistisen muotoilun yhdistelm\u00e4 tekee t\u00e4st\u00e4 mekosta monipuolisen valinnan arkeen. V\u00e4lj\u00e4 siluetti takaa helppouden ja liikkumavapauden, kun taas huppu ja k\u00e4yt\u00e4nn\u00f6lliset taskut lis\u00e4\u00e4v\u00e4t toiminnallisuutta. NUR vaatimaton abaya-mekko urheilullisessa tyyliss\u00e4 on saatavilla tyylikk\u00e4\u00e4ss\u00e4 s\u00e4vyss\u00e4, joka tuo itsevarmuutta kaikkiin tilanteisiin.  <\/p>\n<h4>Keskeiset ominaisuudet:<\/h4>\n<ul>\n<li><b>Materiaali<\/b>: 70 % puuvillaa, 25 % polyesteri\u00e4, 5 % viskoosia \u2013 sekoitekangas, joka takaa viimeistellyn ulkon\u00e4\u00f6n ja k\u00e4ytt\u00f6mukavuuden.<\/li>\n<li><b>Muotoilu: <\/b>Yksinkertainen ja elegantti leikkaus pitkine hihoineen, hupulla ja k\u00e4yt\u00e4nn\u00f6llisill\u00e4 taskuilla.<\/li>\n<li><b>Koot:<\/b> Standardikoot \u2013 t\u00e4ydellinen istuvuus ja mukavuus.<\/li>\n<li><b>Mallin pituus kuvassa:<\/b> 165 cm<\/li>\n<li><b>Kuvan koko<\/b>: S-M.<\/li>\n<\/ul>\n<h4>Kausi:<\/h4>\n<p>Erinomainen valinta kev\u00e4\u00e4seen \u2013 t\u00e4m\u00e4 pitk\u00e4 mekko t\u00e4ydent\u00e4\u00e4 tyyli\u00e4si ja tarjoaa mukavuutta koko p\u00e4iv\u00e4n ajan.<\/p>\n","protected":false},"excerpt":{"rendered":"<p><b>NUR &#8211; pitk\u00e4 huppumekko on erinomainen valinta niille, jotka arvostavat mukavuutta arjessa.<\/b><br \/>\nSe on suunniteltu jokap\u00e4iv\u00e4iseen k\u00e4ytt\u00f6\u00f6n ja yhdist\u00e4\u00e4 vaatimattoman urheilutyylin k\u00e4yt\u00e4nn\u00f6llisyyteen ja mukavuuteen \u2013 tarjoten itsevarmuutta kaikissa tilanteissa.<\/p>\n<p><b>Huom:<\/b> Ostaessasi t\u00e4m\u00e4n tuotteen saat eksklusiivisen <b>Supreme Hold Hijab<\/b> &#8211; huivin alennettuun hintaan + magneettineulat <b>lahjaksi.<\/b><\/p>\n","protected":false},"featured_media":18918,"comment_status":"open","ping_status":"closed","template":"","meta":[],"etheme_brands":[],"product_brand":[],"product_cat":[178,174,180],"product_tag":[],"class_list":{"0":"post-18912","1":"product","2":"type-product","3":"status-publish","4":"has-post-thumbnail","6":"product_cat-modest-dresses","7":"product_cat-muslim-clothing","8":"product_cat-sports-hijab-style","9":"product_shipping_class-max-fi","11":"first","12":"instock","13":"shipping-taxable","14":"purchasable","15":"product-type-variable","16":"has-default-attributes"},"_links":{"self":[{"href":"https:\/\/garazastyle.com\/fi\/wp-json\/wp\/v2\/product\/18912","targetHints":{"allow":["GET"]}}],"collection":[{"href":"https:\/\/garazastyle.com\/fi\/wp-json\/wp\/v2\/product"}],"about":[{"href":"https:\/\/garazastyle.com\/fi\/wp-json\/wp\/v2\/types\/product"}],"replies":[{"embeddable":true,"href":"https:\/\/garazastyle.com\/fi\/wp-json\/wp\/v2\/comments?post=18912"}],"version-history":[{"count":0,"href":"https:\/\/garazastyle.com\/fi\/wp-json\/wp\/v2\/product\/18912\/revisions"}],"wp:featuredmedia":[{"embeddable":true,"href":"https:\/\/garazastyle.com\/fi\/wp-json\/wp\/v2\/media\/18918"}],"wp:attachment":[{"href":"https:\/\/garazastyle.com\/fi\/wp-json\/wp\/v2\/media?parent=18912"}],"wp:term":[{"taxonomy":"brand","embeddable":true,"href":"https:\/\/garazastyle.com\/fi\/wp-json\/wp\/v2\/etheme_brands?post=18912"},{"taxonomy":"product_brand","embeddable":true,"href":"https:\/\/garazastyle.com\/fi\/wp-json\/wp\/v2\/product_brand?post=18912"},{"taxonomy":"product_cat","embeddable":true,"href":"https:\/\/garazastyle.com\/fi\/wp-json\/wp\/v2\/product_cat?post=18912"},{"taxonomy":"product_tag","embeddable":true,"href":"https:\/\/garazastyle.com\/fi\/wp-json\/wp\/v2\/product_tag?post=18912"}],"curies":[{"name":"wp","href":"https:\/\/api.w.org\/{rel}","templated":true}]}}