{"id":18896,"date":"2025-02-04T05:00:50","date_gmt":"2025-02-04T03:00:50","guid":{"rendered":"https:\/\/wp3.garazastyle.com\/product\/long-hoodie-made-of-brushed-fleece-dafi\/"},"modified":"2025-06-24T12:43:30","modified_gmt":"2025-06-24T09:43:30","slug":"maksimallinen-collegepaita","status":"publish","type":"product","link":"https:\/\/garazastyle.com\/fi\/product\/maksimallinen-collegepaita\/","title":{"rendered":"Maksimallinen Collegepaita"},"content":{"rendered":"<ul>\n<li><b>Koko 1 (XS\u2013S):<\/b> Pituus 132 cm<\/li>\n<li><b>Koko 2 (M\u2013L):<\/b> Pituus 137 cm<\/li>\n<li><b>Hartian leveys:<\/b> 45 cm<\/li>\n<li><b>Hihan pituus:<\/b> 60 cm<\/li>\n<li><b>Dekoratiivinen tasku<\/b><\/li>\n<\/ul>\n<p><b>Mallien pituudet kuvissa:<\/b> 160 cm ja 173 cm.<\/p>\n","protected":false},"excerpt":{"rendered":"<p><b>L\u00e4mp\u00f6 ja mukavuus:<\/b> T\u00e4ydellinen k\u00e4ytett\u00e4v\u00e4ksi takin alla talvella ja ihanteellinen kev\u00e4\u00e4ll\u00e4, kun kaipaat keveytt\u00e4 ja mukavuutta. Kevyt mutta l\u00e4mmin materiaali takaa mukavuuden kaikissa s\u00e4\u00e4olosuhteissa. Harjattu fleece \u2013 pehme\u00e4, miellytt\u00e4v\u00e4 iholle ja erinomainen l\u00e4mm\u00f6neristyksess\u00e4. Rennon istuvuuden ansiosta t\u00e4m\u00e4 collegepaita on helppo yhdist\u00e4\u00e4 muihin vaatekaapin osiin. Sopii k\u00e4velyille, matkustamiseen, ulkoiluun ja p\u00e4ivitt\u00e4iseen k\u00e4ytt\u00f6\u00f6n.<\/p>\n<p><b>Huomio:<\/b> Erikoishinta t\u00e4m\u00e4n collegepaidan oston yhteydess\u00e4 \u2013 <b>Supreme Hold Hijab<\/b> alennettuun hintaan + magneettiset huivineulat <b>kaupan p\u00e4\u00e4lle<\/b>.<\/p>\n","protected":false},"featured_media":18897,"comment_status":"open","ping_status":"closed","template":"","meta":[],"etheme_brands":[],"product_brand":[],"product_cat":[178,174,180],"product_tag":[],"class_list":{"0":"post-18896","1":"product","2":"type-product","3":"status-publish","4":"has-post-thumbnail","6":"product_cat-modest-dresses","7":"product_cat-muslim-clothing","8":"product_cat-sports-hijab-style","9":"product_shipping_class-max-fi","11":"first","12":"instock","13":"shipping-taxable","14":"purchasable","15":"product-type-variable","16":"has-default-attributes"},"_links":{"self":[{"href":"https:\/\/garazastyle.com\/fi\/wp-json\/wp\/v2\/product\/18896","targetHints":{"allow":["GET"]}}],"collection":[{"href":"https:\/\/garazastyle.com\/fi\/wp-json\/wp\/v2\/product"}],"about":[{"href":"https:\/\/garazastyle.com\/fi\/wp-json\/wp\/v2\/types\/product"}],"replies":[{"embeddable":true,"href":"https:\/\/garazastyle.com\/fi\/wp-json\/wp\/v2\/comments?post=18896"}],"version-history":[{"count":0,"href":"https:\/\/garazastyle.com\/fi\/wp-json\/wp\/v2\/product\/18896\/revisions"}],"wp:featuredmedia":[{"embeddable":true,"href":"https:\/\/garazastyle.com\/fi\/wp-json\/wp\/v2\/media\/18897"}],"wp:attachment":[{"href":"https:\/\/garazastyle.com\/fi\/wp-json\/wp\/v2\/media?parent=18896"}],"wp:term":[{"taxonomy":"brand","embeddable":true,"href":"https:\/\/garazastyle.com\/fi\/wp-json\/wp\/v2\/etheme_brands?post=18896"},{"taxonomy":"product_brand","embeddable":true,"href":"https:\/\/garazastyle.com\/fi\/wp-json\/wp\/v2\/product_brand?post=18896"},{"taxonomy":"product_cat","embeddable":true,"href":"https:\/\/garazastyle.com\/fi\/wp-json\/wp\/v2\/product_cat?post=18896"},{"taxonomy":"product_tag","embeddable":true,"href":"https:\/\/garazastyle.com\/fi\/wp-json\/wp\/v2\/product_tag?post=18896"}],"curies":[{"name":"wp","href":"https:\/\/api.w.org\/{rel}","templated":true}]}}