{"id":18886,"date":"2025-03-17T06:00:56","date_gmt":"2025-03-17T04:00:56","guid":{"rendered":"https:\/\/wp3.garazastyle.com\/product\/set-coffee-cloud\/"},"modified":"2025-05-23T22:27:05","modified_gmt":"2025-05-23T19:27:05","slug":"long-skirt-hoodie-milk-coffee","status":"publish","type":"product","link":"https:\/\/garazastyle.com\/fi\/product\/long-skirt-hoodie-milk-coffee\/","title":{"rendered":"Pitk\u00e4 hame &amp; huppari \u2013 Maitokahvi"},"content":{"rendered":"<p>Rennosti istuva huppari ja laskeutuva hame tekev\u00e4t t\u00e4st\u00e4 setist\u00e4 t\u00e4ydellisen valinnan aktiiviseen el\u00e4m\u00e4ntyyliin. Pehme\u00e4 puuvilla takaa maksimaalisen mukavuuden, ja joustava vy\u00f6t\u00e4r\u00f6 varmistaa t\u00e4ydellisen istuvuuden. \u201dMaitokahvi\u201d-s\u00e4vy tuo asuun l\u00e4mp\u00f6\u00e4 ja hienostuneisuutta.  <\/p>\n<h4>Keskeiset ominaisuudet:<\/h4>\n<ul>\n<li><b>Materiaali<\/b>: 100 % puuvillaa \u2013 hengitt\u00e4v\u00e4, pehme\u00e4 ja miellytt\u00e4v\u00e4 iholla.<\/li>\n<li><b>Huppari<\/b>: Tilava huppu, kaksinkertainen neulos, k\u00e4yt\u00e4nn\u00f6lliset taskut.<\/li>\n<li><b>Hame<\/b>: Rentoutunut istuvuus, joustava vy\u00f6t\u00e4r\u00f6, mukava pituus.<\/li>\n<li><b>Kokovalikoima<\/b>: Standardikoot mukavaan istuvuuteen.<\/li>\n<li><b>Mallin pituus kuvassa:<\/b> 170 cm<\/li>\n<li><b>Kuvan koko<\/b>: S-M.<\/li>\n<\/ul>\n<h4>Hoito-ohje:<\/h4>\n<p>Pese 30\u00b0C:ssa s\u00e4ilytt\u00e4\u00e4ksesi kankaan laadun.<\/p>\n","protected":false},"excerpt":{"rendered":"<p><b>T\u00e4ydellinen valinta niille, jotka arvostavat mukavuutta ja tyyli\u00e4 arjessaan.<\/b> T\u00e4m\u00e4 setti yhdist\u00e4\u00e4 k\u00e4yt\u00e4nn\u00f6llisyyden ja eleganssin, tehden siit\u00e4 monik\u00e4ytt\u00f6isen vaatekaapin kulmakiven. Sopii kev\u00e4t-kes\u00e4kauteen, tarjoten keveytt\u00e4 ja liikkumisvapautta. <\/p>\n<p><b>Huomio:<\/b> Erikoishinta t\u00e4m\u00e4n tuotteen oston yhteydess\u00e4 \u2013 <b>Supreme Hold Hijab<\/b> alennettuun hintaan + magneettiset huivineulat<b> kaupan p\u00e4\u00e4lle<\/b>.<\/p>\n","protected":false},"featured_media":18891,"comment_status":"open","ping_status":"closed","template":"","meta":[],"etheme_brands":[],"product_brand":[],"product_cat":[174,180],"product_tag":[],"class_list":{"0":"post-18886","1":"product","2":"type-product","3":"status-publish","4":"has-post-thumbnail","6":"product_cat-muslim-clothing","7":"product_cat-sports-hijab-style","8":"product_shipping_class-max-fi","10":"first","11":"instock","12":"sale","13":"shipping-taxable","14":"purchasable","15":"product-type-variable","16":"has-default-attributes"},"_links":{"self":[{"href":"https:\/\/garazastyle.com\/fi\/wp-json\/wp\/v2\/product\/18886","targetHints":{"allow":["GET"]}}],"collection":[{"href":"https:\/\/garazastyle.com\/fi\/wp-json\/wp\/v2\/product"}],"about":[{"href":"https:\/\/garazastyle.com\/fi\/wp-json\/wp\/v2\/types\/product"}],"replies":[{"embeddable":true,"href":"https:\/\/garazastyle.com\/fi\/wp-json\/wp\/v2\/comments?post=18886"}],"version-history":[{"count":0,"href":"https:\/\/garazastyle.com\/fi\/wp-json\/wp\/v2\/product\/18886\/revisions"}],"wp:featuredmedia":[{"embeddable":true,"href":"https:\/\/garazastyle.com\/fi\/wp-json\/wp\/v2\/media\/18891"}],"wp:attachment":[{"href":"https:\/\/garazastyle.com\/fi\/wp-json\/wp\/v2\/media?parent=18886"}],"wp:term":[{"taxonomy":"brand","embeddable":true,"href":"https:\/\/garazastyle.com\/fi\/wp-json\/wp\/v2\/etheme_brands?post=18886"},{"taxonomy":"product_brand","embeddable":true,"href":"https:\/\/garazastyle.com\/fi\/wp-json\/wp\/v2\/product_brand?post=18886"},{"taxonomy":"product_cat","embeddable":true,"href":"https:\/\/garazastyle.com\/fi\/wp-json\/wp\/v2\/product_cat?post=18886"},{"taxonomy":"product_tag","embeddable":true,"href":"https:\/\/garazastyle.com\/fi\/wp-json\/wp\/v2\/product_tag?post=18886"}],"curies":[{"name":"wp","href":"https:\/\/api.w.org\/{rel}","templated":true}]}}