{"id":18808,"date":"2025-02-04T16:18:47","date_gmt":"2025-02-04T14:18:47","guid":{"rendered":"https:\/\/wp3.garazastyle.com\/product\/linen-suit-lightness-and-style-1\/"},"modified":"2025-05-23T20:53:03","modified_gmt":"2025-05-23T17:53:03","slug":"maxi-dress-wide-trousers-khaki-linen","status":"publish","type":"product","link":"https:\/\/garazastyle.com\/fi\/product\/maxi-dress-wide-trousers-khaki-linen\/","title":{"rendered":"Maxi-mekko &amp; leve\u00e4t housut \u2013 Khaki Pellava"},"content":{"rendered":"<p>Materiaali: 100 % pellavaa \u2013 luonnollinen kangas, joka tarjoaa viileytt\u00e4 ja hengitt\u00e4vyytt\u00e4.<\/p>\n<p>Koko: V\u00e4lj\u00e4 mitoitus, sopii v\u00e4hint\u00e4\u00e4n 165 cm pitkille \u2013 takaa liikkumavapauden ja k\u00e4ytt\u00f6mukavuuden.<\/p>\n<p>Muotoilu: Housut ja pitk\u00e4hihainen maksimekko luovat tyylikk\u00e4\u00e4n ja elegantin kokonaisuuden, joka sopii moniin tilanteisiin.<\/p>\n<p>T\u00e4m\u00e4 asu on t\u00e4ydellinen niille, jotka arvostavat mukavuutta ja tyyli\u00e4. Se antaa keveytt\u00e4 ja itsevarmuutta my\u00f6s kuumimpina p\u00e4ivin\u00e4. <\/p>\n","protected":false},"excerpt":{"rendered":"<p>Setti: Maksimekko ja leve\u00e4t housut \u2013 &#8220;Khaki Linen&#8221; \u2013 Abaya-tyyli\u00e4.<br \/>Sukella mukavuuden ja eleganssin maailmaan pellavasetiss\u00e4mme, joka on suunniteltu abaya-mekon hengess\u00e4. T\u00e4m\u00e4 100 % pellavasta valmistettu setti yhdist\u00e4\u00e4 luonnollisuuden ja hienostuneisuuden. Kokonais   <\/p>\n","protected":false},"featured_media":18816,"comment_status":"open","ping_status":"closed","template":"","meta":[],"etheme_brands":[],"product_brand":[],"product_cat":[173,178,174],"product_tag":[],"class_list":{"0":"post-18808","1":"product","2":"type-product","3":"status-publish","4":"has-post-thumbnail","6":"product_cat-abayas","7":"product_cat-modest-dresses","8":"product_cat-muslim-clothing","9":"product_shipping_class-max-fi","11":"first","12":"instock","13":"sale","14":"shipping-taxable","15":"purchasable","16":"product-type-variable","17":"has-default-attributes"},"_links":{"self":[{"href":"https:\/\/garazastyle.com\/fi\/wp-json\/wp\/v2\/product\/18808","targetHints":{"allow":["GET"]}}],"collection":[{"href":"https:\/\/garazastyle.com\/fi\/wp-json\/wp\/v2\/product"}],"about":[{"href":"https:\/\/garazastyle.com\/fi\/wp-json\/wp\/v2\/types\/product"}],"replies":[{"embeddable":true,"href":"https:\/\/garazastyle.com\/fi\/wp-json\/wp\/v2\/comments?post=18808"}],"version-history":[{"count":0,"href":"https:\/\/garazastyle.com\/fi\/wp-json\/wp\/v2\/product\/18808\/revisions"}],"wp:featuredmedia":[{"embeddable":true,"href":"https:\/\/garazastyle.com\/fi\/wp-json\/wp\/v2\/media\/18816"}],"wp:attachment":[{"href":"https:\/\/garazastyle.com\/fi\/wp-json\/wp\/v2\/media?parent=18808"}],"wp:term":[{"taxonomy":"brand","embeddable":true,"href":"https:\/\/garazastyle.com\/fi\/wp-json\/wp\/v2\/etheme_brands?post=18808"},{"taxonomy":"product_brand","embeddable":true,"href":"https:\/\/garazastyle.com\/fi\/wp-json\/wp\/v2\/product_brand?post=18808"},{"taxonomy":"product_cat","embeddable":true,"href":"https:\/\/garazastyle.com\/fi\/wp-json\/wp\/v2\/product_cat?post=18808"},{"taxonomy":"product_tag","embeddable":true,"href":"https:\/\/garazastyle.com\/fi\/wp-json\/wp\/v2\/product_tag?post=18808"}],"curies":[{"name":"wp","href":"https:\/\/api.w.org\/{rel}","templated":true}]}}