{"id":18788,"date":"2025-02-04T16:19:01","date_gmt":"2025-02-04T14:19:01","guid":{"rendered":"https:\/\/wp3.garazastyle.com\/product\/hijab-scarf-dark-chocolate-muslim-head-scarf-for-women\/"},"modified":"2026-03-22T17:07:23","modified_gmt":"2026-03-22T15:07:23","slug":"ruskea-puuvilla-hijab","status":"publish","type":"product","link":"https:\/\/garazastyle.com\/fi\/product\/ruskea-puuvilla-hijab\/","title":{"rendered":"Ruskea Puuvilla-hijab"},"content":{"rendered":"<p>Viimeistele asusi t\u00e4ll\u00e4 kevyell\u00e4 ja mukavalla ruskeans\u00e4vyisell\u00e4 hijabilla. Hijab sopii saumattomasti yhteen mink\u00e4 tahansa asun kanssa \u2013 k\u00e4yt\u00e4 sit\u00e4 perinteisen\u00e4 hijabina, tyylikk\u00e4\u00e4n\u00e4 huivina tai muodikkaana asusteena. T\u00e4m\u00e4 huivi on v\u00e4ltt\u00e4m\u00e4t\u00f6n lis\u00e4 jokaiseen vaatekaappiin.   <\/p>\n<h4>Keskeiset ominaisuudet:<\/h4>\n<ul>\n<li><b>Koko:<\/b> 70 \u00d7 190 cm \u2013 ihanteellinen mitoitus monipuoliseen muotoiluun ja varmaan peitt\u00e4vyyteen.<\/li>\n<li><b>Materiaali:<\/b> Premium-laatuista puuvillaa.<\/li>\n<li><b>Pehme\u00e4 ja hengitt\u00e4v\u00e4:<\/b> Tuo mukavuutta koko p\u00e4iv\u00e4ksi.<\/li>\n<li><b>Kevyt mutta kest\u00e4v\u00e4:<\/b> Sopii ymp\u00e4rivuotiseen k\u00e4ytt\u00f6\u00f6n.<\/li>\n<li><b>Hell\u00e4varainen iholle:<\/b> Erinomainen valinta herk\u00e4lle iholle.<\/li>\n<li><b>Pitk\u00e4ik\u00e4inen:<\/b> S\u00e4ilytt\u00e4\u00e4 muotonsa ja tyylikk\u00e4\u00e4n ulkon\u00e4k\u00f6ns\u00e4.<\/li>\n<li><b>Ymp\u00e4rist\u00f6yst\u00e4v\u00e4llinen:<\/b> Valmistettu vastuullisesti kest\u00e4v\u00e4\u00e4 muotia ajatellen.<\/li>\n<\/ul>\n<h4>Helppo hoitaa<\/h4>\n<p>Hell\u00e4 k\u00e4sinpesu auttaa s\u00e4ilytt\u00e4m\u00e4\u00e4n kankaan pehmeyden ja laadun.<\/p>\n","protected":false},"excerpt":{"rendered":"<p><b>Valmistettu korkealaatuisesta puuvillasta \u2013 kevyt, tyylik\u00e4s ja miellytt\u00e4v\u00e4 k\u00e4ytt\u00e4\u00e4.<\/b> Sen ruskea s\u00e4vy korostaa luonnollista eleganssia ja monipuolisuutta, tehden t\u00e4st\u00e4 hijabista olennaisen osan vaatekaappia. Olipa kyseess\u00e4 rento tai huoliteltu tyyli, t\u00e4m\u00e4 hijab tarjoaa mukavuutta ja viimeistellyn ilmeen.  <\/p>\n<p><b>Huom: <\/b>Erikoishinta t\u00e4m\u00e4n huivin oston yhteydess\u00e4 \u2013 saat ainutlaatuisen <b>Supreme Hold huivin<\/b> alennettuun hintaan + <b>magneettineulat lahjaksi.<\/b><\/p>\n","protected":false},"featured_media":18794,"comment_status":"open","ping_status":"closed","template":"","meta":[],"etheme_brands":[],"product_brand":[351],"product_cat":[176,174],"product_tag":[],"class_list":{"0":"post-18788","1":"product","2":"type-product","3":"status-publish","4":"has-post-thumbnail","6":"product_brand-simple-hijab","7":"product_cat-hijabs","8":"product_cat-muslim-clothing","9":"product_shipping_class-min-fi","11":"first","12":"outofstock","13":"shipping-taxable","14":"purchasable","15":"product-type-variable","16":"has-default-attributes"},"_links":{"self":[{"href":"https:\/\/garazastyle.com\/fi\/wp-json\/wp\/v2\/product\/18788","targetHints":{"allow":["GET"]}}],"collection":[{"href":"https:\/\/garazastyle.com\/fi\/wp-json\/wp\/v2\/product"}],"about":[{"href":"https:\/\/garazastyle.com\/fi\/wp-json\/wp\/v2\/types\/product"}],"replies":[{"embeddable":true,"href":"https:\/\/garazastyle.com\/fi\/wp-json\/wp\/v2\/comments?post=18788"}],"version-history":[{"count":0,"href":"https:\/\/garazastyle.com\/fi\/wp-json\/wp\/v2\/product\/18788\/revisions"}],"wp:featuredmedia":[{"embeddable":true,"href":"https:\/\/garazastyle.com\/fi\/wp-json\/wp\/v2\/media\/18794"}],"wp:attachment":[{"href":"https:\/\/garazastyle.com\/fi\/wp-json\/wp\/v2\/media?parent=18788"}],"wp:term":[{"taxonomy":"brand","embeddable":true,"href":"https:\/\/garazastyle.com\/fi\/wp-json\/wp\/v2\/etheme_brands?post=18788"},{"taxonomy":"product_brand","embeddable":true,"href":"https:\/\/garazastyle.com\/fi\/wp-json\/wp\/v2\/product_brand?post=18788"},{"taxonomy":"product_cat","embeddable":true,"href":"https:\/\/garazastyle.com\/fi\/wp-json\/wp\/v2\/product_cat?post=18788"},{"taxonomy":"product_tag","embeddable":true,"href":"https:\/\/garazastyle.com\/fi\/wp-json\/wp\/v2\/product_tag?post=18788"}],"curies":[{"name":"wp","href":"https:\/\/api.w.org\/{rel}","templated":true}]}}