{"id":18778,"date":"2025-02-04T16:19:04","date_gmt":"2025-02-04T14:19:04","guid":{"rendered":"https:\/\/wp3.garazastyle.com\/product\/hijab-scarf-caramel-muslim-head-scarf-for-women-copy\/"},"modified":"2025-04-10T18:39:24","modified_gmt":"2025-04-10T15:39:24","slug":"hiekanvarinen-puuvilla-hijab","status":"publish","type":"product","link":"https:\/\/garazastyle.com\/fi\/product\/hiekanvarinen-puuvilla-hijab\/","title":{"rendered":"Hiekanv\u00e4rinen Puuvilla-hijab"},"content":{"rendered":"<p>T\u00e4ydenn\u00e4 asusi t\u00e4ll\u00e4 kevyell\u00e4 ja mukavalla hijabilla, jonka s\u00e4vy tuo luonnollista pehmeytt\u00e4 tyyliisi. T\u00e4m\u00e4 hijab sopii t\u00e4ydellisesti mihin tahansa asuun. K\u00e4yt\u00e4 sit\u00e4 perinteisen\u00e4 hijabina, tyylikk\u00e4\u00e4n\u00e4 huivina tai muodikkaana asusteena \u2013 olennainen lis\u00e4 vaatekaappiisi.<\/p>\n<h4>Keskeiset ominaisuudet:<\/h4>\n<ul>\n<li><b>Koko:<\/b> 70 \u00d7 190 cm \u2013 t\u00e4ydellinen koko monipuoliseen muotoiluun ja varmaan peitt\u00e4vyyteen.<\/li>\n<li><b>Materiaali:<\/b> Premium-puuvilla.<\/li>\n<li><b>Pehme\u00e4 ja hengitt\u00e4v\u00e4:<\/b> Takaa miellytt\u00e4v\u00e4n tunteen koko p\u00e4iv\u00e4n ajan.<\/li>\n<li><b>Kevyt mutta kest\u00e4v\u00e4:<\/b> Sopii k\u00e4ytett\u00e4v\u00e4ksi ymp\u00e4ri vuoden.<\/li>\n<li><b>Hell\u00e4varainen iholle:<\/b> Ihanteellinen herk\u00e4lle iholle.<\/li>\n<li><b>Kest\u00e4v\u00e4:<\/b> S\u00e4ilytt\u00e4\u00e4 muotonsa ja tyylikk\u00e4\u00e4n ulkon\u00e4k\u00f6ns\u00e4 pitk\u00e4\u00e4n.<\/li>\n<li><b>Ekologinen valinta:<\/b> Valmistettu vastuullisesti ymp\u00e4rist\u00f6\u00e4 ajatellen.<\/li>\n<\/ul>\n<h4>Helppohoitoisuus<\/h4>\n<p>Hell\u00e4varainen k\u00e4sinpesu auttaa s\u00e4ilytt\u00e4m\u00e4\u00e4n pehmeyden ja kankaan laadun.<\/p>\n","protected":false},"excerpt":{"rendered":"<p><b>Valmistettu korkealaatuisesta puuvillasta \u2013 pehme\u00e4, kevyt ja tyylik\u00e4s.<\/b> Sen hiekanv\u00e4rinen s\u00e4vy huokuu luonnollista eleganssia, tehden t\u00e4st\u00e4 hijabista monik\u00e4ytt\u00f6isen ja ajattoman osan vaatekaappia. Olipa tyylisi rento tai klassinen, t\u00e4m\u00e4 hijab takaa mukavuuden ja korostaa persoonallista tyyli\u00e4si.<\/p>\n<p><b>Huomio:<\/b> Erikoishinta t\u00e4m\u00e4n hijabin oston yhteydess\u00e4 \u2013 <b>Supreme Hold Hijab<\/b> alennettuun hintaan + magneettiset huivineulat <b>kaupan p\u00e4\u00e4lle<\/b>.<\/p>\n","protected":false},"featured_media":18782,"comment_status":"open","ping_status":"closed","template":"","meta":[],"etheme_brands":[],"product_brand":[351],"product_cat":[176,174],"product_tag":[],"class_list":{"0":"post-18778","1":"product","2":"type-product","3":"status-publish","4":"has-post-thumbnail","6":"product_brand-simple-hijab","7":"product_cat-hijabs","8":"product_cat-muslim-clothing","9":"product_shipping_class-min-fi","11":"first","12":"instock","13":"shipping-taxable","14":"purchasable","15":"product-type-variable","16":"has-default-attributes"},"_links":{"self":[{"href":"https:\/\/garazastyle.com\/fi\/wp-json\/wp\/v2\/product\/18778","targetHints":{"allow":["GET"]}}],"collection":[{"href":"https:\/\/garazastyle.com\/fi\/wp-json\/wp\/v2\/product"}],"about":[{"href":"https:\/\/garazastyle.com\/fi\/wp-json\/wp\/v2\/types\/product"}],"replies":[{"embeddable":true,"href":"https:\/\/garazastyle.com\/fi\/wp-json\/wp\/v2\/comments?post=18778"}],"version-history":[{"count":0,"href":"https:\/\/garazastyle.com\/fi\/wp-json\/wp\/v2\/product\/18778\/revisions"}],"wp:featuredmedia":[{"embeddable":true,"href":"https:\/\/garazastyle.com\/fi\/wp-json\/wp\/v2\/media\/18782"}],"wp:attachment":[{"href":"https:\/\/garazastyle.com\/fi\/wp-json\/wp\/v2\/media?parent=18778"}],"wp:term":[{"taxonomy":"brand","embeddable":true,"href":"https:\/\/garazastyle.com\/fi\/wp-json\/wp\/v2\/etheme_brands?post=18778"},{"taxonomy":"product_brand","embeddable":true,"href":"https:\/\/garazastyle.com\/fi\/wp-json\/wp\/v2\/product_brand?post=18778"},{"taxonomy":"product_cat","embeddable":true,"href":"https:\/\/garazastyle.com\/fi\/wp-json\/wp\/v2\/product_cat?post=18778"},{"taxonomy":"product_tag","embeddable":true,"href":"https:\/\/garazastyle.com\/fi\/wp-json\/wp\/v2\/product_tag?post=18778"}],"curies":[{"name":"wp","href":"https:\/\/api.w.org\/{rel}","templated":true}]}}