{"id":18756,"date":"2025-02-04T16:19:10","date_gmt":"2025-02-04T14:19:10","guid":{"rendered":"https:\/\/wp3.garazastyle.com\/product\/hijab-scarf-blue-muslim-head-scarf-for-women-copy\/"},"modified":"2025-06-27T19:40:05","modified_gmt":"2025-06-27T16:40:05","slug":"black-bamboo-hijab","status":"publish","type":"product","link":"https:\/\/garazastyle.com\/fi\/product\/black-bamboo-hijab\/","title":{"rendered":"Musta Bambu hijab"},"content":{"rendered":"<p>T\u00e4m\u00e4 <b>Dark Power bambu<\/b> huivi sopii vaivattomasti yhteen monenlaisten asujen kanssa.<br \/>Sit\u00e4 voi k\u00e4ytt\u00e4\u00e4 perinteisen\u00e4 hijabina, huivina tai tyylikk\u00e4\u00e4n\u00e4 asusteena \u2013 se tuo asuun harkittua ilmett\u00e4 ja ryhti\u00e4. Syv\u00e4 s\u00e4vy toimii hyvin sek\u00e4 arjessa ett\u00e4 juhlavammissa tilanteissa.   <\/p>\n<h4>Keskeiset ominaisuudet:<\/h4>\n<ul>\n<li><b>Koko: <\/b>70 \u00d7 190 cm \u2013 ihanteellinen mitta kaikkiin tyyleihin<\/li>\n<li><b>Materiaali:<\/b> Premium-laatuinen bambukangas<\/li>\n<li><b>Kevyt ja pehme\u00e4:<\/b> H\u00f6yhenenkevyt ja miellytt\u00e4v\u00e4 ihoa vasten<\/li>\n<li><b>Luonnolliset ominaisuudet:<\/b> Antibakteerinen ja hypoallergeeninen \u2013 sopii herk\u00e4lle iholle<\/li>\n<li><b>Kest\u00e4vyys:<\/b> UV-suojattu \u2013 s\u00e4ilytt\u00e4\u00e4 syv\u00e4n mustan s\u00e4vyns\u00e4 ja kankaan laadun ajan my\u00f6t\u00e4.<\/li>\n<\/ul>\n<h4>Helppo hoitaa<\/h4>\n<p>Hell\u00e4varainen k\u00e4sinpesu auttaa s\u00e4ilytt\u00e4m\u00e4\u00e4n huivin alkuper\u00e4isen ilmeen.<\/p>\n","protected":false},"excerpt":{"rendered":"<p><b>Enemm\u00e4n kuin tavallinen huivi \u2013 valmistettu ainutlaatuisesta bambukankaasta \u00e4\u00e4rimm\u00e4iseen mukavuuteen.<\/b> Kevyt, pehme\u00e4 ja hengitt\u00e4v\u00e4 \u2013 tarjoaa mukavuutta koko p\u00e4iv\u00e4n ajan. Ajaton <b>musta<\/b> s\u00e4vy tuo tyyliin hienostuneisuutta ja monik\u00e4ytt\u00f6isyytt\u00e4, tehden huivista t\u00e4rke\u00e4n osan jokaista vaatekaappia. Olipa tyyli rento, siisti tai juhlava, huivi viimeistelee asun vaivattomasti.   <\/p>\n<p><b>Huom: <\/b>Erikoishinta t\u00e4m\u00e4n huivin oston yhteydess\u00e4 \u2013 saat ainutlaatuisen <b>Supreme Hold huivin<\/b> alennettuun hintaan + <b>magneettineulat lahjaksi.<\/b><\/p>\n","protected":false},"featured_media":18762,"comment_status":"open","ping_status":"closed","template":"","meta":[],"etheme_brands":[],"product_brand":[351],"product_cat":[176,174,478],"product_tag":[],"class_list":{"0":"post-18756","1":"product","2":"type-product","3":"status-publish","4":"has-post-thumbnail","6":"product_brand-simple-hijab","7":"product_cat-hijabs","8":"product_cat-muslim-clothing","9":"product_cat-scarves","10":"product_shipping_class-min-fi","12":"first","13":"outofstock","14":"shipping-taxable","15":"purchasable","16":"product-type-variable","17":"has-default-attributes"},"_links":{"self":[{"href":"https:\/\/garazastyle.com\/fi\/wp-json\/wp\/v2\/product\/18756","targetHints":{"allow":["GET"]}}],"collection":[{"href":"https:\/\/garazastyle.com\/fi\/wp-json\/wp\/v2\/product"}],"about":[{"href":"https:\/\/garazastyle.com\/fi\/wp-json\/wp\/v2\/types\/product"}],"replies":[{"embeddable":true,"href":"https:\/\/garazastyle.com\/fi\/wp-json\/wp\/v2\/comments?post=18756"}],"version-history":[{"count":0,"href":"https:\/\/garazastyle.com\/fi\/wp-json\/wp\/v2\/product\/18756\/revisions"}],"wp:featuredmedia":[{"embeddable":true,"href":"https:\/\/garazastyle.com\/fi\/wp-json\/wp\/v2\/media\/18762"}],"wp:attachment":[{"href":"https:\/\/garazastyle.com\/fi\/wp-json\/wp\/v2\/media?parent=18756"}],"wp:term":[{"taxonomy":"brand","embeddable":true,"href":"https:\/\/garazastyle.com\/fi\/wp-json\/wp\/v2\/etheme_brands?post=18756"},{"taxonomy":"product_brand","embeddable":true,"href":"https:\/\/garazastyle.com\/fi\/wp-json\/wp\/v2\/product_brand?post=18756"},{"taxonomy":"product_cat","embeddable":true,"href":"https:\/\/garazastyle.com\/fi\/wp-json\/wp\/v2\/product_cat?post=18756"},{"taxonomy":"product_tag","embeddable":true,"href":"https:\/\/garazastyle.com\/fi\/wp-json\/wp\/v2\/product_tag?post=18756"}],"curies":[{"name":"wp","href":"https:\/\/api.w.org\/{rel}","templated":true}]}}