{"id":18741,"date":"2025-02-04T16:19:12","date_gmt":"2025-02-04T14:19:12","guid":{"rendered":"https:\/\/wp3.garazastyle.com\/product\/hijab-scarf-mokka-bamboo-muslim-head-scarf-for-women\/"},"modified":"2025-06-25T21:23:54","modified_gmt":"2025-06-25T18:23:54","slug":"chocolate-mocha-bamboo-hijab","status":"publish","type":"product","link":"https:\/\/garazastyle.com\/fi\/product\/chocolate-mocha-bamboo-hijab\/","title":{"rendered":"Chocolate Mocha bambu huivi"},"content":{"rendered":"<p>T\u00e4m\u00e4 <b>Chocolate Mocha bambu huivi<\/b> viimeistelee tyylisi saumattomasti. Se voidaan muotoilla klassiseksi hijabiksi, elegantiksi p\u00e4\u00e4hineeksi tai muodikkaaksi asusteeksi, lis\u00e4ten syvyytt\u00e4 ja hienostuneisuutta mihin tahansa asuun. Sen l\u00e4mmin, kahvinen s\u00e4vy tekee siit\u00e4 erinomaisen valinnan sek\u00e4 arkeen ett\u00e4 hienostuneempiin tilaisuuksiin.   <\/p>\n<h4>Keskeiset ominaisuudet:<\/h4>\n<ul>\n<li><b>Koko: <\/b>70 \u00d7 190 cm \u2013 ihanteellinen mitta kaikkiin tyyleihin<\/li>\n<li><b>Materiaali:<\/b> Premium-laatuinen bambukangas<\/li>\n<li><b>Kevyt ja pehme\u00e4:<\/b> H\u00f6yhenenkevyt ja miellytt\u00e4v\u00e4 ihoa vasten<\/li>\n<li><b>Luonnolliset ominaisuudet:<\/b> Antibakteerinen ja hypoallergeeninen \u2013 sopii herk\u00e4lle iholle<\/li>\n<li><b>Kest\u00e4vyys: <\/b>UV-suojattu \u2013 s\u00e4ilytt\u00e4\u00e4 syv\u00e4n s\u00e4vyns\u00e4 ja kankaan laadun ajan my\u00f6t\u00e4.<\/li>\n<\/ul>\n<h4>Helppo hoitaa<\/h4>\n<p>Hell\u00e4varainen k\u00e4sinpesu auttaa s\u00e4ilytt\u00e4m\u00e4\u00e4n huivin alkuper\u00e4isen ilmeen.<\/p>\n","protected":false},"excerpt":{"rendered":"<p><b>Enemm\u00e4n kuin tavallinen huivi \u2013 valmistettu ainutlaatuisesta bambukankaasta \u00e4\u00e4rimm\u00e4iseen mukavuuteen.<\/b><br \/>\nKevyt, pehme\u00e4 ja hengitt\u00e4v\u00e4 \u2013 tarjoaa mukavuutta koko p\u00e4iv\u00e4n ajan. Rikas <b>Chocolate Mocha<\/b> s\u00e4vy huokuu l\u00e4mp\u00f6\u00e4 ja hienostuneisuutta, tarjoten t\u00e4ydellisen tasapainon klassisen eleganssin ja modernin monik\u00e4ytt\u00f6isyyden v\u00e4lill\u00e4. T\u00e4m\u00e4 syv\u00e4, maanl\u00e4heinen s\u00e4vy t\u00e4ydent\u00e4\u00e4 monenlaisia tyylej\u00e4 ja on ehdoton lis\u00e4 jokaisen vaatekaappiin.   <\/p>\n<p><b>Huom: <\/b>Erikoishinta t\u00e4m\u00e4n huivin oston yhteydess\u00e4 \u2013 saat ainutlaatuisen <b>Supreme Hold huivin<\/b> alennettuun hintaan + <b>magneettineulat lahjaksi.<\/b><\/p>\n","protected":false},"featured_media":18749,"comment_status":"open","ping_status":"closed","template":"","meta":[],"etheme_brands":[],"product_brand":[351],"product_cat":[176,174,478],"product_tag":[],"class_list":{"0":"post-18741","1":"product","2":"type-product","3":"status-publish","4":"has-post-thumbnail","6":"product_brand-simple-hijab","7":"product_cat-hijabs","8":"product_cat-muslim-clothing","9":"product_cat-scarves","10":"product_shipping_class-min-fi","12":"first","13":"outofstock","14":"shipping-taxable","15":"purchasable","16":"product-type-variable","17":"has-default-attributes"},"_links":{"self":[{"href":"https:\/\/garazastyle.com\/fi\/wp-json\/wp\/v2\/product\/18741","targetHints":{"allow":["GET"]}}],"collection":[{"href":"https:\/\/garazastyle.com\/fi\/wp-json\/wp\/v2\/product"}],"about":[{"href":"https:\/\/garazastyle.com\/fi\/wp-json\/wp\/v2\/types\/product"}],"replies":[{"embeddable":true,"href":"https:\/\/garazastyle.com\/fi\/wp-json\/wp\/v2\/comments?post=18741"}],"version-history":[{"count":0,"href":"https:\/\/garazastyle.com\/fi\/wp-json\/wp\/v2\/product\/18741\/revisions"}],"wp:featuredmedia":[{"embeddable":true,"href":"https:\/\/garazastyle.com\/fi\/wp-json\/wp\/v2\/media\/18749"}],"wp:attachment":[{"href":"https:\/\/garazastyle.com\/fi\/wp-json\/wp\/v2\/media?parent=18741"}],"wp:term":[{"taxonomy":"brand","embeddable":true,"href":"https:\/\/garazastyle.com\/fi\/wp-json\/wp\/v2\/etheme_brands?post=18741"},{"taxonomy":"product_brand","embeddable":true,"href":"https:\/\/garazastyle.com\/fi\/wp-json\/wp\/v2\/product_brand?post=18741"},{"taxonomy":"product_cat","embeddable":true,"href":"https:\/\/garazastyle.com\/fi\/wp-json\/wp\/v2\/product_cat?post=18741"},{"taxonomy":"product_tag","embeddable":true,"href":"https:\/\/garazastyle.com\/fi\/wp-json\/wp\/v2\/product_tag?post=18741"}],"curies":[{"name":"wp","href":"https:\/\/api.w.org\/{rel}","templated":true}]}}