{"id":18736,"date":"2025-02-04T16:19:15","date_gmt":"2025-02-04T14:19:15","guid":{"rendered":"https:\/\/wp3.garazastyle.com\/product\/hijab-scarf-chocolate-mocha-bamboo-muslim-head-scarf-for-women-copy\/"},"modified":"2025-06-25T21:11:00","modified_gmt":"2025-06-25T18:11:00","slug":"light-powder-bambu-hijab","status":"publish","type":"product","link":"https:\/\/garazastyle.com\/fi\/product\/light-powder-bambu-hijab\/","title":{"rendered":"Light Powder Bambu huivi"},"content":{"rendered":"<p>T\u00e4m\u00e4 <b>Light Powder s\u00e4vyinen bambuhuivi<\/b> t\u00e4ydent\u00e4\u00e4 vaivattomasti mink\u00e4 tahansa asun. Sit\u00e4 voi k\u00e4ytt\u00e4\u00e4 klassisena hijabina, eleganttina p\u00e4\u00e4n peittona tai muodikkaana asusteena \u2013 lis\u00e4ten tyyliin keveytt\u00e4 ja viimeistelty\u00e4 ilmett\u00e4. Sen pehme\u00e4, puuterinen s\u00e4vy tekee siit\u00e4 t\u00e4ydellisen valinnan sek\u00e4 arkeen ett\u00e4 juhlaan.   <\/p>\n<h4>Keskeiset ominaisuudet:<\/h4>\n<ul>\n<li><b>Koko: <\/b>70 \u00d7 190 cm \u2013 ihanteellinen mitta kaikkiin tyyleihin<\/li>\n<li><b>Materiaali:<\/b> Premium-laatuinen bambukangas<\/li>\n<li><b>Kevyt ja pehme\u00e4:<\/b> H\u00f6yhenenkevyt ja miellytt\u00e4v\u00e4 ihoa vasten<\/li>\n<li><b>Luonnolliset ominaisuudet:<\/b> Antibakteerinen ja hypoallergeeninen \u2013 sopii herk\u00e4lle iholle<\/li>\n<li><b>Kest\u00e4vyys:<\/b> UV-suojattu \u2013 s\u00e4ilytt\u00e4\u00e4 herk\u00e4sti vaalean s\u00e4vyns\u00e4 ja kankaan laadun ajan my\u00f6t\u00e4<\/li>\n<\/ul>\n<h4>Helppo hoitaa<\/h4>\n<p>Hell\u00e4varainen k\u00e4sinpesu auttaa s\u00e4ilytt\u00e4m\u00e4\u00e4n huivin alkuper\u00e4isen ilmeen.<\/p>\n","protected":false},"excerpt":{"rendered":"<p><b>Enemm\u00e4n kuin tavallinen huivi \u2013 valmistettu ainutlaatuisesta bambukankaasta \u00e4\u00e4rimm\u00e4iseen mukavuuteen.<\/b><br \/>\nKevyt, pehme\u00e4 ja hengitt\u00e4v\u00e4 \u2013 takaa mukavuuden koko p\u00e4iv\u00e4ksi. Hento <b>Light Powder <\/b> s\u00e4vy huokuu hillitty\u00e4 hienostuneisuutta ja yhdist\u00e4\u00e4 vaaleanpunaiset vivahteet raikkaaseen ja kevyesti ylelliseen tunnelmaan. Monik\u00e4ytt\u00f6inen v\u00e4ri sopii niin arkeen kuin juhlapukeutumiseenkin.   <\/p>\n<p><b>Huom:<\/b> Erikoishinta t\u00e4m\u00e4n huivin oston yhteydess\u00e4 \u2013 saat eksklusiivisen <b>Supreme Hold Hijabin<\/b> alennettuun hintaan + <b>magneettineulat kaupan p\u00e4\u00e4lle!<\/b><\/p>\n","protected":false},"featured_media":18740,"comment_status":"open","ping_status":"closed","template":"","meta":[],"etheme_brands":[],"product_brand":[351],"product_cat":[176,174,478],"product_tag":[],"class_list":{"0":"post-18736","1":"product","2":"type-product","3":"status-publish","4":"has-post-thumbnail","6":"product_brand-simple-hijab","7":"product_cat-hijabs","8":"product_cat-muslim-clothing","9":"product_cat-scarves","10":"product_shipping_class-min-fi","12":"first","13":"outofstock","14":"shipping-taxable","15":"purchasable","16":"product-type-variable","17":"has-default-attributes"},"_links":{"self":[{"href":"https:\/\/garazastyle.com\/fi\/wp-json\/wp\/v2\/product\/18736","targetHints":{"allow":["GET"]}}],"collection":[{"href":"https:\/\/garazastyle.com\/fi\/wp-json\/wp\/v2\/product"}],"about":[{"href":"https:\/\/garazastyle.com\/fi\/wp-json\/wp\/v2\/types\/product"}],"replies":[{"embeddable":true,"href":"https:\/\/garazastyle.com\/fi\/wp-json\/wp\/v2\/comments?post=18736"}],"version-history":[{"count":0,"href":"https:\/\/garazastyle.com\/fi\/wp-json\/wp\/v2\/product\/18736\/revisions"}],"wp:featuredmedia":[{"embeddable":true,"href":"https:\/\/garazastyle.com\/fi\/wp-json\/wp\/v2\/media\/18740"}],"wp:attachment":[{"href":"https:\/\/garazastyle.com\/fi\/wp-json\/wp\/v2\/media?parent=18736"}],"wp:term":[{"taxonomy":"brand","embeddable":true,"href":"https:\/\/garazastyle.com\/fi\/wp-json\/wp\/v2\/etheme_brands?post=18736"},{"taxonomy":"product_brand","embeddable":true,"href":"https:\/\/garazastyle.com\/fi\/wp-json\/wp\/v2\/product_brand?post=18736"},{"taxonomy":"product_cat","embeddable":true,"href":"https:\/\/garazastyle.com\/fi\/wp-json\/wp\/v2\/product_cat?post=18736"},{"taxonomy":"product_tag","embeddable":true,"href":"https:\/\/garazastyle.com\/fi\/wp-json\/wp\/v2\/product_tag?post=18736"}],"curies":[{"name":"wp","href":"https:\/\/api.w.org\/{rel}","templated":true}]}}