{"id":18726,"date":"2025-02-04T16:19:16","date_gmt":"2025-02-04T14:19:16","guid":{"rendered":"https:\/\/wp3.garazastyle.com\/product\/hijab-scarf-powdery-mocha-bamboo-muslim-head-scarf-for-women-copy\/"},"modified":"2025-04-10T18:37:24","modified_gmt":"2025-04-10T15:37:24","slug":"peach-bamboo-hijab","status":"publish","type":"product","link":"https:\/\/garazastyle.com\/fi\/product\/peach-bamboo-hijab\/","title":{"rendered":"Persikans\u00e4vyinen Bambu-hijab"},"content":{"rendered":"<p>T\u00e4m\u00e4 <b>persikans\u00e4vyinen bambuhuivi<\/b> t\u00e4ydent\u00e4\u00e4 kauniisti mink\u00e4 tahansa asukokonaisuuden. Sen voi muotoilla klassiseksi hijabiksi, elegantiksi p\u00e4\u00e4hineeksi tai muodikkaaksi asusteeksi, lis\u00e4ten hienostuneen ja lempe\u00e4n s\u00e4v\u00e4yksen asukokonaisuuteen. Sen pehme\u00e4 ja l\u00e4mmin s\u00e4vy tekee siit\u00e4 loistavan valinnan niin arkeen kuin juhlaan.<\/p>\n<h4>Keskeiset ominaisuudet:<\/h4>\n<ul>\n<li><b>Koko:<\/b> 70 \u00d7 190 cm \u2013 t\u00e4ydellinen koko kaikkiin k\u00e4ytt\u00f6tapoihin.<\/li>\n<li><b>Materiaali:<\/b> Premium bambukangas.<\/li>\n<li><b>Kevyt ja pehme\u00e4:<\/b> H\u00f6yhenenkevyt ja hell\u00e4varainen iholle.<\/li>\n<li><b>Luonnolliset ominaisuudet:<\/b> Antibakteerinen ja hypoallergeeninen \u2013 ihanteellinen herk\u00e4lle iholle.<\/li>\n<li><b>Kest\u00e4vyys:<\/b> UV-suojattu, s\u00e4ilytt\u00e4\u00e4 pehme\u00e4n v\u00e4rins\u00e4 ja kankaan laadun pitk\u00e4\u00e4n.<\/li>\n<\/ul>\n<h4>Helppohoitoisuus<\/h4>\n<p>Hell\u00e4varainen k\u00e4sinpesu auttaa s\u00e4ilytt\u00e4m\u00e4\u00e4n huivin t\u00e4ydellisess\u00e4 kunnossa.<\/p>\n","protected":false},"excerpt":{"rendered":"<p><b>Enemm\u00e4n kuin tavallinen hijab \u2013 valmistettu ainutlaatuisesta bambukankaasta maksimaalista mukavuutta varten.<\/b> Kevyt, pehme\u00e4 ja hengitt\u00e4v\u00e4, takaa miellytt\u00e4v\u00e4n tunteen koko p\u00e4iv\u00e4n ajan. Herkk\u00e4 <b>persikans\u00e4vy<\/b> tuo l\u00e4mp\u00f6\u00e4 ja naisellisuutta, yhdist\u00e4en hienostuneisuuden ja monik\u00e4ytt\u00f6isyyden t\u00e4ydellisesti. Sopii niin arkipukeutumiseen kuin juhlahetkiin, tuoden asuun pehme\u00e4n ja kutsuvan s\u00e4v\u00e4yksen.<\/p>\n<p><b>Huomio:<\/b> Erikoishinta t\u00e4m\u00e4n hijabin oston yhteydess\u00e4 \u2013 Supreme Hold Hijab alennettuun hintaan + magneettiset huivineulat kaupan p\u00e4\u00e4lle.<\/p>\n","protected":false},"featured_media":18731,"comment_status":"open","ping_status":"closed","template":"","meta":[],"etheme_brands":[],"product_brand":[351],"product_cat":[176,174,478],"product_tag":[],"class_list":{"0":"post-18726","1":"product","2":"type-product","3":"status-publish","4":"has-post-thumbnail","6":"product_brand-simple-hijab","7":"product_cat-hijabs","8":"product_cat-muslim-clothing","9":"product_cat-scarves","10":"product_shipping_class-min-fi","12":"first","13":"instock","14":"shipping-taxable","15":"purchasable","16":"product-type-variable","17":"has-default-attributes"},"_links":{"self":[{"href":"https:\/\/garazastyle.com\/fi\/wp-json\/wp\/v2\/product\/18726","targetHints":{"allow":["GET"]}}],"collection":[{"href":"https:\/\/garazastyle.com\/fi\/wp-json\/wp\/v2\/product"}],"about":[{"href":"https:\/\/garazastyle.com\/fi\/wp-json\/wp\/v2\/types\/product"}],"replies":[{"embeddable":true,"href":"https:\/\/garazastyle.com\/fi\/wp-json\/wp\/v2\/comments?post=18726"}],"version-history":[{"count":0,"href":"https:\/\/garazastyle.com\/fi\/wp-json\/wp\/v2\/product\/18726\/revisions"}],"wp:featuredmedia":[{"embeddable":true,"href":"https:\/\/garazastyle.com\/fi\/wp-json\/wp\/v2\/media\/18731"}],"wp:attachment":[{"href":"https:\/\/garazastyle.com\/fi\/wp-json\/wp\/v2\/media?parent=18726"}],"wp:term":[{"taxonomy":"brand","embeddable":true,"href":"https:\/\/garazastyle.com\/fi\/wp-json\/wp\/v2\/etheme_brands?post=18726"},{"taxonomy":"product_brand","embeddable":true,"href":"https:\/\/garazastyle.com\/fi\/wp-json\/wp\/v2\/product_brand?post=18726"},{"taxonomy":"product_cat","embeddable":true,"href":"https:\/\/garazastyle.com\/fi\/wp-json\/wp\/v2\/product_cat?post=18726"},{"taxonomy":"product_tag","embeddable":true,"href":"https:\/\/garazastyle.com\/fi\/wp-json\/wp\/v2\/product_tag?post=18726"}],"curies":[{"name":"wp","href":"https:\/\/api.w.org\/{rel}","templated":true}]}}