{"id":18715,"date":"2025-02-04T16:19:19","date_gmt":"2025-02-04T14:19:19","guid":{"rendered":"https:\/\/wp3.garazastyle.com\/product\/hijab-scarf-powdery-nude-bamboo-muslim-head-scarf-for-women-copy\/"},"modified":"2025-04-10T18:36:45","modified_gmt":"2025-04-10T15:36:45","slug":"beige-bambu-hijab","status":"publish","type":"product","link":"https:\/\/garazastyle.com\/fi\/product\/beige-bambu-hijab\/","title":{"rendered":"Beige Bambu-hijab"},"content":{"rendered":"<p>T\u00e4m\u00e4 <b>beige bambuhuivi<\/b> t\u00e4ydent\u00e4\u00e4 tyylikk\u00e4\u00e4sti mink\u00e4 tahansa asukokonaisuuden. Sen voi muotoilla klassiseksi hijabiksi, elegantiksi p\u00e4\u00e4hineeksi tai muodikkaaksi asusteeksi, tuoden asuun l\u00e4mp\u00f6\u00e4 ja hienostuneisuutta. Sen neutraali s\u00e4vy tekee siit\u00e4 t\u00e4ydellisen valinnan sek\u00e4 arkeen ett\u00e4 juhlaan.<\/p>\n<h4>Keskeiset ominaisuudet:<\/h4>\n<ul>\n<li><b>Koko:<\/b> 70 \u00d7 190 cm \u2013 riitt\u00e4v\u00e4n suuri kauniiseen asetteluun.<\/li>\n<li><b>Materiaali:<\/b> Premium bambukangas.<\/li>\n<li><b>Kevyt ja pehme\u00e4:<\/b> H\u00f6yhenenkevyt ja hell\u00e4varainen iholle.<\/li>\n<li><b>Luonnolliset ominaisuudet:<\/b> Antibakteerinen ja hypoallergeeninen \u2013 ihanteellinen herk\u00e4lle iholle.<\/li>\n<li><b>Kest\u00e4vyys:<\/b> UV-suojattu, s\u00e4ilytt\u00e4\u00e4 l\u00e4mpim\u00e4n v\u00e4rin ja kankaan laadun pitk\u00e4\u00e4n.<\/li>\n<\/ul>\n<h4>Helppohoitoisuus<\/h4>\n<p>Hell\u00e4varainen k\u00e4sinpesu auttaa s\u00e4ilytt\u00e4m\u00e4\u00e4n huivin t\u00e4ydellisess\u00e4 kunnossa.<\/p>\n","protected":false},"excerpt":{"rendered":"<p><b>Enemm\u00e4n kuin tavallinen hijab \u2013 valmistettu ainutlaatuisesta bambukankaasta maksimaalista mukavuutta varten. <\/b>Kevyt, pehme\u00e4 ja hengitt\u00e4v\u00e4, takaa miellytt\u00e4v\u00e4n tunteen koko p\u00e4iv\u00e4n ajan. L\u00e4mmin beigen s\u00e4vy huokuu luonnollista eleganssia ja sopii vaivattomasti eri ihons\u00e4vyille ja asukokonaisuuksille. Monik\u00e4ytt\u00f6inen ja hienostunut \u2013 olennainen osa jokaisen musliminaisen vaatekaappia.<\/p>\n<p><b>Huomio:<\/b> Erikoishinta t\u00e4m\u00e4n hijabin oston yhteydess\u00e4 \u2013 Supreme Hold Hijab alennettuun hintaan + magneettiset huivineulat kaupan p\u00e4\u00e4lle.<\/p>\n","protected":false},"featured_media":18718,"comment_status":"open","ping_status":"closed","template":"","meta":[],"etheme_brands":[],"product_brand":[351],"product_cat":[176,174,478],"product_tag":[],"class_list":{"0":"post-18715","1":"product","2":"type-product","3":"status-publish","4":"has-post-thumbnail","6":"product_brand-simple-hijab","7":"product_cat-hijabs","8":"product_cat-muslim-clothing","9":"product_cat-scarves","10":"product_shipping_class-min-fi","12":"first","13":"instock","14":"shipping-taxable","15":"purchasable","16":"product-type-variable","17":"has-default-attributes"},"_links":{"self":[{"href":"https:\/\/garazastyle.com\/fi\/wp-json\/wp\/v2\/product\/18715","targetHints":{"allow":["GET"]}}],"collection":[{"href":"https:\/\/garazastyle.com\/fi\/wp-json\/wp\/v2\/product"}],"about":[{"href":"https:\/\/garazastyle.com\/fi\/wp-json\/wp\/v2\/types\/product"}],"replies":[{"embeddable":true,"href":"https:\/\/garazastyle.com\/fi\/wp-json\/wp\/v2\/comments?post=18715"}],"version-history":[{"count":0,"href":"https:\/\/garazastyle.com\/fi\/wp-json\/wp\/v2\/product\/18715\/revisions"}],"wp:featuredmedia":[{"embeddable":true,"href":"https:\/\/garazastyle.com\/fi\/wp-json\/wp\/v2\/media\/18718"}],"wp:attachment":[{"href":"https:\/\/garazastyle.com\/fi\/wp-json\/wp\/v2\/media?parent=18715"}],"wp:term":[{"taxonomy":"brand","embeddable":true,"href":"https:\/\/garazastyle.com\/fi\/wp-json\/wp\/v2\/etheme_brands?post=18715"},{"taxonomy":"product_brand","embeddable":true,"href":"https:\/\/garazastyle.com\/fi\/wp-json\/wp\/v2\/product_brand?post=18715"},{"taxonomy":"product_cat","embeddable":true,"href":"https:\/\/garazastyle.com\/fi\/wp-json\/wp\/v2\/product_cat?post=18715"},{"taxonomy":"product_tag","embeddable":true,"href":"https:\/\/garazastyle.com\/fi\/wp-json\/wp\/v2\/product_tag?post=18715"}],"curies":[{"name":"wp","href":"https:\/\/api.w.org\/{rel}","templated":true}]}}