{"id":18694,"date":"2025-02-04T16:19:36","date_gmt":"2025-02-04T14:19:36","guid":{"rendered":"https:\/\/wp3.garazastyle.com\/product\/khimar-set-with-skirt-aisha-copy\/"},"modified":"2025-03-23T14:48:03","modified_gmt":"2025-03-23T12:48:03","slug":"classic-khimar-skirt-set-aisha-grey","status":"publish","type":"product","link":"https:\/\/garazastyle.com\/fi\/product\/classic-khimar-skirt-set-aisha-grey\/","title":{"rendered":"Klassinen Khimar &#038; Hame Setti \u2013 Aisha Harmaa"},"content":{"rendered":"<h4>Laadukas kangas mukavuuteen<\/h4>\n<ul>\n<li><b>P\u00e4\u00e4kangas:<\/b> Setti on valmistettu <b>abaya-silkist\u00e4<\/b> \u2013 kankaasta, joka on suunniteltu erityisesti abayoiden, khimarien ja musliminaisten mekkojen valmistukseen.<br \/>\nSe on sile\u00e4, pehme\u00e4 ja siin\u00e4 on kaunis kiilto.<\/li>\n<li><b>Kankaan ominaisuudet:<\/b> Hengitt\u00e4vyys, kosteuden imeytyvyys ja keveys tekev\u00e4t t\u00e4st\u00e4 setist\u00e4 miellytt\u00e4v\u00e4n k\u00e4ytt\u00e4\u00e4 koko p\u00e4iv\u00e4n ajan.<\/li>\n<li><b>P\u00e4\u00e4n ja hihansuiden lis\u00e4osat:<\/b> Valmistettu pehme\u00e4st\u00e4 kankaasta Jersey, joka takaa lis\u00e4mukavuuden ja hengitt\u00e4vyyden.<br \/>\nKankaan koostumus: 62% viskoosi, 28% polyesteri, 10% elastaani. T\u00e4m\u00e4 yhdistelm\u00e4 tekee asusta kevyen, joustavan ja mukavan k\u00e4ytt\u00e4\u00e4.<\/li>\n<\/ul>\n<h4>Hoito-ohjeet<\/h4>\n<p>Pit\u00e4\u00e4ksesi settisi laadukkaana ja kest\u00e4v\u00e4n\u00e4, suosittelemme hell\u00e4varaista hoitoa. Pese <b>30\u00b0C<\/b> l\u00e4mp\u00f6tilassa <b>hell\u00e4varaisella pesuohjelmalla<\/b> s\u00e4ilytt\u00e4\u00e4ksesi kankaan rakenteen. K\u00e4sittele varoen, jotta vaate s\u00e4ilytt\u00e4\u00e4 alkuper\u00e4isen ulkon\u00e4k\u00f6ns\u00e4 pidemp\u00e4\u00e4n.<\/p>\n<p>Pysy itsevarmana ja mukavana <b>klassisen khimar &amp; hame -setin<\/b> kanssa \u2013 t\u00e4ydellinen yhdistelm\u00e4 vaatimattomuutta ja k\u00e4yt\u00e4nn\u00f6llisyytt\u00e4.<\/p>\n","protected":false},"excerpt":{"rendered":"<p>T\u00e4m\u00e4 setti yhdist\u00e4\u00e4 ylellisyyden ja k\u00e4yt\u00e4nn\u00f6llisyyden, luoden tyylikk\u00e4\u00e4n ilmeen joka tilanteeseen. Kevyt ja hengitt\u00e4v\u00e4 kangas tuntuu miellytt\u00e4v\u00e4lt\u00e4 iholla ja takaa mukavuuden koko p\u00e4iv\u00e4n ajan. Aisha Harmaa &#8211; setti sopii kaikkiin vuodenaikoihin ja mukautuu helposti sek\u00e4 arkeen ett\u00e4 juhlaan.<\/p>\n<p><b>Huomio:<\/b> Erikoishinta t\u00e4m\u00e4n setin oston yhteydess\u00e4 \u2013 <b>Supreme Hold Hijab<\/b> alennettuun hintaan + magneettiset huivineulat <b>kaupan p\u00e4\u00e4lle<\/b>.<\/p>\n","protected":false},"featured_media":18698,"comment_status":"open","ping_status":"closed","template":"","meta":[],"etheme_brands":[],"product_brand":[],"product_cat":[177,174],"product_tag":[],"class_list":{"0":"post-18694","1":"product","2":"type-product","3":"status-publish","4":"has-post-thumbnail","6":"product_cat-khimars","7":"product_cat-muslim-clothing","8":"product_shipping_class-max-fi","10":"first","11":"outofstock","12":"shipping-taxable","13":"purchasable","14":"product-type-variable","15":"has-default-attributes"},"_links":{"self":[{"href":"https:\/\/garazastyle.com\/fi\/wp-json\/wp\/v2\/product\/18694","targetHints":{"allow":["GET"]}}],"collection":[{"href":"https:\/\/garazastyle.com\/fi\/wp-json\/wp\/v2\/product"}],"about":[{"href":"https:\/\/garazastyle.com\/fi\/wp-json\/wp\/v2\/types\/product"}],"replies":[{"embeddable":true,"href":"https:\/\/garazastyle.com\/fi\/wp-json\/wp\/v2\/comments?post=18694"}],"version-history":[{"count":0,"href":"https:\/\/garazastyle.com\/fi\/wp-json\/wp\/v2\/product\/18694\/revisions"}],"wp:featuredmedia":[{"embeddable":true,"href":"https:\/\/garazastyle.com\/fi\/wp-json\/wp\/v2\/media\/18698"}],"wp:attachment":[{"href":"https:\/\/garazastyle.com\/fi\/wp-json\/wp\/v2\/media?parent=18694"}],"wp:term":[{"taxonomy":"brand","embeddable":true,"href":"https:\/\/garazastyle.com\/fi\/wp-json\/wp\/v2\/etheme_brands?post=18694"},{"taxonomy":"product_brand","embeddable":true,"href":"https:\/\/garazastyle.com\/fi\/wp-json\/wp\/v2\/product_brand?post=18694"},{"taxonomy":"product_cat","embeddable":true,"href":"https:\/\/garazastyle.com\/fi\/wp-json\/wp\/v2\/product_cat?post=18694"},{"taxonomy":"product_tag","embeddable":true,"href":"https:\/\/garazastyle.com\/fi\/wp-json\/wp\/v2\/product_tag?post=18694"}],"curies":[{"name":"wp","href":"https:\/\/api.w.org\/{rel}","templated":true}]}}