{"id":18687,"date":"2025-02-04T16:19:39","date_gmt":"2025-02-04T14:19:39","guid":{"rendered":"https:\/\/wp3.garazastyle.com\/product\/khimar-set-with-skirt-aisha-copy-1\/"},"modified":"2025-06-05T22:19:01","modified_gmt":"2025-06-05T19:19:01","slug":"classic-khimar-skirt-set-aisha-black","status":"publish","type":"product","link":"https:\/\/garazastyle.com\/fi\/product\/classic-khimar-skirt-set-aisha-black\/","title":{"rendered":"Klassinen Khimar &amp; Hame Setti \u2013 Aisha Musta"},"content":{"rendered":"<h3 data-start=\"269\" data-end=\"316\">Ensiluokkainen kangas eleganssia ja mukavuutta varten<\/h3>\n<ul data-start=\"317\" data-end=\"756\">\n<li data-start=\"317\" data-end=\"457\"><strong data-start=\"319\" data-end=\"335\">P\u00e4\u00e4kangas:<\/strong> Setti on valmistettu <strong data-start=\"360\" data-end=\"374\">abaya-silkist\u00e4<\/strong>, joka tarjoaa <strong data-start=\"388\" data-end=\"437\">elegantin ulkon\u00e4\u00f6n ja ylellisen pehme\u00e4n<\/strong> tunteen ihoa vasten.<\/li>\n<li data-start=\"458\" data-end=\"756\"><strong data-start=\"460\" data-end=\"484\">P\u00e4\u00e4n ja hihansuiden sis\u00e4kankaat:<\/strong> Valmistettu pehme\u00e4st\u00e4 <strong data-start=\"495\" data-end=\"521\">Kalifornia-kankaasta<\/strong> \u2013 lis\u00e4\u00e4v\u00e4t hengitt\u00e4vyytt\u00e4 ja k\u00e4ytt\u00f6mukavuutta. <strong data-start=\"545\" data-end=\"583\">Koostumus:<\/strong> <strong data-start=\"598\" data-end=\"646\">62\u202f% viskoosia, 28\u202f% polyesteri\u00e4, 10\u202f% elastaania.<\/strong> T\u00e4m\u00e4 yhdistelm\u00e4 tekee asusta <strong data-start=\"657\" data-end=\"689\">kevyen ja joustavan<\/strong>, tuoden samalla <strong data-start=\"703\" data-end=\"739\">hienostuneisuutta ja k\u00e4yt\u00e4nn\u00f6llisyytt\u00e4<\/strong> kokonaisuuteen. <\/li>\n<\/ul>\n<h3 data-start=\"758\" data-end=\"785\">Hoito-ohjeet<\/h3>\n<p data-start=\"786\" data-end=\"883\">Jotta setin<strong data-start=\"802\" data-end=\"838\"> laatu ja k\u00e4ytt\u00f6ik\u00e4<\/strong> s\u00e4ilyisiv\u00e4t moitteettomina, suosittelemme hell\u00e4varaista <strong data-start=\"865\" data-end=\"880\">hoitoa:<\/strong><\/p>\n<ul data-start=\"884\" data-end=\"1019\">\n<li data-start=\"884\" data-end=\"964\"><strong data-start=\"908\" data-end=\"926\">Pese<\/strong> <strong data-start=\"894\" data-end=\"902\">30\u202f\u00b0C<\/strong> l\u00e4mp\u00f6tilassa hell\u00e4varaisella pesuohjelmalla s\u00e4ilytt\u00e4\u00e4ksesi kankaan rakenteen.<\/li>\n<li data-start=\"965\" data-end=\"1019\">K\u00e4sittele varoen, jotta vaate kest\u00e4\u00e4 pitk\u00e4\u00e4n.<\/li>\n<\/ul>\n<p data-start=\"1021\" data-end=\"1164\">Pysy huolettoman tyylikk\u00e4\u00e4n\u00e4 ja mukavasti pukeutuneena <strong data-start=\"1070\" data-end=\"1096\">Classic Khimar &amp; Hame setiss\u00e4<\/strong> \u2013 t\u00e4ydellinen yhdistelm\u00e4 <strong data-start=\"1122\" data-end=\"1161\">vaatimattomuutta, eleganssia ja k\u00e4yt\u00e4nn\u00f6llisyytt\u00e4.<\/strong><\/p>\n","protected":false},"excerpt":{"rendered":"<p>Uusi Khimar &amp; Hame settimme on suunniteltu pit\u00e4m\u00e4\u00e4n sinut viile\u00e4n\u00e4 ja mukavana my\u00f6s auringossa.<br \/>Ilmava ja kevyt kangas tuo raikkaan tunteen ja tekee siit\u00e4 ihanteellisen valinnan ulkoiluun ja l\u00e4mpimiin s\u00e4ihin. <\/p>\n","protected":false},"featured_media":18692,"comment_status":"open","ping_status":"closed","template":"","meta":[],"etheme_brands":[],"product_brand":[],"product_cat":[177,174],"product_tag":[],"class_list":{"0":"post-18687","1":"product","2":"type-product","3":"status-publish","4":"has-post-thumbnail","6":"product_cat-khimars","7":"product_cat-muslim-clothing","8":"product_shipping_class-max-fi","10":"first","11":"instock","12":"shipping-taxable","13":"purchasable","14":"product-type-variable","15":"has-default-attributes"},"_links":{"self":[{"href":"https:\/\/garazastyle.com\/fi\/wp-json\/wp\/v2\/product\/18687","targetHints":{"allow":["GET"]}}],"collection":[{"href":"https:\/\/garazastyle.com\/fi\/wp-json\/wp\/v2\/product"}],"about":[{"href":"https:\/\/garazastyle.com\/fi\/wp-json\/wp\/v2\/types\/product"}],"replies":[{"embeddable":true,"href":"https:\/\/garazastyle.com\/fi\/wp-json\/wp\/v2\/comments?post=18687"}],"version-history":[{"count":0,"href":"https:\/\/garazastyle.com\/fi\/wp-json\/wp\/v2\/product\/18687\/revisions"}],"wp:featuredmedia":[{"embeddable":true,"href":"https:\/\/garazastyle.com\/fi\/wp-json\/wp\/v2\/media\/18692"}],"wp:attachment":[{"href":"https:\/\/garazastyle.com\/fi\/wp-json\/wp\/v2\/media?parent=18687"}],"wp:term":[{"taxonomy":"brand","embeddable":true,"href":"https:\/\/garazastyle.com\/fi\/wp-json\/wp\/v2\/etheme_brands?post=18687"},{"taxonomy":"product_brand","embeddable":true,"href":"https:\/\/garazastyle.com\/fi\/wp-json\/wp\/v2\/product_brand?post=18687"},{"taxonomy":"product_cat","embeddable":true,"href":"https:\/\/garazastyle.com\/fi\/wp-json\/wp\/v2\/product_cat?post=18687"},{"taxonomy":"product_tag","embeddable":true,"href":"https:\/\/garazastyle.com\/fi\/wp-json\/wp\/v2\/product_tag?post=18687"}],"curies":[{"name":"wp","href":"https:\/\/api.w.org\/{rel}","templated":true}]}}