{"id":18674,"date":"2025-02-04T16:19:40","date_gmt":"2025-02-04T14:19:40","guid":{"rendered":"https:\/\/wp3.garazastyle.com\/product\/khimar-set-with-skirt-dark-gray-aisha\/"},"modified":"2025-03-23T14:45:35","modified_gmt":"2025-03-23T12:45:35","slug":"khimar-skirt-aisha-dark-grey","status":"publish","type":"product","link":"https:\/\/garazastyle.com\/fi\/product\/khimar-skirt-aisha-dark-grey\/","title":{"rendered":"Khimar ja hame \u2013 Aisha Tummanharmaa"},"content":{"rendered":"<p>Hame on suunniteltu <b>puolileve\u00e4ll\u00e4 leikkauksella<\/b>, jonka ansiosta se laskeutuu kauniisti liikkeess\u00e4 ja tuntuu kevyelt\u00e4 ja mukavalta. <b>Yleismallinen istuvuus sopii jopa XXL-kokoihin<\/b>, tarjoten rennon mutta huolitellun istuvuuden.<\/p>\n<h4>P\u00e4\u00e4- ja hihansuun lis\u00e4osat:<\/h4>\n<p>Valmistettu pehme\u00e4st\u00e4 Jersey kankaasta, joka takaa keveyden ja mukavuuden. Kankaan koostumus: 62% viskoosi, 28% polyesteri, 10% elastaani. N\u00e4m\u00e4 yksityiskohdat lis\u00e4\u00e4v\u00e4t k\u00e4yt\u00e4nn\u00f6llisyytt\u00e4 ja tekev\u00e4t setist\u00e4 entist\u00e4 mukavamman k\u00e4ytt\u00e4\u00e4.<\/p>\n<h4>Hoito-ohjeet:<\/h4>\n<p>Pese hell\u00e4varaisesti, jotta setti s\u00e4ilytt\u00e4\u00e4 kauniin ulkon\u00e4k\u00f6ns\u00e4. Pesu <b>30\u00b0C<\/b> l\u00e4mp\u00f6tilassa auttaa s\u00e4ilytt\u00e4m\u00e4\u00e4n kankaan laadun ja pident\u00e4m\u00e4\u00e4n vaatteen k\u00e4ytt\u00f6ik\u00e4\u00e4.<\/p>\n","protected":false},"excerpt":{"rendered":"<p><strong>Mukava ja k\u00e4yt\u00e4nn\u00f6llinen asukokonaisuus jokap\u00e4iv\u00e4iseen k\u00e4ytt\u00f6\u00f6n. <\/strong>T\u00e4m\u00e4 setti on valmistettu laadukkaasta kreppikankaasta, joka tuntuu pehme\u00e4lt\u00e4 ja mahdollistaa sulavan liikkeen. Kevyt mutta j\u00e4m\u00e4kk\u00e4 materiaali hengitt\u00e4\u00e4 hyvin ja tuntuu miellytt\u00e4v\u00e4lt\u00e4 koko p\u00e4iv\u00e4n ajan, s\u00e4ilytt\u00e4en samalla vaatimattoman ja huolitellun siluetin. Aisha Tummanharmaa -setti sopii mihin tahansa vuodenaikaan ja mukautuu vaivattomasti erilaisiin tilaisuuksiin.<\/p>\n<p><b>Huomio:<\/b> Erikoishinta t\u00e4m\u00e4n setin oston yhteydess\u00e4 \u2013 <b>Supreme Hold Hijab<\/b> alennettuun hintaan + magneettiset huivineulat <b>kaupan p\u00e4\u00e4lle<\/b>.<\/p>\n","protected":false},"featured_media":18685,"comment_status":"open","ping_status":"closed","template":"","meta":[],"etheme_brands":[],"product_brand":[],"product_cat":[177,174],"product_tag":[],"class_list":{"0":"post-18674","1":"product","2":"type-product","3":"status-publish","4":"has-post-thumbnail","6":"product_cat-khimars","7":"product_cat-muslim-clothing","8":"product_shipping_class-max-fi","10":"first","11":"outofstock","12":"shipping-taxable","13":"purchasable","14":"product-type-variable","15":"has-default-attributes"},"_links":{"self":[{"href":"https:\/\/garazastyle.com\/fi\/wp-json\/wp\/v2\/product\/18674","targetHints":{"allow":["GET"]}}],"collection":[{"href":"https:\/\/garazastyle.com\/fi\/wp-json\/wp\/v2\/product"}],"about":[{"href":"https:\/\/garazastyle.com\/fi\/wp-json\/wp\/v2\/types\/product"}],"replies":[{"embeddable":true,"href":"https:\/\/garazastyle.com\/fi\/wp-json\/wp\/v2\/comments?post=18674"}],"version-history":[{"count":0,"href":"https:\/\/garazastyle.com\/fi\/wp-json\/wp\/v2\/product\/18674\/revisions"}],"wp:featuredmedia":[{"embeddable":true,"href":"https:\/\/garazastyle.com\/fi\/wp-json\/wp\/v2\/media\/18685"}],"wp:attachment":[{"href":"https:\/\/garazastyle.com\/fi\/wp-json\/wp\/v2\/media?parent=18674"}],"wp:term":[{"taxonomy":"brand","embeddable":true,"href":"https:\/\/garazastyle.com\/fi\/wp-json\/wp\/v2\/etheme_brands?post=18674"},{"taxonomy":"product_brand","embeddable":true,"href":"https:\/\/garazastyle.com\/fi\/wp-json\/wp\/v2\/product_brand?post=18674"},{"taxonomy":"product_cat","embeddable":true,"href":"https:\/\/garazastyle.com\/fi\/wp-json\/wp\/v2\/product_cat?post=18674"},{"taxonomy":"product_tag","embeddable":true,"href":"https:\/\/garazastyle.com\/fi\/wp-json\/wp\/v2\/product_tag?post=18674"}],"curies":[{"name":"wp","href":"https:\/\/api.w.org\/{rel}","templated":true}]}}