{"id":18661,"date":"2025-02-04T16:19:41","date_gmt":"2025-02-04T14:19:41","guid":{"rendered":"https:\/\/wp3.garazastyle.com\/product\/khimar-with-skirt-muslim-dress\/"},"modified":"2025-05-28T13:12:17","modified_gmt":"2025-05-28T10:12:17","slug":"khimar-skirt-aisha-brown","status":"publish","type":"product","link":"https:\/\/garazastyle.com\/fi\/product\/khimar-skirt-aisha-brown\/","title":{"rendered":"Khimar ja hame \u2013 Aisha Ruskea"},"content":{"rendered":"<p>Valmistettu korkealaatuisesta kreppikankaasta, t\u00e4m\u00e4 setti tarjoaa pehme\u00e4n ja hienostuneen pinnan, joka korostaa kevytt\u00e4 liikkuvuutta ja vaivatonta k\u00e4ytt\u00f6\u00e4. Kevyt mutta ryhdik\u00e4s materiaali takaa hengitt\u00e4vyyden ja mukavuuden koko p\u00e4iv\u00e4n ajan, s\u00e4ilytt\u00e4en samalla peitt\u00e4v\u00e4n ja huolitellun siluetin. T\u00e4ydellinen valinta kaikkiin tilanteisiin \u2013 Aisha Brown -khimar- ja hamesetti yhdist\u00e4\u00e4 k\u00e4yt\u00e4nn\u00f6llisyyden ja ajattoman eleganssin, sopien vaivattomasti jokaiseen vuodenaikaan.  <\/p>\n<p>P\u00e4\u00e4n ja hihansuiden sis\u00e4kankaat: Valmistettu pehme\u00e4st\u00e4 Kalifornia-kankaasta, joka tuo keveytt\u00e4 ja k\u00e4ytt\u00f6mukavuutta. Materiaalikoostumus: 62\u202f% viskoosia, 28\u202f% polyesteri\u00e4, 10\u202f% elastaania.<br \/>N\u00e4m\u00e4 yksityiskohdat lis\u00e4\u00e4v\u00e4t asuun hienostuneisuutta ja toiminnallisuutta, parantaen k\u00e4ytt\u00f6kokemusta.  <\/p>\n<p>Hoito-ohjeet: Jotta setti pysyy kauniina pitk\u00e4\u00e4n, suosittelemme hell\u00e4varaista hoitoa.<\/p>\n<p>Pesu 30\u202f\u00b0C l\u00e4mp\u00f6tilassa auttaa s\u00e4ilytt\u00e4m\u00e4\u00e4n kankaan laadun ja pident\u00e4\u00e4 vaatteen k\u00e4ytt\u00f6ik\u00e4\u00e4.<\/p>\n","protected":false},"excerpt":{"rendered":"<p>Khimar ja hamesetti \u2013 Aisha Brown on tyylik\u00e4s ja monik\u00e4ytt\u00f6inen kokonaisuus, joka on suunniteltu ymp\u00e4rivuotiseen k\u00e4ytt\u00f6\u00f6n \u2013 my\u00f6s talveksi. Se yhdist\u00e4\u00e4 vaatimattomuuden ja modernin hienostuneisuuden, tarjoten sek\u00e4 mukavuutta ett\u00e4 eleganssia \u2013 t\u00e4ydellinen lis\u00e4 jokaisen vaatekaappiin. <\/p>\n","protected":false},"featured_media":18662,"comment_status":"open","ping_status":"closed","template":"","meta":[],"etheme_brands":[],"product_brand":[],"product_cat":[177,174],"product_tag":[],"class_list":{"0":"post-18661","1":"product","2":"type-product","3":"status-publish","4":"has-post-thumbnail","6":"product_cat-khimars","7":"product_cat-muslim-clothing","8":"product_shipping_class-max-fi","10":"first","11":"outofstock","12":"shipping-taxable","13":"purchasable","14":"product-type-variable","15":"has-default-attributes"},"_links":{"self":[{"href":"https:\/\/garazastyle.com\/fi\/wp-json\/wp\/v2\/product\/18661","targetHints":{"allow":["GET"]}}],"collection":[{"href":"https:\/\/garazastyle.com\/fi\/wp-json\/wp\/v2\/product"}],"about":[{"href":"https:\/\/garazastyle.com\/fi\/wp-json\/wp\/v2\/types\/product"}],"replies":[{"embeddable":true,"href":"https:\/\/garazastyle.com\/fi\/wp-json\/wp\/v2\/comments?post=18661"}],"version-history":[{"count":0,"href":"https:\/\/garazastyle.com\/fi\/wp-json\/wp\/v2\/product\/18661\/revisions"}],"wp:featuredmedia":[{"embeddable":true,"href":"https:\/\/garazastyle.com\/fi\/wp-json\/wp\/v2\/media\/18662"}],"wp:attachment":[{"href":"https:\/\/garazastyle.com\/fi\/wp-json\/wp\/v2\/media?parent=18661"}],"wp:term":[{"taxonomy":"brand","embeddable":true,"href":"https:\/\/garazastyle.com\/fi\/wp-json\/wp\/v2\/etheme_brands?post=18661"},{"taxonomy":"product_brand","embeddable":true,"href":"https:\/\/garazastyle.com\/fi\/wp-json\/wp\/v2\/product_brand?post=18661"},{"taxonomy":"product_cat","embeddable":true,"href":"https:\/\/garazastyle.com\/fi\/wp-json\/wp\/v2\/product_cat?post=18661"},{"taxonomy":"product_tag","embeddable":true,"href":"https:\/\/garazastyle.com\/fi\/wp-json\/wp\/v2\/product_tag?post=18661"}],"curies":[{"name":"wp","href":"https:\/\/api.w.org\/{rel}","templated":true}]}}