{"id":18653,"date":"2025-02-04T16:19:51","date_gmt":"2025-02-04T14:19:51","guid":{"rendered":"https:\/\/wp3.garazastyle.com\/product\/emerland\/"},"modified":"2025-03-17T20:32:33","modified_gmt":"2025-03-17T18:32:33","slug":"emerland","status":"publish","type":"product","link":"https:\/\/garazastyle.com\/fi\/product\/emerland\/","title":{"rendered":"Tunika ja maksihame \u2013 Smaragdi"},"content":{"rendered":"<h3>Koot:<\/h3>\n<ul>\n<li>Sopii kokoihin XS, S, M, L.<\/li>\n<li>Hameen pituus: <b>108 cm<\/b>.<\/li>\n<li>Hihan pituus olkap\u00e4\u00e4st\u00e4: <b>60 cm<\/b>.<\/li>\n<li>Rinnanymp\u00e4rys: <b>120 cm<\/b>.<\/li>\n<li>Helman leveys: <b>3 metri\u00e4<\/b>.<\/li>\n<\/ul>\n<h3>Kankaan koostumus:<\/h3>\n<ul>\n<li>67% kupro, 33% silkki.<\/li>\n<\/ul>\n<h3>Hoito-ohjeet:<\/h3>\n<p>Kuprokankaita ei tule pest\u00e4 yhdess\u00e4 muiden luonnon- tai synteettisten materiaalien kanssa.<br \/>\nOptimaalinen pesul\u00e4mp\u00f6tila on enint\u00e4\u00e4n <b>40\u00b0C<\/b>.<br \/>\nSek\u00e4 k\u00e4sinpesu ett\u00e4 konepesu hell\u00e4varaisella ohjelmalla ovat sallittuja.<br \/>\nK\u00e4yt\u00e4 mietoja pesuaineita, jotka on suunniteltu herkille kankaille.<br \/>\nV\u00e4lt\u00e4 valkaisuaineita ja huuhteluaineita, sill\u00e4 ne voivat vahingoittaa kuituja.<br \/>\nPesun j\u00e4lkeen muotoile vaate varovasti ja anna sen kuivua tasolla, poissa suorasta auringonvalosta.<br \/>\nSilit\u00e4 tarvittaessa matalalla l\u00e4mm\u00f6ll\u00e4 k\u00e4ytt\u00e4en suojakangasta.  <\/p>\n","protected":false},"excerpt":{"rendered":"<h4>Koe mukavuus ja keveys hienostuneessa kupro &#8211; silkkisetiss\u00e4.<\/h4>\n<p>T\u00e4m\u00e4 asukokonaisuus yhdist\u00e4\u00e4 k\u00e4yt\u00e4nn\u00f6llisyyden ja mukavuuden. Puolipy\u00f6re\u00e4 maksihame laskeutuu kauniisti ja mahdollistaa kevyen liikkeen jokaisella askeleella. Sen klassinen siluetti tekee siit\u00e4 monipuolisen valinnan mihin tahansa tilaisuuteen. V\u00e4lj\u00e4sti istuva tunika, jossa on leve\u00e4t hihansuut, tuo modernin ilmeen ja maksimaalisen k\u00e4ytt\u00f6mukavuuden. T\u00e4m\u00e4 setti sopii t\u00e4ydellisesti sek\u00e4 arkeen ett\u00e4 erityisiin tilaisuuksiin.  <\/p>\n<p><b>Huomio:<\/b> Erikoishinta t\u00e4m\u00e4n setin oston yhteydess\u00e4 \u2013 <b>Supreme Hold Hijab<\/b> alennettuun hintaan + magneettiset huivineulat <b>kaupan p\u00e4\u00e4lle<\/b>.  <\/p>\n","protected":false},"featured_media":18659,"comment_status":"open","ping_status":"closed","template":"","meta":[],"etheme_brands":[],"product_brand":[],"product_cat":[174,399],"product_tag":[],"class_list":{"0":"post-18653","1":"product","2":"type-product","3":"status-publish","4":"has-post-thumbnail","6":"product_cat-muslim-clothing","7":"product_cat-modest-skirts","8":"product_shipping_class-max-fi","10":"first","11":"outofstock","12":"shipping-taxable","13":"product-type-variable","14":"has-default-attributes"},"_links":{"self":[{"href":"https:\/\/garazastyle.com\/fi\/wp-json\/wp\/v2\/product\/18653","targetHints":{"allow":["GET"]}}],"collection":[{"href":"https:\/\/garazastyle.com\/fi\/wp-json\/wp\/v2\/product"}],"about":[{"href":"https:\/\/garazastyle.com\/fi\/wp-json\/wp\/v2\/types\/product"}],"replies":[{"embeddable":true,"href":"https:\/\/garazastyle.com\/fi\/wp-json\/wp\/v2\/comments?post=18653"}],"version-history":[{"count":0,"href":"https:\/\/garazastyle.com\/fi\/wp-json\/wp\/v2\/product\/18653\/revisions"}],"wp:featuredmedia":[{"embeddable":true,"href":"https:\/\/garazastyle.com\/fi\/wp-json\/wp\/v2\/media\/18659"}],"wp:attachment":[{"href":"https:\/\/garazastyle.com\/fi\/wp-json\/wp\/v2\/media?parent=18653"}],"wp:term":[{"taxonomy":"brand","embeddable":true,"href":"https:\/\/garazastyle.com\/fi\/wp-json\/wp\/v2\/etheme_brands?post=18653"},{"taxonomy":"product_brand","embeddable":true,"href":"https:\/\/garazastyle.com\/fi\/wp-json\/wp\/v2\/product_brand?post=18653"},{"taxonomy":"product_cat","embeddable":true,"href":"https:\/\/garazastyle.com\/fi\/wp-json\/wp\/v2\/product_cat?post=18653"},{"taxonomy":"product_tag","embeddable":true,"href":"https:\/\/garazastyle.com\/fi\/wp-json\/wp\/v2\/product_tag?post=18653"}],"curies":[{"name":"wp","href":"https:\/\/api.w.org\/{rel}","templated":true}]}}