{"id":18647,"date":"2025-02-04T16:19:54","date_gmt":"2025-02-04T14:19:54","guid":{"rendered":"https:\/\/wp3.garazastyle.com\/product\/muslim-dress-for-women-black-oasis-abaya-dress-style-copy\/"},"modified":"2025-03-23T15:14:56","modified_gmt":"2025-03-23T13:14:56","slug":"tunic-maxi-skirt-samira","status":"publish","type":"product","link":"https:\/\/garazastyle.com\/fi\/product\/tunic-maxi-skirt-samira\/","title":{"rendered":"Tunika ja maksihame \u2013 Samira"},"content":{"rendered":"<h3>Tunika:<\/h3>\n<ul>\n<li>Suora leikkaus sivuhalkioilla \u2013 halkion pituus: <b>66 cm<\/b>.<\/li>\n<li>Pituus: <b>132 cm<\/b>.<\/li>\n<li>Hihan pituus (p\u00e4\u00e4ntielt\u00e4): <b>74 cm<\/b>.<\/li>\n<li>Rinnanymp\u00e4rys: <b>160 cm<\/b>.<\/li>\n<\/ul>\n<h3>Maksihame:<\/h3>\n<ul>\n<li>Puolileve\u00e4 leikkaus mukavaan istuvuuteen.<\/li>\n<li>Pituus: <b>105 cm<\/b>.<\/li>\n<\/ul>\n<h3>Hoito-ohjeet:<\/h3>\n<p>Pese <b>30\u00b0C<\/b> l\u00e4mp\u00f6tilassa k\u00e4sinpesuohjelmalla.<\/p>\n","protected":false},"excerpt":{"rendered":"<p><strong>Mukava ja k\u00e4yt\u00e4nn\u00f6llinen asukokonaisuus kaikkiin tilanteisiin. <\/strong>Kevyt maksihame korostaa naisellisuutta, kun taas rennon istuvuuden tarjoava tunika luo mukavan siluetin. T\u00e4m\u00e4 setti sopii t\u00e4ydellisesti sek\u00e4 arkeen ett\u00e4 erityisiin tilaisuuksiin.<\/p>\n<p><b>Huomio:<\/b> Erikoishinta t\u00e4m\u00e4n setin oston yhteydess\u00e4 \u2013 <b>Supreme Hold Hijab<\/b> alennettuun hintaan + magneettiset huivineulat <b>kaupan p\u00e4\u00e4lle<\/b>.<\/p>\n","protected":false},"featured_media":18651,"comment_status":"open","ping_status":"closed","template":"","meta":[],"etheme_brands":[],"product_brand":[],"product_cat":[174,399],"product_tag":[],"class_list":{"0":"post-18647","1":"product","2":"type-product","3":"status-publish","4":"has-post-thumbnail","6":"product_cat-muslim-clothing","7":"product_cat-modest-skirts","8":"product_shipping_class-max-fi","10":"first","11":"outofstock","12":"sale","13":"shipping-taxable","14":"purchasable","15":"product-type-variable","16":"has-default-attributes"},"_links":{"self":[{"href":"https:\/\/garazastyle.com\/fi\/wp-json\/wp\/v2\/product\/18647","targetHints":{"allow":["GET"]}}],"collection":[{"href":"https:\/\/garazastyle.com\/fi\/wp-json\/wp\/v2\/product"}],"about":[{"href":"https:\/\/garazastyle.com\/fi\/wp-json\/wp\/v2\/types\/product"}],"replies":[{"embeddable":true,"href":"https:\/\/garazastyle.com\/fi\/wp-json\/wp\/v2\/comments?post=18647"}],"version-history":[{"count":0,"href":"https:\/\/garazastyle.com\/fi\/wp-json\/wp\/v2\/product\/18647\/revisions"}],"wp:featuredmedia":[{"embeddable":true,"href":"https:\/\/garazastyle.com\/fi\/wp-json\/wp\/v2\/media\/18651"}],"wp:attachment":[{"href":"https:\/\/garazastyle.com\/fi\/wp-json\/wp\/v2\/media?parent=18647"}],"wp:term":[{"taxonomy":"brand","embeddable":true,"href":"https:\/\/garazastyle.com\/fi\/wp-json\/wp\/v2\/etheme_brands?post=18647"},{"taxonomy":"product_brand","embeddable":true,"href":"https:\/\/garazastyle.com\/fi\/wp-json\/wp\/v2\/product_brand?post=18647"},{"taxonomy":"product_cat","embeddable":true,"href":"https:\/\/garazastyle.com\/fi\/wp-json\/wp\/v2\/product_cat?post=18647"},{"taxonomy":"product_tag","embeddable":true,"href":"https:\/\/garazastyle.com\/fi\/wp-json\/wp\/v2\/product_tag?post=18647"}],"curies":[{"name":"wp","href":"https:\/\/api.w.org\/{rel}","templated":true}]}}