{"id":18639,"date":"2025-02-04T16:19:55","date_gmt":"2025-02-04T14:19:55","guid":{"rendered":"https:\/\/wp3.garazastyle.com\/product\/long-maxi-skirt-with-tunic-hijab-style-copy\/"},"modified":"2025-04-02T18:38:44","modified_gmt":"2025-04-02T15:38:44","slug":"tunic-maxi-skirt-sara","status":"publish","type":"product","link":"https:\/\/garazastyle.com\/fi\/product\/tunic-maxi-skirt-sara\/","title":{"rendered":"Tunika ja maksihame \u2013 Sara"},"content":{"rendered":"<h3>Tunika:<\/h3>\n<ul>\n<li>V\u00e4lj\u00e4 istuvuus ja siisti pystykaulus hienostuneeseen tyyliin.<\/li>\n<li>Tunikan pituus: <b>82 cm<\/b>, t\u00e4ydellinen yhdistelm\u00e4 hameen kanssa.<\/li>\n<li>Sivuhalkiot lis\u00e4\u00e4v\u00e4t mukavuutta ja liikkumisvapautta.<\/li>\n<li>Hihat on suunniteltu rennolla istuvuudella ja tyylikk\u00e4ill\u00e4 mansettidetaljeilla.<\/li>\n<\/ul>\n<h3>Maksihame:<\/h3>\n<ul>\n<li>Trapezimallinen leikkaus takaa rennon ja imartelevan istuvuuden.<\/li>\n<li>Mukava joustava vy\u00f6t\u00e4r\u00f6nauha t\u00e4ydelliseen istuvuuteen.<\/li>\n<li>Pituus: <b>105 cm<\/b>.<\/li>\n<\/ul>\n<p>Valmistettu korkealaatuisesta kolmikerroksisesta college-kankaasta, joka on pehme\u00e4, kest\u00e4v\u00e4 ja miellytt\u00e4v\u00e4 iholla, tarjoten mukavuutta ja pitk\u00e4ik\u00e4isyytt\u00e4. T\u00e4ydellinen sek\u00e4 arkeen ett\u00e4 erityistilaisuuksiin. Yhdist\u00e4\u00e4 tyylin, mukavuuden ja laadukkaan viimeistelyn. Monik\u00e4ytt\u00f6inen ja ajaton lis\u00e4 vaatekaappiisi.<\/p>\n","protected":false},"excerpt":{"rendered":"<p><strong>Koe mukavuus Sara &#8211; setiss\u00e4. <\/strong>T\u00e4m\u00e4 setti on suunniteltu liikkumisen vapauteen ja k\u00e4yt\u00e4nn\u00f6llisyyteen, yhdist\u00e4en toiminnallisuuden ja hienostuneen tyylin. Se sopii niin arkik\u00e4ytt\u00f6\u00f6n kuin muodollisempiinkin tilaisuuksiin. Olipa kyseess\u00e4 rento asu tai huolella viimeistelty look, Sara takaa modernin mutta vaatimattoman estetiikan. T\u00e4ydenn\u00e4 vaatekaappiasi t\u00e4ll\u00e4 tyylikk\u00e4\u00e4ll\u00e4 ja monik\u00e4ytt\u00f6isell\u00e4 setill\u00e4, joka on suunniteltu maksimaaliseen mukavuuteen.<\/p>\n<p><b>Huomio:<\/b> Erikoishinta t\u00e4m\u00e4n setin oston yhteydess\u00e4 \u2013 <b>Supreme Hold Hijab<\/b> alennettuun hintaan + magneettiset huivineulat <b>kaupan p\u00e4\u00e4lle<\/b>.<\/p>\n","protected":false},"featured_media":18645,"comment_status":"open","ping_status":"closed","template":"","meta":[],"etheme_brands":[],"product_brand":[],"product_cat":[178,174],"product_tag":[],"class_list":{"0":"post-18639","1":"product","2":"type-product","3":"status-publish","4":"has-post-thumbnail","6":"product_cat-modest-dresses","7":"product_cat-muslim-clothing","8":"product_shipping_class-max-fi","10":"first","11":"outofstock","12":"shipping-taxable","13":"purchasable","14":"product-type-variable","15":"has-default-attributes"},"_links":{"self":[{"href":"https:\/\/garazastyle.com\/fi\/wp-json\/wp\/v2\/product\/18639","targetHints":{"allow":["GET"]}}],"collection":[{"href":"https:\/\/garazastyle.com\/fi\/wp-json\/wp\/v2\/product"}],"about":[{"href":"https:\/\/garazastyle.com\/fi\/wp-json\/wp\/v2\/types\/product"}],"replies":[{"embeddable":true,"href":"https:\/\/garazastyle.com\/fi\/wp-json\/wp\/v2\/comments?post=18639"}],"version-history":[{"count":0,"href":"https:\/\/garazastyle.com\/fi\/wp-json\/wp\/v2\/product\/18639\/revisions"}],"wp:featuredmedia":[{"embeddable":true,"href":"https:\/\/garazastyle.com\/fi\/wp-json\/wp\/v2\/media\/18645"}],"wp:attachment":[{"href":"https:\/\/garazastyle.com\/fi\/wp-json\/wp\/v2\/media?parent=18639"}],"wp:term":[{"taxonomy":"brand","embeddable":true,"href":"https:\/\/garazastyle.com\/fi\/wp-json\/wp\/v2\/etheme_brands?post=18639"},{"taxonomy":"product_brand","embeddable":true,"href":"https:\/\/garazastyle.com\/fi\/wp-json\/wp\/v2\/product_brand?post=18639"},{"taxonomy":"product_cat","embeddable":true,"href":"https:\/\/garazastyle.com\/fi\/wp-json\/wp\/v2\/product_cat?post=18639"},{"taxonomy":"product_tag","embeddable":true,"href":"https:\/\/garazastyle.com\/fi\/wp-json\/wp\/v2\/product_tag?post=18639"}],"curies":[{"name":"wp","href":"https:\/\/api.w.org\/{rel}","templated":true}]}}