{"id":18621,"date":"2025-02-04T16:19:58","date_gmt":"2025-02-04T14:19:58","guid":{"rendered":"https:\/\/wp3.garazastyle.com\/product\/maxi-dress-abaya-style-copy\/"},"modified":"2025-06-23T20:22:46","modified_gmt":"2025-06-23T17:22:46","slug":"maxi-dress-saida","status":"publish","type":"product","link":"https:\/\/garazastyle.com\/fi\/product\/maxi-dress-saida\/","title":{"rendered":"Maksimekko \u2013 Saida"},"content":{"rendered":"<h3>Keskeiset ominaisuudet:<\/h3>\n<ul>\n<li><b>Mekon pituus:<\/b> 148 cm<\/li>\n<li><b>Hihan pituus:<\/b> 74 cm \u2013 hihansuissa metalliset nepparit<\/li>\n<li><b>Rinnan ymp\u00e4rys:<\/b> 130 cm<\/li>\n<li><b>Etupuoli:<\/b> Toiminnallinen nappilista<\/li>\n<li><b>Yksityiskohdat:<\/b> Kevyt rypytys vy\u00f6t\u00e4r\u00f6n alapuolella, joustavat hihansuut<\/li>\n<li><b>Materiaali:<\/b> Tencel \u2013 pehme\u00e4, hengitt\u00e4v\u00e4 ja kest\u00e4v\u00e4 kangas, joka valmistetaan luonnollisista puukuiduista. Eritt\u00e4in kulutuskest\u00e4v\u00e4, imee kosteutta tehokkaasti ja sopii herk\u00e4lle iholle. Ymp\u00e4rist\u00f6yst\u00e4v\u00e4llinen ja miellytt\u00e4v\u00e4 ihoa vasten \u2013 t\u00e4ydellinen valinta jokap\u00e4iv\u00e4iseen mukavuuteen.<\/li>\n<\/ul>\n<h3>Hoito-ohjeet<\/h3>\n<p>Tencel-vaatteet tulisi pest\u00e4 erill\u00e4\u00e4n tai samankaltaisten materiaalien kanssa.<br \/>\nKonepesussa k\u00e4yt\u00e4 hell\u00e4varaista pesuohjelmaa, veden l\u00e4mp\u00f6tila enint\u00e4\u00e4n 30\u202f\u00b0C.<br \/>\nV\u00e4lt\u00e4 voimakkaita pesuaineita ja suosi mietoja, ekologisia vaihtoehtoja.<br \/>\nTencel voidaan pest\u00e4 my\u00f6s k\u00e4sin.<br \/>\n\u00c4l\u00e4 k\u00e4yt\u00e4 kuivausrumpua \u2013 kuivaa vaate tasaisella alustalla ilmakuivaten.<br \/>\nSilit\u00e4 matalalla l\u00e4mm\u00f6ll\u00e4 tarvittaessa.<\/p>\n<p>By following these care instructions, you can maintain the quality and longevity of the fabric.<br \/>\nThe **Saida** dress blends style and comfort, highlighting your individuality.<\/p>\n","protected":false},"excerpt":{"rendered":"<h4>Koe mukavuus pitk\u00e4ss\u00e4 Saida-mekossa, joka on valmistettu Tencel-kankaasta.<\/h4>\n<p>T\u00e4m\u00e4 elegantti mekko yhdist\u00e4\u00e4 k\u00e4yt\u00e4nn\u00f6llisyyden ja hienostuneen tyylin. Huolellinen leikkaus ja pehme\u00e4 materiaali luovat keveyden tunteen, ja luonnolliset kuidut takaavat mukavuuden koko p\u00e4iv\u00e4n ajan. Ihanteellinen valinta sek\u00e4 arkeen ett\u00e4 juhlavampiin hetkiin.  <\/p>\n<p><b>Huom:<\/b> Ostaessasi t\u00e4m\u00e4n mekon saat eksklusiivisen <b>Supreme Hold Hijabin <\/b>alennettuun hintaan + magneettineulat <b>lahjaksi<\/b>.<\/p>\n","protected":false},"featured_media":18628,"comment_status":"open","ping_status":"closed","template":"","meta":[],"etheme_brands":[],"product_brand":[],"product_cat":[178,174],"product_tag":[],"class_list":{"0":"post-18621","1":"product","2":"type-product","3":"status-publish","4":"has-post-thumbnail","6":"product_cat-modest-dresses","7":"product_cat-muslim-clothing","8":"product_shipping_class-max-fi","10":"first","11":"outofstock","12":"sale","13":"shipping-taxable","14":"purchasable","15":"product-type-variable"},"_links":{"self":[{"href":"https:\/\/garazastyle.com\/fi\/wp-json\/wp\/v2\/product\/18621","targetHints":{"allow":["GET"]}}],"collection":[{"href":"https:\/\/garazastyle.com\/fi\/wp-json\/wp\/v2\/product"}],"about":[{"href":"https:\/\/garazastyle.com\/fi\/wp-json\/wp\/v2\/types\/product"}],"replies":[{"embeddable":true,"href":"https:\/\/garazastyle.com\/fi\/wp-json\/wp\/v2\/comments?post=18621"}],"version-history":[{"count":0,"href":"https:\/\/garazastyle.com\/fi\/wp-json\/wp\/v2\/product\/18621\/revisions"}],"wp:featuredmedia":[{"embeddable":true,"href":"https:\/\/garazastyle.com\/fi\/wp-json\/wp\/v2\/media\/18628"}],"wp:attachment":[{"href":"https:\/\/garazastyle.com\/fi\/wp-json\/wp\/v2\/media?parent=18621"}],"wp:term":[{"taxonomy":"brand","embeddable":true,"href":"https:\/\/garazastyle.com\/fi\/wp-json\/wp\/v2\/etheme_brands?post=18621"},{"taxonomy":"product_brand","embeddable":true,"href":"https:\/\/garazastyle.com\/fi\/wp-json\/wp\/v2\/product_brand?post=18621"},{"taxonomy":"product_cat","embeddable":true,"href":"https:\/\/garazastyle.com\/fi\/wp-json\/wp\/v2\/product_cat?post=18621"},{"taxonomy":"product_tag","embeddable":true,"href":"https:\/\/garazastyle.com\/fi\/wp-json\/wp\/v2\/product_tag?post=18621"}],"curies":[{"name":"wp","href":"https:\/\/api.w.org\/{rel}","templated":true}]}}