{"id":18612,"date":"2025-02-04T16:20:04","date_gmt":"2025-02-04T14:20:04","guid":{"rendered":"https:\/\/wp3.garazastyle.com\/product\/muslim-dress-muslin-breeze-1\/"},"modified":"2025-03-17T17:23:32","modified_gmt":"2025-03-17T15:23:32","slug":"modest-maxi-dress-muslin-indigo","status":"publish","type":"product","link":"https:\/\/garazastyle.com\/fi\/product\/modest-maxi-dress-muslin-indigo\/","title":{"rendered":"Pitk\u00e4 mekko \u2013 Musliini Indigo"},"content":{"rendered":"<h4>Ominaisuudet<\/h4>\n<ul>\n<li><b>Materiaali:<\/b> Musliini \u2013 kevyt ja hengitt\u00e4v\u00e4, t\u00e4ydellinen kes\u00e4p\u00e4iviin.<\/li>\n<li><b>Koko:<\/b> Vakio pituus \u2013 146 cm.<\/li>\n<li><b>Malli kuvassa:<\/b> pituus 165 cm.<\/li>\n<li><b>Hoito-ohjeet:<\/b> Pese enint\u00e4\u00e4n 30\u00b0C:ssa kankaan laadun ja v\u00e4rin s\u00e4ilytt\u00e4miseksi.<\/li>\n<\/ul>\n","protected":false},"excerpt":{"rendered":"<h4>Koe mukavuus musliinimekon kanssa.<\/h4>\n<p>T\u00e4m\u00e4 monik\u00e4ytt\u00f6inen indigon s\u00e4vyinen mekko yhdist\u00e4\u00e4 vaatimatonta tyyli\u00e4 ja modernia muotia, luoden ajattoman ja tyylikk\u00e4\u00e4n ilmeen. Se sopii t\u00e4ydellisesti sek\u00e4 arkik\u00e4ytt\u00f6\u00f6n ett\u00e4 erityisiin tilaisuuksiin, tarjoten keveytt\u00e4 ja liikkumisen vapautta koko p\u00e4iv\u00e4n ajan. Saatavilla my\u00f6s v\u00e4reiss\u00e4 musta ja vaalea oliivi.  <\/p>\n<p><b>Huomio:<\/b> Erikoishinta t\u00e4m\u00e4n mekon oston yhteydess\u00e4 \u2013 <b>Supreme Hold Hijab<\/b> alennettuun hintaan + magneettiset huivineulat <b>kaupan p\u00e4\u00e4lle<\/b>.  <\/p>\n","protected":false},"featured_media":18619,"comment_status":"open","ping_status":"closed","template":"","meta":[],"etheme_brands":[],"product_brand":[],"product_cat":[178,174],"product_tag":[],"class_list":{"0":"post-18612","1":"product","2":"type-product","3":"status-publish","4":"has-post-thumbnail","6":"product_cat-modest-dresses","7":"product_cat-muslim-clothing","8":"product_shipping_class-max-fi","10":"first","11":"outofstock","12":"shipping-taxable","13":"purchasable","14":"product-type-variable","15":"has-default-attributes"},"_links":{"self":[{"href":"https:\/\/garazastyle.com\/fi\/wp-json\/wp\/v2\/product\/18612","targetHints":{"allow":["GET"]}}],"collection":[{"href":"https:\/\/garazastyle.com\/fi\/wp-json\/wp\/v2\/product"}],"about":[{"href":"https:\/\/garazastyle.com\/fi\/wp-json\/wp\/v2\/types\/product"}],"replies":[{"embeddable":true,"href":"https:\/\/garazastyle.com\/fi\/wp-json\/wp\/v2\/comments?post=18612"}],"version-history":[{"count":0,"href":"https:\/\/garazastyle.com\/fi\/wp-json\/wp\/v2\/product\/18612\/revisions"}],"wp:featuredmedia":[{"embeddable":true,"href":"https:\/\/garazastyle.com\/fi\/wp-json\/wp\/v2\/media\/18619"}],"wp:attachment":[{"href":"https:\/\/garazastyle.com\/fi\/wp-json\/wp\/v2\/media?parent=18612"}],"wp:term":[{"taxonomy":"brand","embeddable":true,"href":"https:\/\/garazastyle.com\/fi\/wp-json\/wp\/v2\/etheme_brands?post=18612"},{"taxonomy":"product_brand","embeddable":true,"href":"https:\/\/garazastyle.com\/fi\/wp-json\/wp\/v2\/product_brand?post=18612"},{"taxonomy":"product_cat","embeddable":true,"href":"https:\/\/garazastyle.com\/fi\/wp-json\/wp\/v2\/product_cat?post=18612"},{"taxonomy":"product_tag","embeddable":true,"href":"https:\/\/garazastyle.com\/fi\/wp-json\/wp\/v2\/product_tag?post=18612"}],"curies":[{"name":"wp","href":"https:\/\/api.w.org\/{rel}","templated":true}]}}