{"id":18607,"date":"2025-02-04T16:20:05","date_gmt":"2025-02-04T14:20:05","guid":{"rendered":"https:\/\/wp3.garazastyle.com\/product\/muslim-dress-for-women-black-oasis-abaya-dress-style-copy-1\/"},"modified":"2025-03-17T10:32:15","modified_gmt":"2025-03-17T08:32:15","slug":"modest-casual-dress-naima","status":"publish","type":"product","link":"https:\/\/garazastyle.com\/fi\/product\/modest-casual-dress-naima\/","title":{"rendered":"Modest Casual Dress \u2013 Naima"},"content":{"rendered":"<h4>Huolella suunniteltu &#038; Mukavuus<\/h4>\n<ul>\n<li><b>Pituus:<\/b> 145 cm<\/li>\n<li><b>Rinnanymp\u00e4rys:<\/b> 118 cm (sopii kooille S\u2013M)<\/li>\n<li><b>Kaulus:<\/b> Pystykaulus tuo viimeistellyn ja huolitellun ilmeen.<\/li>\n<li><b>Hihat:<\/b> Suora leikkaus lis\u00e4\u00e4 mukavuutta ja liikkumisen vapautta.<\/li>\n<li><b>Koristeellinen yksityiskohta:<\/b> Rinnassa oleva yksityiskohta lis\u00e4\u00e4 persoonallisuutta.<\/li>\n<\/ul>\n<h4>Hoito-ohjeet<\/h4>\n<ul>\n<li><b>Pese 30\u00b0C:ssa<\/b> hell\u00e4varaisella pesuohjelmalla.<\/li>\n<li>K\u00e4yt\u00e4 mietoja pesuaineita s\u00e4ilytt\u00e4\u00e4ksesi kankaan pehmeyden.<\/li>\n<li>V\u00e4lt\u00e4 valkaisua.<\/li>\n<\/ul>\n<h4>Vaatekaapin kulmakivi<\/h4>\n<p>Naima-mekko on t\u00e4ydellinen valinta niille, jotka arvostavat mukavuutta, tyyli\u00e4 ja huomiota yksityiskohtiin.  <\/p>\n","protected":false},"excerpt":{"rendered":"<h4>Koe mukavuus pitk\u00e4ll\u00e4 Naima-mekolla.<\/h4>\n<p>Mukava istuvuus, pehme\u00e4 kangas ja huolella suunnitellut yksityiskohdat tekev\u00e4t t\u00e4st\u00e4 mekosta t\u00e4ydellisen valinnan mihin tahansa tilaisuuteen. Sen monik\u00e4ytt\u00f6inen leikkaus ja koristeelliset elementit tekev\u00e4t siit\u00e4 helposti yhdistett\u00e4v\u00e4n eri tyyleihin.  <\/p>\n<p><b>Huomio:<\/b> Erikoishinta t\u00e4m\u00e4n mekon oston yhteydess\u00e4 \u2013 <b>Supreme Hold Hijab<\/b> alennettuun hintaan + magneettiset huivineulat <b>kaupan p\u00e4\u00e4lle<\/b>.  <\/p>\n","protected":false},"featured_media":18608,"comment_status":"open","ping_status":"closed","template":"","meta":[],"etheme_brands":[],"product_brand":[],"product_cat":[173,178,174],"product_tag":[],"class_list":{"0":"post-18607","1":"product","2":"type-product","3":"status-publish","4":"has-post-thumbnail","6":"product_cat-abayas","7":"product_cat-modest-dresses","8":"product_cat-muslim-clothing","9":"product_shipping_class-max-fi","11":"first","12":"outofstock","13":"shipping-taxable","14":"purchasable","15":"product-type-variable","16":"has-default-attributes"},"_links":{"self":[{"href":"https:\/\/garazastyle.com\/fi\/wp-json\/wp\/v2\/product\/18607","targetHints":{"allow":["GET"]}}],"collection":[{"href":"https:\/\/garazastyle.com\/fi\/wp-json\/wp\/v2\/product"}],"about":[{"href":"https:\/\/garazastyle.com\/fi\/wp-json\/wp\/v2\/types\/product"}],"replies":[{"embeddable":true,"href":"https:\/\/garazastyle.com\/fi\/wp-json\/wp\/v2\/comments?post=18607"}],"version-history":[{"count":0,"href":"https:\/\/garazastyle.com\/fi\/wp-json\/wp\/v2\/product\/18607\/revisions"}],"wp:featuredmedia":[{"embeddable":true,"href":"https:\/\/garazastyle.com\/fi\/wp-json\/wp\/v2\/media\/18608"}],"wp:attachment":[{"href":"https:\/\/garazastyle.com\/fi\/wp-json\/wp\/v2\/media?parent=18607"}],"wp:term":[{"taxonomy":"brand","embeddable":true,"href":"https:\/\/garazastyle.com\/fi\/wp-json\/wp\/v2\/etheme_brands?post=18607"},{"taxonomy":"product_brand","embeddable":true,"href":"https:\/\/garazastyle.com\/fi\/wp-json\/wp\/v2\/product_brand?post=18607"},{"taxonomy":"product_cat","embeddable":true,"href":"https:\/\/garazastyle.com\/fi\/wp-json\/wp\/v2\/product_cat?post=18607"},{"taxonomy":"product_tag","embeddable":true,"href":"https:\/\/garazastyle.com\/fi\/wp-json\/wp\/v2\/product_tag?post=18607"}],"curies":[{"name":"wp","href":"https:\/\/api.w.org\/{rel}","templated":true}]}}