{"id":18600,"date":"2025-02-04T16:20:09","date_gmt":"2025-02-04T14:20:09","guid":{"rendered":"https:\/\/wp3.garazastyle.com\/product\/muslim-dress-for-women-indigo-oasis-abaya-dress-style-copy\/"},"modified":"2025-05-25T13:58:30","modified_gmt":"2025-05-25T10:58:30","slug":"muslim-dress-for-women-indigo-oasis-abaya-dress-style-copy","status":"publish","type":"product","link":"https:\/\/garazastyle.com\/fi\/product\/muslim-dress-for-women-indigo-oasis-abaya-dress-style-copy\/","title":{"rendered":"Vaatimaton arkimekko \u2013 Aza"},"content":{"rendered":"<p data-start=\"84\" data-end=\"408\">T\u00e4m\u00e4 monik\u00e4ytt\u00f6inen ja huolettoman tyylik\u00e4s vaatimaton arkimekko on suunniteltu p\u00e4ivitt\u00e4iseen mukavuuteen ja helppouteen \u2013 ehdoton lis\u00e4 jokaisen vaatekaappiin.<br \/>Valmistettu tiiviist\u00e4, l\u00e4mpim\u00e4st\u00e4 ja pehme\u00e4st\u00e4 kolminkertaisesta fleecest\u00e4, joka tarjoaa optimaalista l\u00e4mp\u00f6\u00e4 viile\u00e4mm\u00e4ll\u00e4 s\u00e4\u00e4ll\u00e4, mutta s\u00e4ilytt\u00e4\u00e4 samalla hengitt\u00e4vyyden ja pehmeyden ihoa vasten. Olitpa kotona, rennolla k\u00e4velyll\u00e4 tai hoitamassa arjen askareita, t\u00e4m\u00e4 mekko tarjoaa t\u00e4ydellisen tasapainon vaatimatonta tyyli\u00e4, l\u00e4mp\u00f6\u00e4 ja helppoa k\u00e4ytt\u00f6mukavuutta. Suora leikkaus takaa rennon mutta ryhdikk\u00e4\u00e4n istuvuuden \u2013 sopii sek\u00e4 kerrospukeutumiseen ett\u00e4 yksin\u00e4\u00e4n k\u00e4ytett\u00e4v\u00e4ksi.   <\/p>\n<h3 data-start=\"410\" data-end=\"463\">Suunniteltu k\u00e4yt\u00e4nn\u00f6llisyyteen ja moderniin vaatimattomuuteen<\/h3>\n<ul data-start=\"464\" data-end=\"810\">\n<li data-start=\"464\" data-end=\"534\"><strong data-start=\"466\" data-end=\"479\">Materiaali:<\/strong> Premium-laatuinen kolminkertainen fleece \u2013 paksu, pehme\u00e4 ja l\u00e4mmin<\/li>\n<li data-start=\"535\" data-end=\"557\"><strong data-start=\"537\" data-end=\"548\">Pituus:<\/strong> 147 cm<\/li>\n<li data-start=\"558\" data-end=\"586\"><strong data-start=\"560\" data-end=\"578\">Hihan pituus:<\/strong> 76 cm<\/li>\n<li data-start=\"587\" data-end=\"712\"><strong data-start=\"589\" data-end=\"600\">Vetoketju:<\/strong> <strong data-start=\"601\" data-end=\"629\">T\u00e4yspitk\u00e4 etuvetoketju,<\/strong> joka helpottaa pukemista \u2013 erityisen k\u00e4tev\u00e4 imett\u00e4ville \u00e4ideille<\/li>\n<li data-start=\"713\" data-end=\"810\"><strong data-start=\"715\" data-end=\"727\">Taskut:<\/strong> Tilavat <strong data-start=\"737\" data-end=\"754\">paikkataskut<\/strong> \u2013 k\u00e4yt\u00e4nn\u00f6llisyys yhdistyy minimalistiseen ilmeeseen<\/li>\n<\/ul>\n<h3 data-start=\"1131\" data-end=\"1159\">Miksi ihastut t\u00e4h\u00e4n mekkoon<\/h3>\n<p data-start=\"1160\" data-end=\"1396\"><strong data-start=\"1162\" data-end=\"1193\">\u2714 T\u00e4ydellinen imett\u00e4ville \u00e4ideille t\u00e4yspitk\u00e4n vetoketjun ansiosta<\/strong><br data-start=\"1231\" data-end=\"1234\"><strong data-start=\"1208\" data-end=\"1230\">\u2714 Ihanteellinen viile\u00e4mpiin vuodenaikoihin \u2013 l\u00e4mmitt\u00e4\u00e4, mutta s\u00e4ilytt\u00e4\u00e4 hengitt\u00e4vyyden<\/strong><br data-start=\"1317\" data-end=\"1320\"><strong data-start=\"1236\" data-end=\"1264\">\u2714 Minimalistinen ja ajaton<\/strong> \u2013 <strong data-start=\"1322\" data-end=\"1349\">vaatekaapin kulmakivi vaatimattomaan pukeutumiseen<\/strong><\/p>\n<h3 data-start=\"1398\" data-end=\"1425\">Hoito-ohjeet<\/h3>\n<ul data-start=\"1426\" data-end=\"1555\">\n<li data-start=\"1426\" data-end=\"1465\"><strong data-start=\"1428\" data-end=\"1444\">Pesu 30\u202f\u00b0C<\/strong> hell\u00e4varaisella ohjelmalla<\/li>\n<li data-start=\"1466\" data-end=\"1518\">K\u00e4yt\u00e4 mietoja pesuaineita, jotta kankaan pehmeys s\u00e4ilyy.<\/li>\n<li data-start=\"1519\" data-end=\"1555\">K\u00e4yt\u00e4 mietoja pesuaineita, jotta kankaan pehmeys s\u00e4ilyy.<\/li>\n<\/ul>\n","protected":false},"excerpt":{"rendered":"<p><strong>V\u00e4lt\u00e4 valkaisuaineita ja voimakkaita kemikaaleja.<\/strong> Saatavilla klassisen mustana \u2013 t\u00e4m\u00e4 mekko on t\u00e4ydellinen yhdistelm\u00e4 tyyli\u00e4, k\u00e4yt\u00e4nn\u00f6llisyytt\u00e4 ja mukavuutta.<br \/>Olitpa kotona tai l\u00e4hd\u00f6ss\u00e4 rennolle p\u00e4iv\u00e4lle ulos, se takaa huolitellun mutta vaivattoman ilmeen, pit\u00e4en sinut l\u00e4mpim\u00e4n\u00e4, mukavana ja itsevarmasti peitettyn\u00e4<\/p>\n","protected":false},"featured_media":18601,"comment_status":"open","ping_status":"closed","template":"","meta":[],"etheme_brands":[],"product_brand":[],"product_cat":[173,178,174],"product_tag":[],"class_list":{"0":"post-18600","1":"product","2":"type-product","3":"status-publish","4":"has-post-thumbnail","6":"product_cat-abayas","7":"product_cat-modest-dresses","8":"product_cat-muslim-clothing","9":"product_shipping_class-max-fi","11":"first","12":"outofstock","13":"shipping-taxable","14":"purchasable","15":"product-type-variable","16":"has-default-attributes"},"_links":{"self":[{"href":"https:\/\/garazastyle.com\/fi\/wp-json\/wp\/v2\/product\/18600","targetHints":{"allow":["GET"]}}],"collection":[{"href":"https:\/\/garazastyle.com\/fi\/wp-json\/wp\/v2\/product"}],"about":[{"href":"https:\/\/garazastyle.com\/fi\/wp-json\/wp\/v2\/types\/product"}],"replies":[{"embeddable":true,"href":"https:\/\/garazastyle.com\/fi\/wp-json\/wp\/v2\/comments?post=18600"}],"version-history":[{"count":0,"href":"https:\/\/garazastyle.com\/fi\/wp-json\/wp\/v2\/product\/18600\/revisions"}],"wp:featuredmedia":[{"embeddable":true,"href":"https:\/\/garazastyle.com\/fi\/wp-json\/wp\/v2\/media\/18601"}],"wp:attachment":[{"href":"https:\/\/garazastyle.com\/fi\/wp-json\/wp\/v2\/media?parent=18600"}],"wp:term":[{"taxonomy":"brand","embeddable":true,"href":"https:\/\/garazastyle.com\/fi\/wp-json\/wp\/v2\/etheme_brands?post=18600"},{"taxonomy":"product_brand","embeddable":true,"href":"https:\/\/garazastyle.com\/fi\/wp-json\/wp\/v2\/product_brand?post=18600"},{"taxonomy":"product_cat","embeddable":true,"href":"https:\/\/garazastyle.com\/fi\/wp-json\/wp\/v2\/product_cat?post=18600"},{"taxonomy":"product_tag","embeddable":true,"href":"https:\/\/garazastyle.com\/fi\/wp-json\/wp\/v2\/product_tag?post=18600"}],"curies":[{"name":"wp","href":"https:\/\/api.w.org\/{rel}","templated":true}]}}