{"id":18576,"date":"2025-02-04T16:20:12","date_gmt":"2025-02-04T14:20:12","guid":{"rendered":"https:\/\/wp3.garazastyle.com\/product\/two-piece-set-khimar-with-sundress-black-naida-copy\/"},"modified":"2025-05-24T17:34:00","modified_gmt":"2025-05-24T14:34:00","slug":"two-piece-set-khimar-with-sundress-black-naida-copy","status":"publish","type":"product","link":"https:\/\/garazastyle.com\/fi\/product\/two-piece-set-khimar-with-sundress-black-naida-copy\/","title":{"rendered":"Vaatimaton maksimekko musliminaisille"},"content":{"rendered":"<p data-start=\"391\" data-end=\"707\">V\u00e4lj\u00e4 leikkaus takaa liikkumisen vapauden, mik\u00e4 tekee t\u00e4st\u00e4 mekosta sopivan sek\u00e4 arkeen ett\u00e4 juhlaan. Poikkeuksellisen pehme\u00e4 pinta ja hengitt\u00e4v\u00e4 rakenne takaavat kevyen ja mukavan tunteen ymp\u00e4ri vuoden. <\/p>\n<h3 data-start=\"854\" data-end=\"877\"><strong data-start=\"858\" data-end=\"875\">Keskeiset ominaisuudet:<\/strong><\/h3>\n<ul data-start=\"878\" data-end=\"1063\">\n<li data-start=\"878\" data-end=\"906\"><strong data-start=\"880\" data-end=\"897\">Mekon pituus:<\/strong> 148 cm<\/li>\n<li data-start=\"907\" data-end=\"935\"><strong data-start=\"909\" data-end=\"927\">Hihan pituus:<\/strong> 73 cm<\/li>\n<li data-start=\"936\" data-end=\"961\"><strong data-start=\"938\" data-end=\"952\">Helman leveys:<\/strong> 180 cm<\/li>\n<li data-start=\"962\" data-end=\"1015\"><strong data-start=\"964\" data-end=\"975\">Muotoilu: <\/strong>Toiminnallinen etulista napeilla<\/li>\n<li data-start=\"1016\" data-end=\"1063\"><strong data-start=\"1018\" data-end=\"1041\">Kankaan koostumus:<\/strong> 67 % cuproa, 33 % silkki\u00e4<\/li>\n<\/ul>\n<h3 data-start=\"1359\" data-end=\"1386\"><strong data-start=\"1363\" data-end=\"1384\">Hoito-ohjeet<\/strong><\/h3>\n<p data-start=\"1387\" data-end=\"1474\">S\u00e4ilyt\u00e4 kankaan kauneus ja kest\u00e4vyys noudattamalla n\u00e4it\u00e4 hoito-ohjeita:<\/p>\n<ul data-start=\"1475\" data-end=\"1951\">\n<li data-start=\"1475\" data-end=\"1602\"><strong data-start=\"1477\" data-end=\"1489\">Pesu:<\/strong> Pese erill\u00e4\u00e4n muista tekstiileist\u00e4 (sek\u00e4 luonnon- ett\u00e4 keinokuiduista). Veden l\u00e4mp\u00f6tila ei saa ylitt\u00e4\u00e4 <strong data-start=\"1591\" data-end=\"1599\">40\u202f\u00b0C.<\/strong> <\/li>\n<li data-start=\"1603\" data-end=\"1715\"><strong data-start=\"1605\" data-end=\"1615\">Pesuohjelma<\/strong>: K\u00e4yt\u00e4 hell\u00e4varaista konepesuohjelmaa tai <strong data-start=\"1647\" data-end=\"1660\">k\u00e4sinpesua<\/strong> miedolla, herkille kankaille sopivalla pesuaineella<\/li>\n<li data-start=\"1716\" data-end=\"1790\"><strong data-start=\"1718\" data-end=\"1728\">V\u00e4lt\u00e4:<\/strong> Valkaisuaineita ja huuhteluaineita, sill\u00e4 ne voivat vahingoittaa kuituja.<\/li>\n<li data-start=\"1791\" data-end=\"1849\"><strong data-start=\"1793\" data-end=\"1804\">Kuivaus:<\/strong> Kuivaa tasaisella alustalla, v\u00e4lt\u00e4 suoraa auringonvaloa.<\/li>\n<li data-start=\"1850\" data-end=\"1951\"><strong data-start=\"1852\" data-end=\"1864\">Silitys:<\/strong> K\u00e4yt\u00e4 matalaa l\u00e4mp\u00f6tilaa ja suojakangasta, jotta kankaan pinta ei vaurioidu.<\/li>\n<\/ul>\n","protected":false},"excerpt":{"rendered":"<p>T\u00e4m\u00e4 mekko on suunniteltu naisille, jotka arvostavat eleganssia ja mukavuutta. Se on valmistettu kevyest\u00e4, hengitt\u00e4v\u00e4st\u00e4 ja uskomattoman pehme\u00e4st\u00e4 kankaasta, jossa yhdistyv\u00e4t cupro ja silkki. T\u00e4m\u00e4 laadukas materiaalikoostumus takaa silkkim\u00e4isen pinnan, kauniin laskeutuvuuden ja pitk\u00e4ik\u00e4isen kest\u00e4vyyden \u2013 t\u00e4ydellinen valinta jokaiseen tilanteeseen. <\/p>\n<p data-start=\"709\" data-end=\"732\"><strong>Huomioithan: Eri v\u00e4reiss\u00e4 olevat mekot voivat poiketa toisistaan paitsi s\u00e4vylt\u00e4\u00e4n my\u00f6s hihansuiden muotoilultaan \u2013 tarkistathan tiedot ennen ostamista.<\/strong><\/p>\n","protected":false},"featured_media":18577,"comment_status":"open","ping_status":"closed","template":"","meta":[],"etheme_brands":[],"product_brand":[],"product_cat":[173,178,174],"product_tag":[],"class_list":{"0":"post-18576","1":"product","2":"type-product","3":"status-publish","4":"has-post-thumbnail","6":"product_cat-abayas","7":"product_cat-modest-dresses","8":"product_cat-muslim-clothing","9":"product_shipping_class-max-fi","11":"first","12":"instock","13":"shipping-taxable","14":"purchasable","15":"product-type-variable","16":"has-default-attributes"},"_links":{"self":[{"href":"https:\/\/garazastyle.com\/fi\/wp-json\/wp\/v2\/product\/18576","targetHints":{"allow":["GET"]}}],"collection":[{"href":"https:\/\/garazastyle.com\/fi\/wp-json\/wp\/v2\/product"}],"about":[{"href":"https:\/\/garazastyle.com\/fi\/wp-json\/wp\/v2\/types\/product"}],"replies":[{"embeddable":true,"href":"https:\/\/garazastyle.com\/fi\/wp-json\/wp\/v2\/comments?post=18576"}],"version-history":[{"count":0,"href":"https:\/\/garazastyle.com\/fi\/wp-json\/wp\/v2\/product\/18576\/revisions"}],"wp:featuredmedia":[{"embeddable":true,"href":"https:\/\/garazastyle.com\/fi\/wp-json\/wp\/v2\/media\/18577"}],"wp:attachment":[{"href":"https:\/\/garazastyle.com\/fi\/wp-json\/wp\/v2\/media?parent=18576"}],"wp:term":[{"taxonomy":"brand","embeddable":true,"href":"https:\/\/garazastyle.com\/fi\/wp-json\/wp\/v2\/etheme_brands?post=18576"},{"taxonomy":"product_brand","embeddable":true,"href":"https:\/\/garazastyle.com\/fi\/wp-json\/wp\/v2\/product_brand?post=18576"},{"taxonomy":"product_cat","embeddable":true,"href":"https:\/\/garazastyle.com\/fi\/wp-json\/wp\/v2\/product_cat?post=18576"},{"taxonomy":"product_tag","embeddable":true,"href":"https:\/\/garazastyle.com\/fi\/wp-json\/wp\/v2\/product_tag?post=18576"}],"curies":[{"name":"wp","href":"https:\/\/api.w.org\/{rel}","templated":true}]}}