{"id":18570,"date":"2025-02-04T16:20:13","date_gmt":"2025-02-04T14:20:13","guid":{"rendered":"https:\/\/wp3.garazastyle.com\/product\/muslim-dress-muslin-breeze-2\/"},"modified":"2025-05-25T13:36:26","modified_gmt":"2025-05-25T10:36:26","slug":"modest-maxi-dress-muslin-black","status":"publish","type":"product","link":"https:\/\/garazastyle.com\/fi\/product\/modest-maxi-dress-muslin-black\/","title":{"rendered":"Vaatimaton maksimekko \u2013 Musliini, musta"},"content":{"rendered":"<h4>T\u00e4rkeimm\u00e4t ominaisuudet<\/h4>\n<ul>\n<li><b>Materiaali<\/b>: Musliini \u2013 kevyt ja hengitt\u00e4v\u00e4, t\u00e4ydellinen kes\u00e4p\u00e4iviin.<\/li>\n<li><b>Pituus:<\/b> Vaatteen vakiopituus \u2013 146 cm.<\/li>\n<li><b>Mallin pituus kuvassa:<\/b> 165 cm<\/li>\n<li><b>Hoito:<\/b> Pese enint\u00e4\u00e4n 30\u202f\u00b0C l\u00e4mp\u00f6tilassa, jotta kankaan laatu ja v\u00e4ri s\u00e4ilyv\u00e4t.<\/li>\n<\/ul>\n","protected":false},"excerpt":{"rendered":"<h4>Koe musliinisen maksimekon mukavuus.<\/h4>\n<p>T\u00e4m\u00e4 monik\u00e4ytt\u00f6inen mekko klassisen mustassa s\u00e4vyss\u00e4 yhdist\u00e4\u00e4 vaatimattoman pukeutumisen ja modernin muodin, tarjoten ajattoman ja hienostuneen ilmeen. T\u00e4ydellinen sek\u00e4 arkeen ett\u00e4 juhlaan \u2013 varmistaa mukavuuden ja liikkumisen vapauden koko p\u00e4iv\u00e4n ajan. Saatavilla my\u00f6s indigonsinisen\u00e4 ja vaalean oliivinvihre\u00e4n\u00e4.  <\/p>\n<p><b>Huom:<\/b> Ostaessasi t\u00e4m\u00e4n mekon saat eksklusiivisen <b>Supreme Hold Hijabin <\/b>alennettuun hintaan + magneettineulat <b>lahjaksi<\/b>.<\/p>\n","protected":false},"featured_media":18574,"comment_status":"open","ping_status":"closed","template":"","meta":[],"etheme_brands":[],"product_brand":[],"product_cat":[178,174],"product_tag":[],"class_list":{"0":"post-18570","1":"product","2":"type-product","3":"status-publish","4":"has-post-thumbnail","6":"product_cat-modest-dresses","7":"product_cat-muslim-clothing","8":"product_shipping_class-max-fi","10":"first","11":"outofstock","12":"shipping-taxable","13":"purchasable","14":"product-type-variable","15":"has-default-attributes"},"_links":{"self":[{"href":"https:\/\/garazastyle.com\/fi\/wp-json\/wp\/v2\/product\/18570","targetHints":{"allow":["GET"]}}],"collection":[{"href":"https:\/\/garazastyle.com\/fi\/wp-json\/wp\/v2\/product"}],"about":[{"href":"https:\/\/garazastyle.com\/fi\/wp-json\/wp\/v2\/types\/product"}],"replies":[{"embeddable":true,"href":"https:\/\/garazastyle.com\/fi\/wp-json\/wp\/v2\/comments?post=18570"}],"version-history":[{"count":0,"href":"https:\/\/garazastyle.com\/fi\/wp-json\/wp\/v2\/product\/18570\/revisions"}],"wp:featuredmedia":[{"embeddable":true,"href":"https:\/\/garazastyle.com\/fi\/wp-json\/wp\/v2\/media\/18574"}],"wp:attachment":[{"href":"https:\/\/garazastyle.com\/fi\/wp-json\/wp\/v2\/media?parent=18570"}],"wp:term":[{"taxonomy":"brand","embeddable":true,"href":"https:\/\/garazastyle.com\/fi\/wp-json\/wp\/v2\/etheme_brands?post=18570"},{"taxonomy":"product_brand","embeddable":true,"href":"https:\/\/garazastyle.com\/fi\/wp-json\/wp\/v2\/product_brand?post=18570"},{"taxonomy":"product_cat","embeddable":true,"href":"https:\/\/garazastyle.com\/fi\/wp-json\/wp\/v2\/product_cat?post=18570"},{"taxonomy":"product_tag","embeddable":true,"href":"https:\/\/garazastyle.com\/fi\/wp-json\/wp\/v2\/product_tag?post=18570"}],"curies":[{"name":"wp","href":"https:\/\/api.w.org\/{rel}","templated":true}]}}