{"id":18557,"date":"2025-02-04T16:20:14","date_gmt":"2025-02-04T14:20:14","guid":{"rendered":"https:\/\/wp3.garazastyle.com\/product\/muslim-dress-muslin-breeze\/"},"modified":"2025-03-23T15:43:36","modified_gmt":"2025-03-23T13:43:36","slug":"modest-maxi-dress-muslin-olive","status":"publish","type":"product","link":"https:\/\/garazastyle.com\/fi\/product\/modest-maxi-dress-muslin-olive\/","title":{"rendered":"Pitk\u00e4 mekko \u2013 Musliini Oliivi"},"content":{"rendered":"<ul>\n<li><b>Materiaali:<\/b> Musliini \u2013 kevyt ja hengitt\u00e4v\u00e4, t\u00e4ydellinen kes\u00e4p\u00e4iviin.<\/li>\n<li><b>Koko:<\/b> Vakio pituus \u2013 146 cm.<\/li>\n<li><b>Malli kuvassa:<\/b> pituus 173 cm.<\/li>\n<li><b>Hoito-ohjeet:<\/b> Pese enint\u00e4\u00e4n 30\u00b0C:ssa kankaan laadun ja v\u00e4rin s\u00e4ilytt\u00e4miseksi.<\/li>\n<\/ul>\n<h4><b>Huomio!<\/b><\/h4>\n<p>Oliivin v\u00e4risess\u00e4 mallissa on ainutlaatuisia design-elementtej\u00e4: hihat ja kaulus eroavat mustan ja indigon malleista.<br \/>\nHuomioi n\u00e4m\u00e4 erot valitessasi tuotetta, jotta se vastaa odotuksiasi.<\/p>\n","protected":false},"excerpt":{"rendered":"<p><strong>Koe mukavuus musliinimekon kanssa. <\/strong>T\u00e4m\u00e4 monik\u00e4ytt\u00f6inen mekko oliivinvihre\u00e4ss\u00e4 s\u00e4vyss\u00e4 yhdist\u00e4\u00e4 vaatimatonta tyyli\u00e4 ja modernia muotia, luoden ajattoman ja hienostuneen ilmeen. Se sopii sek\u00e4 arkik\u00e4ytt\u00f6\u00f6n ett\u00e4 erityisiin tilaisuuksiin, tarjoten t\u00e4ydellisen tasapainon keveyden ja tyylin v\u00e4lill\u00e4. Saatavilla my\u00f6s v\u00e4reiss\u00e4 indigo, vaalea oliivi ja musta.<\/p>\n<p><b>Huomio:<\/b> Erikoishinta t\u00e4m\u00e4n mekon oston yhteydess\u00e4 \u2013 <b>Supreme Hold Hijab<\/b> alennettuun hintaan + magneettiset huivineulat <b>kaupan p\u00e4\u00e4lle<\/b>.<\/p>\n","protected":false},"featured_media":18568,"comment_status":"open","ping_status":"closed","template":"","meta":[],"etheme_brands":[],"product_brand":[],"product_cat":[178,174],"product_tag":[],"class_list":{"0":"post-18557","1":"product","2":"type-product","3":"status-publish","4":"has-post-thumbnail","6":"product_cat-modest-dresses","7":"product_cat-muslim-clothing","8":"product_shipping_class-max-fi","10":"first","11":"outofstock","12":"shipping-taxable","13":"purchasable","14":"product-type-variable","15":"has-default-attributes"},"_links":{"self":[{"href":"https:\/\/garazastyle.com\/fi\/wp-json\/wp\/v2\/product\/18557","targetHints":{"allow":["GET"]}}],"collection":[{"href":"https:\/\/garazastyle.com\/fi\/wp-json\/wp\/v2\/product"}],"about":[{"href":"https:\/\/garazastyle.com\/fi\/wp-json\/wp\/v2\/types\/product"}],"replies":[{"embeddable":true,"href":"https:\/\/garazastyle.com\/fi\/wp-json\/wp\/v2\/comments?post=18557"}],"version-history":[{"count":0,"href":"https:\/\/garazastyle.com\/fi\/wp-json\/wp\/v2\/product\/18557\/revisions"}],"wp:featuredmedia":[{"embeddable":true,"href":"https:\/\/garazastyle.com\/fi\/wp-json\/wp\/v2\/media\/18568"}],"wp:attachment":[{"href":"https:\/\/garazastyle.com\/fi\/wp-json\/wp\/v2\/media?parent=18557"}],"wp:term":[{"taxonomy":"brand","embeddable":true,"href":"https:\/\/garazastyle.com\/fi\/wp-json\/wp\/v2\/etheme_brands?post=18557"},{"taxonomy":"product_brand","embeddable":true,"href":"https:\/\/garazastyle.com\/fi\/wp-json\/wp\/v2\/product_brand?post=18557"},{"taxonomy":"product_cat","embeddable":true,"href":"https:\/\/garazastyle.com\/fi\/wp-json\/wp\/v2\/product_cat?post=18557"},{"taxonomy":"product_tag","embeddable":true,"href":"https:\/\/garazastyle.com\/fi\/wp-json\/wp\/v2\/product_tag?post=18557"}],"curies":[{"name":"wp","href":"https:\/\/api.w.org\/{rel}","templated":true}]}}