{"id":18452,"date":"2025-03-07T22:30:25","date_gmt":"2025-03-07T20:30:25","guid":{"rendered":"https:\/\/wp3.garazastyle.com\/product\/hooded-hijab\/"},"modified":"2026-03-29T11:10:56","modified_gmt":"2026-03-29T08:10:56","slug":"hooded-hijab","status":"publish","type":"product","link":"https:\/\/garazastyle.com\/fi\/product\/hooded-hijab\/","title":{"rendered":"Jersey huppu Hijabille"},"content":{"rendered":"<p>Jersey huppumme on suunniteltu naisille, jotka arvostavat peitt\u00e4vyyden, eleganssin ja modernin tyylin tasapainoa. Valmistettu korkealaatuisesta jersey kankaasta, se tarjoaa poikkeuksellista pehmeytt\u00e4, joustavuutta ja kest\u00e4vyytt\u00e4. Kevyt ja hengitt\u00e4v\u00e4 materiaali takaa mukavuuden koko p\u00e4iv\u00e4n ajan, ja sen maltillinen elastisuus varmistaa napakan mutta miellytt\u00e4v\u00e4n istuvuuden. T\u00e4ysin peitt\u00e4v\u00e4 kangas antaa itsevarmuutta \u2013 ilman l\u00e4pin\u00e4kyvyytt\u00e4.   <\/p>\n<h4>Keskeiset ominaisuudet:<\/h4>\n<ul>\n<li><strong>Materiaali:<\/strong> Premium Jersey \u2013 pehme\u00e4, hengitt\u00e4v\u00e4 ja pitk\u00e4ik\u00e4inen.<\/li>\n<li><strong>T\u00e4ysi peitt\u00e4vyys:<\/strong> Ei l\u00e4pin\u00e4kyvyytt\u00e4 \u2013 lis\u00e4\u00e4 luottamusta ja vaatimattomuutta.<\/li>\n<li><strong>T\u00e4ysi peitt\u00e4vyys<\/strong>: L\u00e4pin\u00e4kym\u00e4t\u00f6n kangas takaa itsevarmuuden ja vaatimattomuuden.<\/li>\n<li><strong>Monik\u00e4ytt\u00f6isyys:<\/strong> Sopii t\u00e4ydellisesti klassiseen, juhlavaan, urheilulliseen ja arkiseen pukeutumiseen.<\/li>\n<li><strong>Muoto ja mukautuvuus:<\/strong> S\u00e4ilytt\u00e4\u00e4 rakenteensa mutta mahdollistaa vapaan liikkumisen.<\/li>\n<\/ul>\n<h4>Helppo hoitaa<\/h4>\n<p>Jersey huppu on helppohoitoinen ja s\u00e4ilytt\u00e4\u00e4 pehmeytens\u00e4 sek\u00e4 ylellisen tuntunsa toistuvasta k\u00e4yt\u00f6st\u00e4 huolimatta. Suositellaan hell\u00e4varaista k\u00e4sinpesua. <\/p>\n","protected":false},"excerpt":{"rendered":"<p>Garazan jersey huppu on suunniteltu tarjoamaan mukavuutta koko p\u00e4iv\u00e4n ajan. Sen kevyt ja hengitt\u00e4v\u00e4 kangas tuntuu miellytt\u00e4v\u00e4lt\u00e4 ihoa vasten, ja huolellisesti suunniteltu muotoilu takaa varman istuvuuden ilman puristusta. T\u00e4m\u00e4 monik\u00e4ytt\u00f6inen asuste sopii erinomaisesti yhteen Supreme Hold Hijabimme kanssa \u2013 voit ostaa sen erikoishintaan hupun kanssa tai k\u00e4ytt\u00e4\u00e4 sit\u00e4 mink\u00e4 tahansa klassisen huivin kanssa, olipa kyseess\u00e4 sitten juhlapukeutuminen, urheilu- tai arkiasu.  <\/p>\n<p><strong>T\u00e4rke\u00e4 huomio: Alusmyssy ei sis\u00e4lly pakkaukseen.<\/strong> Hy\u00f6dynn\u00e4 erikoistarjous \u2013 korvaa tavallinen alusmyssy eksklusiivisella <strong>Supreme Hold Hijabilla<\/strong>, joka on suunniteltu t\u00e4ydellisesti sopimaan sek\u00e4 jersey hupun ett\u00e4 klassisen huivin kanssa.<\/p>\n<p><strong>Lis\u00e4ksi saat ilahduttavan yll\u00e4tyksen \u2013 magneettiset huivineulat kaupan p\u00e4\u00e4lle lahjana!<\/strong><\/p>\n","protected":false},"featured_media":25727,"comment_status":"open","ping_status":"closed","template":"","meta":[],"etheme_brands":[],"product_brand":[350],"product_cat":[176,477,174],"product_tag":[],"class_list":{"0":"post-18452","1":"product","2":"type-product","3":"status-publish","4":"has-post-thumbnail","6":"product_brand-hoods","7":"product_cat-hijabs","8":"product_cat-hoods","9":"product_cat-muslim-clothing","10":"product_shipping_class-min-fi","12":"first","13":"instock","14":"featured","15":"shipping-taxable","16":"purchasable","17":"product-type-variable","18":"has-default-attributes"},"_links":{"self":[{"href":"https:\/\/garazastyle.com\/fi\/wp-json\/wp\/v2\/product\/18452","targetHints":{"allow":["GET"]}}],"collection":[{"href":"https:\/\/garazastyle.com\/fi\/wp-json\/wp\/v2\/product"}],"about":[{"href":"https:\/\/garazastyle.com\/fi\/wp-json\/wp\/v2\/types\/product"}],"replies":[{"embeddable":true,"href":"https:\/\/garazastyle.com\/fi\/wp-json\/wp\/v2\/comments?post=18452"}],"version-history":[{"count":0,"href":"https:\/\/garazastyle.com\/fi\/wp-json\/wp\/v2\/product\/18452\/revisions"}],"wp:featuredmedia":[{"embeddable":true,"href":"https:\/\/garazastyle.com\/fi\/wp-json\/wp\/v2\/media\/25727"}],"wp:attachment":[{"href":"https:\/\/garazastyle.com\/fi\/wp-json\/wp\/v2\/media?parent=18452"}],"wp:term":[{"taxonomy":"brand","embeddable":true,"href":"https:\/\/garazastyle.com\/fi\/wp-json\/wp\/v2\/etheme_brands?post=18452"},{"taxonomy":"product_brand","embeddable":true,"href":"https:\/\/garazastyle.com\/fi\/wp-json\/wp\/v2\/product_brand?post=18452"},{"taxonomy":"product_cat","embeddable":true,"href":"https:\/\/garazastyle.com\/fi\/wp-json\/wp\/v2\/product_cat?post=18452"},{"taxonomy":"product_tag","embeddable":true,"href":"https:\/\/garazastyle.com\/fi\/wp-json\/wp\/v2\/product_tag?post=18452"}],"curies":[{"name":"wp","href":"https:\/\/api.w.org\/{rel}","templated":true}]}}