{"id":22919,"date":"2018-07-31T13:05:04","date_gmt":"2018-07-31T10:05:04","guid":{"rendered":"https:\/\/garazastyle.com\/ostoskori\/"},"modified":"2025-04-23T15:03:30","modified_gmt":"2025-04-23T12:03:30","slug":"ostoskori","status":"publish","type":"page","link":"https:\/\/garazastyle.com\/fi\/ostoskori\/","title":{"rendered":"Ostoskori"},"content":{"rendered":"\t\t<div data-elementor-type=\"wp-page\" data-elementor-id=\"22919\" class=\"elementor elementor-22919 elementor-13\" data-elementor-post-type=\"page\">\n\t\t\t\t<div class=\"elementor-element elementor-element-182a7ed6 e-flex e-con-boxed e-con e-parent\" data-id=\"182a7ed6\" data-element_type=\"container\" data-e-type=\"container\">\n\t\t\t\t\t<div class=\"e-con-inner\">\n\t\t\t\t<div class=\"elementor-element elementor-element-fbc56ec elementor-widget elementor-widget-woocommerce-etheme_sales_cart_checkout_progress_bar\" data-id=\"fbc56ec\" data-element_type=\"widget\" data-e-type=\"widget\" data-widget_type=\"woocommerce-etheme_sales_cart_checkout_progress_bar.default\">\n\t\t\t\t<div class=\"elementor-widget-container\">\n\t\t\t\t\t<div class=\"etheme_sales_booster_progress_bar_shortcode\">\t\t<div class=\"et-cart-progress flex justify-content-start align-items-center\" data-percent-sold=\"0\">\n\n            <span class=\"et-cart-in-progress\"><span class=\"et_b-icon et-icon et-delivery\"><\/span><span>Spend <span class=\"et-cart-progress-amount\" data-amount=\"90\" data-currency=\"&euro;\"><span class=\"woocommerce-Price-amount amount\"><bdi>90,00&nbsp;<span class=\"woocommerce-Price-currencySymbol\">&euro;<\/span><\/bdi><\/span><\/span> to get free shipping<\/span><\/span>\n            <span class=\"et-cart-progress-success\"><span class=\"et_b-icon et-icon et-star\"><\/span><span>Congratulations! You've got free shipping.<\/span><\/span>\n\t\t\t<progress class=\"et_cart-progress-bar\" max=\"100\" value=\"0\"><\/progress>\n\t\t\t<span class=\"hidden cart-widget-subtotal-ghost\" data-amount=\"\"><\/span>\n\t\t<\/div>\n\t\t<\/div>\t\t\t\t<\/div>\n\t\t\t\t<\/div>\n\t\t\t\t\t<\/div>\n\t\t\t\t<\/div>\n\t\t\t\t<\/div>\n\t\t","protected":false},"excerpt":{"rendered":"<p>Spend 0&nbsp;&euro; to get free shipping Congratulations! You&#8217;ve got free shipping. Tuote Hinta M\u00e4\u00e4r\u00e4 V\u00e4lisumma Modest Activewear \u2013 Milk Coffee&nbsp; Size: XS Color: Sand Modest Activewear \u2013 Milk Coffee&nbsp; quantity &times;&nbsp;70&nbsp;&euro; V\u00e4lisumma: 210&nbsp;&euro; Remove 70&nbsp;&euro; Modest Activewear \u2013 Milk Coffee&nbsp; quantity 210&nbsp;&euro; Premium Jersey Hood&#8230;<\/p>\n","protected":false},"author":1,"featured_media":0,"parent":0,"menu_order":0,"comment_status":"closed","ping_status":"closed","template":"","meta":{"footnotes":""},"class_list":["post-22919","page","type-page","status-publish","hentry"],"_links":{"self":[{"href":"https:\/\/garazastyle.com\/fi\/wp-json\/wp\/v2\/pages\/22919","targetHints":{"allow":["GET"]}}],"collection":[{"href":"https:\/\/garazastyle.com\/fi\/wp-json\/wp\/v2\/pages"}],"about":[{"href":"https:\/\/garazastyle.com\/fi\/wp-json\/wp\/v2\/types\/page"}],"author":[{"embeddable":true,"href":"https:\/\/garazastyle.com\/fi\/wp-json\/wp\/v2\/users\/1"}],"replies":[{"embeddable":true,"href":"https:\/\/garazastyle.com\/fi\/wp-json\/wp\/v2\/comments?post=22919"}],"version-history":[{"count":0,"href":"https:\/\/garazastyle.com\/fi\/wp-json\/wp\/v2\/pages\/22919\/revisions"}],"wp:attachment":[{"href":"https:\/\/garazastyle.com\/fi\/wp-json\/wp\/v2\/media?parent=22919"}],"curies":[{"name":"wp","href":"https:\/\/api.w.org\/{rel}","templated":true}]}}