{"id":27676,"date":"2025-07-13T17:16:23","date_gmt":"2025-07-13T14:16:23","guid":{"rendered":"https:\/\/garazastyle.com\/product\/muslin-maxi-kleid-%d0%b0nisa\/"},"modified":"2025-07-13T17:16:23","modified_gmt":"2025-07-13T14:16:23","slug":"muslin-maxi-kleid-%d0%b0nisa","status":"publish","type":"product","link":"https:\/\/garazastyle.com\/de\/product\/muslin-maxi-kleid-%d0%b0nisa\/","title":{"rendered":"Muslin Maxi kleid &#8211; \u0410nisa"},"content":{"rendered":"<p data-start=\"450\" data-end=\"518\"><strong data-start=\"450\" data-end=\"469\">L\u00e4nge des Kleides:<\/strong> 147 cm<br data-start=\"476\" data-end=\"479\"><strong data-start=\"479\" data-end=\"511\">Gr\u00f6\u00dfe des Models auf dem Foto:<\/strong> 173 cm<\/p>\n<p data-start=\"520\" data-end=\"727\"><strong data-start=\"520\" data-end=\"542\">Pflegehinweise:<\/strong><br data-start=\"542\" data-end=\"545\">Schonwaschgang bei maximal 30\u202f\u00b0C wird empfohlen.<br data-start=\"610\" data-end=\"613\"><strong data-start=\"613\" data-end=\"627\">Hinweis:<\/strong> Da es sich um ein Naturmaterial handelt, kann das Kleid nach dem Waschen um 1\u20133 cm eingehen \u2013 das ist ganz normal.<\/p>\n","protected":false},"excerpt":{"rendered":"<p data-start=\"40\" data-end=\"104\"><strong data-start=\"44\" data-end=\"104\">Nat\u00fcrliche Leichtigkeit f\u00fcr jeden Tag<br \/>\n<\/strong><strong data-start=\"106\" data-end=\"119\">Material:<\/strong> Reiner Musselin \u2013 leicht, atmungsaktiv und unglaublich angenehm zu tragen. Die perfekte Wahl f\u00fcr hei\u00dfe Sommertage. Viele unserer Kundinnen berichten jedoch, dass sie Muslinkleider das ganze Jahr \u00fcber tragen. Warum? Der Stoff l\u00e4dt sich nicht statisch auf, ist hautfreundlich und f\u00fchlt sich bei jedem Wetter wunderbar an.   <\/p>\n<p data-start=\"450\" data-end=\"518\"><strong data-start=\"729\" data-end=\"747\">Sonderangebot:<\/strong><br data-start=\"747\" data-end=\"750\">Beim Kauf dieses Kleides erh\u00e4ltst du den exklusiven <em data-start=\"801\" data-end=\"821\">Supreme Hold Hijab<\/em> zum Sonderpreis \u2013 und Magnetnadeln gratis dazu!<\/p>\n","protected":false},"featured_media":27641,"comment_status":"open","ping_status":"closed","template":"","meta":[],"etheme_brands":[],"product_brand":[],"product_cat":[425,424,418],"product_tag":[],"class_list":{"0":"post-27676","1":"product","2":"type-product","3":"status-publish","4":"has-post-thumbnail","6":"product_cat-modest-dresses","7":"product_cat-abayas","8":"product_cat-muslimische-kleidung","10":"first","11":"outofstock","12":"shipping-taxable","13":"purchasable","14":"product-type-variable","15":"has-default-attributes"},"_links":{"self":[{"href":"https:\/\/garazastyle.com\/de\/wp-json\/wp\/v2\/product\/27676","targetHints":{"allow":["GET"]}}],"collection":[{"href":"https:\/\/garazastyle.com\/de\/wp-json\/wp\/v2\/product"}],"about":[{"href":"https:\/\/garazastyle.com\/de\/wp-json\/wp\/v2\/types\/product"}],"replies":[{"embeddable":true,"href":"https:\/\/garazastyle.com\/de\/wp-json\/wp\/v2\/comments?post=27676"}],"version-history":[{"count":0,"href":"https:\/\/garazastyle.com\/de\/wp-json\/wp\/v2\/product\/27676\/revisions"}],"wp:featuredmedia":[{"embeddable":true,"href":"https:\/\/garazastyle.com\/de\/wp-json\/wp\/v2\/media\/27641"}],"wp:attachment":[{"href":"https:\/\/garazastyle.com\/de\/wp-json\/wp\/v2\/media?parent=27676"}],"wp:term":[{"taxonomy":"brand","embeddable":true,"href":"https:\/\/garazastyle.com\/de\/wp-json\/wp\/v2\/etheme_brands?post=27676"},{"taxonomy":"product_brand","embeddable":true,"href":"https:\/\/garazastyle.com\/de\/wp-json\/wp\/v2\/product_brand?post=27676"},{"taxonomy":"product_cat","embeddable":true,"href":"https:\/\/garazastyle.com\/de\/wp-json\/wp\/v2\/product_cat?post=27676"},{"taxonomy":"product_tag","embeddable":true,"href":"https:\/\/garazastyle.com\/de\/wp-json\/wp\/v2\/product_tag?post=27676"}],"curies":[{"name":"wp","href":"https:\/\/api.w.org\/{rel}","templated":true}]}}