{"id":27444,"date":"2025-02-04T16:18:51","date_gmt":"2025-02-04T14:18:51","guid":{"rendered":"https:\/\/garazastyle.com\/product\/hijab-schal\/"},"modified":"2025-06-27T19:45:27","modified_gmt":"2025-06-27T16:45:27","slug":"hijab-schal","status":"publish","type":"product","link":"https:\/\/garazastyle.com\/de\/product\/hijab-schal\/","title":{"rendered":"Hijab Schal"},"content":{"rendered":"<p>Verleihen Sie Ihrem Stil das gewisse Etwas mit diesem leichten Schal, der in einzigartigen Farbt\u00f6nen erh\u00e4ltlich ist. Jede Farbvariante bringt einen Hauch von Eleganz und nat\u00fcrlichem Charme in Ihr Outfit. <\/p>\n<p>Materialinformation: Hergestellt aus Baumwolle, die ein Gef\u00fchl von Weichheit und Luxus vermittelt. Gr\u00f6\u00dfe: 75 \u00d7 185 cm \u2013 bietet gro\u00dfz\u00fcgige Bedeckung und vielseitige Stylingm\u00f6glichkeiten. <\/p>\n<p>Pflegeleicht: Der Schal kann bei Bedarf einfach per Hand gewaschen werden. Dieses vielseitige Accessoire dient als Hijab-Schal, muslimisches Kopftuch, muslimischer Schal, Chiffon-Hijab und ist ein unverzichtbares Element in jeder Schal-Kollektion f\u00fcr Damen \u2013 einschlie\u00dflich Kopft\u00fccher und Damenschals. <\/p>\n","protected":false},"excerpt":{"rendered":"<p>Verleihen Sie Ihrem Stil das gewisse Etwas mit diesem leichten Schal, der in einzigartigen Farbt\u00f6nen erh\u00e4ltlich ist. Jede Farbvariante bringt einen Hauch von Eleganz und nat\u00fcrlichem Charme in Ihr Outfit. Materialinformation: Hergestellt aus Baumwolle, die ein Gef\u00fchl von Weichheit und Luxus vermittelt. Gr\u00f6\u00dfe: 75 \u00d7&#8230;<\/p>\n","protected":false},"featured_media":27445,"comment_status":"open","ping_status":"closed","template":"","meta":[],"etheme_brands":[],"product_brand":[],"product_cat":[419,418],"product_tag":[],"class_list":{"0":"post-27444","1":"product","2":"type-product","3":"status-publish","4":"has-post-thumbnail","6":"product_cat-hijabs","7":"product_cat-muslimische-kleidung","8":"product_shipping_class-min-de","10":"first","11":"outofstock","12":"shipping-taxable","13":"purchasable","14":"product-type-variable","15":"has-default-attributes"},"_links":{"self":[{"href":"https:\/\/garazastyle.com\/de\/wp-json\/wp\/v2\/product\/27444","targetHints":{"allow":["GET"]}}],"collection":[{"href":"https:\/\/garazastyle.com\/de\/wp-json\/wp\/v2\/product"}],"about":[{"href":"https:\/\/garazastyle.com\/de\/wp-json\/wp\/v2\/types\/product"}],"replies":[{"embeddable":true,"href":"https:\/\/garazastyle.com\/de\/wp-json\/wp\/v2\/comments?post=27444"}],"version-history":[{"count":0,"href":"https:\/\/garazastyle.com\/de\/wp-json\/wp\/v2\/product\/27444\/revisions"}],"wp:featuredmedia":[{"embeddable":true,"href":"https:\/\/garazastyle.com\/de\/wp-json\/wp\/v2\/media\/27445"}],"wp:attachment":[{"href":"https:\/\/garazastyle.com\/de\/wp-json\/wp\/v2\/media?parent=27444"}],"wp:term":[{"taxonomy":"brand","embeddable":true,"href":"https:\/\/garazastyle.com\/de\/wp-json\/wp\/v2\/etheme_brands?post=27444"},{"taxonomy":"product_brand","embeddable":true,"href":"https:\/\/garazastyle.com\/de\/wp-json\/wp\/v2\/product_brand?post=27444"},{"taxonomy":"product_cat","embeddable":true,"href":"https:\/\/garazastyle.com\/de\/wp-json\/wp\/v2\/product_cat?post=27444"},{"taxonomy":"product_tag","embeddable":true,"href":"https:\/\/garazastyle.com\/de\/wp-json\/wp\/v2\/product_tag?post=27444"}],"curies":[{"name":"wp","href":"https:\/\/api.w.org\/{rel}","templated":true}]}}