{"id":27424,"date":"2025-02-04T16:19:22","date_gmt":"2025-02-04T14:19:22","guid":{"rendered":"https:\/\/garazastyle.com\/product\/kalter-weisser-bambus-hijab\/"},"modified":"2025-06-25T22:42:16","modified_gmt":"2025-06-25T19:42:16","slug":"kalter-weisser-bambus-hijab","status":"publish","type":"product","link":"https:\/\/garazastyle.com\/de\/product\/kalter-weisser-bambus-hijab\/","title":{"rendered":"Kalter Wei\u00dfer Bambus-Hijab"},"content":{"rendered":"<p>Dieser kalte wei\u00dfe Bambus-Schal erg\u00e4nzt m\u00fchelos jedes Outfit. Er l\u00e4sst sich als klassischer Hijab, eleganter Kopfschmuck oder modisches Accessoire stylen und unterstreicht sowohl Raffinesse als auch pers\u00f6nlichen Stil. Die klare wei\u00dfe Farbe macht ihn zur idealen Wahl f\u00fcr den Alltag ebenso wie f\u00fcr besondere Anl\u00e4sse.  <\/p>\n<h4>Hauptmerkmale<\/h4>\n<ul>\n<li><strong>Gr\u00f6\u00dfe:<\/strong> 70 \u00d7 190 cm \u2013 gro\u00dfz\u00fcgige Ma\u00dfe f\u00fcr einen anmutigen Fall.<\/li>\n<li><strong>Material:<\/strong> Hochwertiger Bambusstoff.<\/li>\n<li><strong>Leicht &amp; weich:<\/strong> Federleicht und sanft zur Haut.<\/li>\n<li><strong>Nat\u00fcrliche Eigenschaften:<\/strong> Antibakteriell und hypoallergen \u2013 ideal f\u00fcr empfindliche Haut.<\/li>\n<li><strong>Langlebigkeit:<\/strong> UV-best\u00e4ndig \u2013 beh\u00e4lt seine frische Farbe und Stoffqualit\u00e4t auch bei l\u00e4ngerer Nutzung.<\/li>\n<\/ul>\n<h4>Pflegeleicht<\/h4>\n<p>Schonende Handw\u00e4sche hilft, das makellose Aussehen des Schals zu bewahren.<\/p>\n","protected":false},"excerpt":{"rendered":"<p><strong>Mehr als nur ein gew\u00f6hnlicher Hijab \u2013 gefertigt aus einzigartigem Bambusstoff f\u00fcr h\u00f6chsten Tragekomfort.<\/strong> Leicht, weich und atmungsaktiv \u2013 f\u00fcr ein angenehmes Tragegef\u00fchl den ganzen Tag \u00fcber.<br \/>Der kalte Wei\u00dfton erinnert an die Reinheit von frischem Schnee und verleiht jedem Look Frische und Eleganz.Vielseitig und stilvoll \u2013 ein unverzichtbares Accessoire in jeder zur\u00fcckhaltenden Garderobe.  <\/p>\n<p><strong>Hinweis:<\/strong> Sonderpreis beim Kauf dieses Hijabs \u2013 erhalten Sie den exklusiven <strong>Supreme Hold Hijab<\/strong> zum Vorteilspreis + ein Set Magnetnadeln gratis als <strong>Geschenk.<\/strong><\/p>\n","protected":false},"featured_media":27425,"comment_status":"open","ping_status":"closed","template":"","meta":[],"etheme_brands":[],"product_brand":[351],"product_cat":[419,418,462],"product_tag":[],"class_list":{"0":"post-27424","1":"product","2":"type-product","3":"status-publish","4":"has-post-thumbnail","6":"product_brand-simple-hijab","7":"product_cat-hijabs","8":"product_cat-muslimische-kleidung","9":"product_cat-scarves","10":"product_shipping_class-min-de","12":"first","13":"outofstock","14":"shipping-taxable","15":"purchasable","16":"product-type-variable","17":"has-default-attributes"},"_links":{"self":[{"href":"https:\/\/garazastyle.com\/de\/wp-json\/wp\/v2\/product\/27424","targetHints":{"allow":["GET"]}}],"collection":[{"href":"https:\/\/garazastyle.com\/de\/wp-json\/wp\/v2\/product"}],"about":[{"href":"https:\/\/garazastyle.com\/de\/wp-json\/wp\/v2\/types\/product"}],"replies":[{"embeddable":true,"href":"https:\/\/garazastyle.com\/de\/wp-json\/wp\/v2\/comments?post=27424"}],"version-history":[{"count":0,"href":"https:\/\/garazastyle.com\/de\/wp-json\/wp\/v2\/product\/27424\/revisions"}],"wp:featuredmedia":[{"embeddable":true,"href":"https:\/\/garazastyle.com\/de\/wp-json\/wp\/v2\/media\/27425"}],"wp:attachment":[{"href":"https:\/\/garazastyle.com\/de\/wp-json\/wp\/v2\/media?parent=27424"}],"wp:term":[{"taxonomy":"brand","embeddable":true,"href":"https:\/\/garazastyle.com\/de\/wp-json\/wp\/v2\/etheme_brands?post=27424"},{"taxonomy":"product_brand","embeddable":true,"href":"https:\/\/garazastyle.com\/de\/wp-json\/wp\/v2\/product_brand?post=27424"},{"taxonomy":"product_cat","embeddable":true,"href":"https:\/\/garazastyle.com\/de\/wp-json\/wp\/v2\/product_cat?post=27424"},{"taxonomy":"product_tag","embeddable":true,"href":"https:\/\/garazastyle.com\/de\/wp-json\/wp\/v2\/product_tag?post=27424"}],"curies":[{"name":"wp","href":"https:\/\/api.w.org\/{rel}","templated":true}]}}