{"id":27410,"date":"2025-02-04T16:19:36","date_gmt":"2025-02-04T14:19:36","guid":{"rendered":"https:\/\/garazastyle.com\/product\/khimar-rock-aisha-grey\/"},"modified":"2025-02-04T16:19:36","modified_gmt":"2025-02-04T14:19:36","slug":"khimar-rock-aisha-grey","status":"publish","type":"product","link":"https:\/\/garazastyle.com\/de\/product\/khimar-rock-aisha-grey\/","title":{"rendered":"Khimar &amp; Rock \u2013 Aisha Grey"},"content":{"rendered":"<ul>\n<li><b>Hauptmaterial:<\/b> Dieses Set ist aus <b>Abaya Seide<\/b> gefertigt \u2013 ein Stoff, der speziell f\u00fcr die Herstellung von Abayas, Khimars und Kleidern f\u00fcr muslimische Frauen entwickelt wurde. Er zeichnet sich durch eine glatte, weiche Textur und einen charakteristischen Glanz aus. <\/li>\n<li><b>Stoffeigenschaften:<\/b> Atmungsaktivit\u00e4t, Feuchtigkeitsaufnahme und Leichtigkeit machen dieses Set besonders angenehm f\u00fcr den ganzt\u00e4gigen Tragekomfort.<\/li>\n<li><b>Kopf- und \u00c4rmeleins\u00e4tze:<\/b> Gefertigt aus weichem Jersey-Stoff \u2013 f\u00fcr zus\u00e4tzlichen Komfort und optimale Atmungsaktivit\u00e4t.<\/li>\n<li><strong>Materialzusammensetzung:<\/strong> 62\u202f% Viskose, 28\u202f% Polyester, 10\u202f% Elasthan.<br \/>Diese Kombination sorgt f\u00fcr eine leichte und flexible Passform und vereint Eleganz mit Funktionalit\u00e4t. <\/li>\n<\/ul>\n<h3>Pflegehinweise<\/h3>\n<p>To maintain the impeccable quality and longevity of your set, gentle care is recommended:<\/p>\n<ul>\n<li>Schonend bei <b>30\u202f\u00b0C<\/b> im <b>Feinwaschgang waschen<\/b>, um die Struktur des Stoffes zu bewahren.<\/li>\n<li>Vorsichtig behandeln, um die Lebensdauer des Kleidungsst\u00fccks zu verl\u00e4ngern.<\/li>\n<\/ul>\n<p>Bleiben Sie stilvoll und selbstbewusst mit dem <b>Classic Khimar &amp; Rock-Set<\/b> \u2013 die perfekte Verbindung von Bescheidenheit und praktischer Alltagstauglichkeit.<\/p>\n","protected":false},"excerpt":{"rendered":"<p>Dieses Set vereint Luxus und Funktionalit\u00e4t und schafft einen eleganten Look f\u00fcr jeden Anlass. Der leichte, atmungsaktive Stoff f\u00fchlt sich angenehm auf der Haut an und sorgt f\u00fcr ganzt\u00e4gigen Tragekomfort. Das Aisha Grey Set ist ideal f\u00fcr jede Jahreszeit und passt sich m\u00fchelos sowohl dem Alltag als auch besonderen Momenten an.  <\/p>\n<p><b>Hinweis:<\/b> Beim Kauf dieses Sets erhalten Sie den exklusiven <b>Supreme Hold Hijab <\/b>zum Sonderpreis + magnetische Hijab-Nadeln <b>gratis dazu<\/b>.<\/p>\n","protected":false},"featured_media":27411,"comment_status":"open","ping_status":"closed","template":"","meta":[],"etheme_brands":[],"product_brand":[],"product_cat":[436,418],"product_tag":[],"class_list":{"0":"post-27410","1":"product","2":"type-product","3":"status-publish","4":"has-post-thumbnail","6":"product_cat-khimars","7":"product_cat-muslimische-kleidung","8":"product_shipping_class-max-de","10":"first","11":"outofstock","12":"shipping-taxable","13":"purchasable","14":"product-type-variable","15":"has-default-attributes"},"_links":{"self":[{"href":"https:\/\/garazastyle.com\/de\/wp-json\/wp\/v2\/product\/27410","targetHints":{"allow":["GET"]}}],"collection":[{"href":"https:\/\/garazastyle.com\/de\/wp-json\/wp\/v2\/product"}],"about":[{"href":"https:\/\/garazastyle.com\/de\/wp-json\/wp\/v2\/types\/product"}],"replies":[{"embeddable":true,"href":"https:\/\/garazastyle.com\/de\/wp-json\/wp\/v2\/comments?post=27410"}],"version-history":[{"count":0,"href":"https:\/\/garazastyle.com\/de\/wp-json\/wp\/v2\/product\/27410\/revisions"}],"wp:featuredmedia":[{"embeddable":true,"href":"https:\/\/garazastyle.com\/de\/wp-json\/wp\/v2\/media\/27411"}],"wp:attachment":[{"href":"https:\/\/garazastyle.com\/de\/wp-json\/wp\/v2\/media?parent=27410"}],"wp:term":[{"taxonomy":"brand","embeddable":true,"href":"https:\/\/garazastyle.com\/de\/wp-json\/wp\/v2\/etheme_brands?post=27410"},{"taxonomy":"product_brand","embeddable":true,"href":"https:\/\/garazastyle.com\/de\/wp-json\/wp\/v2\/product_brand?post=27410"},{"taxonomy":"product_cat","embeddable":true,"href":"https:\/\/garazastyle.com\/de\/wp-json\/wp\/v2\/product_cat?post=27410"},{"taxonomy":"product_tag","embeddable":true,"href":"https:\/\/garazastyle.com\/de\/wp-json\/wp\/v2\/product_tag?post=27410"}],"curies":[{"name":"wp","href":"https:\/\/api.w.org\/{rel}","templated":true}]}}