{"id":27381,"date":"2025-02-04T16:19:54","date_gmt":"2025-02-04T14:19:54","guid":{"rendered":"https:\/\/garazastyle.com\/product\/tunika-maxirock-samira\/"},"modified":"2025-02-04T16:19:54","modified_gmt":"2025-02-04T14:19:54","slug":"tunika-maxirock-samira","status":"publish","type":"product","link":"https:\/\/garazastyle.com\/de\/product\/tunika-maxirock-samira\/","title":{"rendered":"Tunika &amp; Maxirock \u2013 Samira"},"content":{"rendered":"<h4>Tunika:<\/h4>\n<ul>\n<li>Gerader Schnitt mit Seitenschlitzen \u2013 Schlitzl\u00e4nge: <b>66 cm<\/b><\/li>\n<li>L\u00e4nge: <b>132 cm<\/b><\/li>\n<li>\u00c4rmell\u00e4nge (ab Halsausschnitt): <b>74 cm<\/b><\/li>\n<li>Brustumfang: <b>160 cm<\/b><\/li>\n<\/ul>\n<h4>Rock:<\/h4>\n<ul>\n<li>Halb ausgestellter Schnitt f\u00fcr eine bequeme Passform<\/li>\n<li><b>L\u00e4nge:<\/b> 105 cm.<\/li>\n<\/ul>\n<h4>Pflegehinweise:<\/h4>\n<p>Waschen bei <b>30\u202f\u00b0C<\/b> im Handwaschmodus<\/p>\n","protected":false},"excerpt":{"rendered":"<p><strong>Ein bequemes und praktisches Set f\u00fcr jeden Anlass <\/strong>Der flie\u00dfende Maxirock unterstreicht die feminine Ausstrahlung, w\u00e4hrend die lockere Tunika eine komfortable Silhouette bietet. Dieses Set eignet sich perfekt sowohl f\u00fcr den Alltag als auch f\u00fcr besondere Anl\u00e4sse. <\/p>\n<p><b>Hinweis:<\/b> Beim Kauf dieses Sets erhalten Sie den exklusiven <b>Supreme Hold Hijab <\/b>zum Sonderpreis + magnetische Hijab-Nadeln <b>gratis dazu<\/b>.<\/p>\n","protected":false},"featured_media":27382,"comment_status":"open","ping_status":"closed","template":"","meta":[],"etheme_brands":[],"product_brand":[],"product_cat":[418,482],"product_tag":[],"class_list":{"0":"post-27381","1":"product","2":"type-product","3":"status-publish","4":"has-post-thumbnail","6":"product_cat-muslimische-kleidung","7":"product_cat-modest-skirts-de","8":"product_shipping_class-max-de","10":"first","11":"outofstock","12":"sale","13":"shipping-taxable","14":"purchasable","15":"product-type-variable","16":"has-default-attributes"},"_links":{"self":[{"href":"https:\/\/garazastyle.com\/de\/wp-json\/wp\/v2\/product\/27381","targetHints":{"allow":["GET"]}}],"collection":[{"href":"https:\/\/garazastyle.com\/de\/wp-json\/wp\/v2\/product"}],"about":[{"href":"https:\/\/garazastyle.com\/de\/wp-json\/wp\/v2\/types\/product"}],"replies":[{"embeddable":true,"href":"https:\/\/garazastyle.com\/de\/wp-json\/wp\/v2\/comments?post=27381"}],"version-history":[{"count":0,"href":"https:\/\/garazastyle.com\/de\/wp-json\/wp\/v2\/product\/27381\/revisions"}],"wp:featuredmedia":[{"embeddable":true,"href":"https:\/\/garazastyle.com\/de\/wp-json\/wp\/v2\/media\/27382"}],"wp:attachment":[{"href":"https:\/\/garazastyle.com\/de\/wp-json\/wp\/v2\/media?parent=27381"}],"wp:term":[{"taxonomy":"brand","embeddable":true,"href":"https:\/\/garazastyle.com\/de\/wp-json\/wp\/v2\/etheme_brands?post=27381"},{"taxonomy":"product_brand","embeddable":true,"href":"https:\/\/garazastyle.com\/de\/wp-json\/wp\/v2\/product_brand?post=27381"},{"taxonomy":"product_cat","embeddable":true,"href":"https:\/\/garazastyle.com\/de\/wp-json\/wp\/v2\/product_cat?post=27381"},{"taxonomy":"product_tag","embeddable":true,"href":"https:\/\/garazastyle.com\/de\/wp-json\/wp\/v2\/product_tag?post=27381"}],"curies":[{"name":"wp","href":"https:\/\/api.w.org\/{rel}","templated":true}]}}