{"id":27372,"date":"2025-02-04T16:20:04","date_gmt":"2025-02-04T14:20:04","guid":{"rendered":"https:\/\/garazastyle.com\/product\/modest-maxikleid-muslin-indigo\/"},"modified":"2025-02-04T16:20:04","modified_gmt":"2025-02-04T14:20:04","slug":"modest-maxikleid-muslin-indigo","status":"publish","type":"product","link":"https:\/\/garazastyle.com\/de\/product\/modest-maxikleid-muslin-indigo\/","title":{"rendered":"Modest Maxikleid \u2013 Muslin Indigo"},"content":{"rendered":"<h4>Hauptmerkmale<\/h4>\n<ul>\n<li><b>Material:<\/b> Musselin \u2013 leicht und atmungsaktiv, ideal f\u00fcr warme Sommertage.<\/li>\n<li><b>L\u00e4nge:<\/b> Standardl\u00e4nge des Kleides \u2013 146 cm.<\/li>\n<li><b>Model auf dem Foto:<\/b> K\u00f6rpergr\u00f6\u00dfe 165 cm.<\/li>\n<li><b>Pflege:<\/b> Waschen bei maximal 30\u202f\u00b0C, um die Qualit\u00e4t und Farbe des Stoffes zu erhalten.<\/li>\n<\/ul>\n","protected":false},"excerpt":{"rendered":"<h4>Erleben Sie den Komfort eines Maxikleides aus Musselin.<\/h4>\n<p>Dieses vielseitige Kleid in einem tiefen Indigoton vereint Zur\u00fcckhaltung mit modernem Stil und bietet einen zeitlosen und eleganten Look. Perfekt f\u00fcr den Alltag und besondere Anl\u00e4sse \u2013 es garantiert Bewegungsfreiheit und Tragekomfort den ganzen Tag \u00fcber. Auch erh\u00e4ltlich in Schwarz und Helloliv.  <\/p>\n<p><b>Hinweis:<\/b> Beim Kauf dieses Kleides erhalten Sie den exklusiven <b>Supreme Hold Hijab <\/b>zum Sonderpreis + magnetische Hijab-Nadeln <b>gratis dazu.<\/b><\/p>\n","protected":false},"featured_media":27373,"comment_status":"open","ping_status":"closed","template":"","meta":[],"etheme_brands":[],"product_brand":[],"product_cat":[425,418],"product_tag":[],"class_list":{"0":"post-27372","1":"product","2":"type-product","3":"status-publish","4":"has-post-thumbnail","6":"product_cat-modest-dresses","7":"product_cat-muslimische-kleidung","8":"product_shipping_class-max-de","10":"first","11":"outofstock","12":"shipping-taxable","13":"purchasable","14":"product-type-variable","15":"has-default-attributes"},"_links":{"self":[{"href":"https:\/\/garazastyle.com\/de\/wp-json\/wp\/v2\/product\/27372","targetHints":{"allow":["GET"]}}],"collection":[{"href":"https:\/\/garazastyle.com\/de\/wp-json\/wp\/v2\/product"}],"about":[{"href":"https:\/\/garazastyle.com\/de\/wp-json\/wp\/v2\/types\/product"}],"replies":[{"embeddable":true,"href":"https:\/\/garazastyle.com\/de\/wp-json\/wp\/v2\/comments?post=27372"}],"version-history":[{"count":0,"href":"https:\/\/garazastyle.com\/de\/wp-json\/wp\/v2\/product\/27372\/revisions"}],"wp:featuredmedia":[{"embeddable":true,"href":"https:\/\/garazastyle.com\/de\/wp-json\/wp\/v2\/media\/27373"}],"wp:attachment":[{"href":"https:\/\/garazastyle.com\/de\/wp-json\/wp\/v2\/media?parent=27372"}],"wp:term":[{"taxonomy":"brand","embeddable":true,"href":"https:\/\/garazastyle.com\/de\/wp-json\/wp\/v2\/etheme_brands?post=27372"},{"taxonomy":"product_brand","embeddable":true,"href":"https:\/\/garazastyle.com\/de\/wp-json\/wp\/v2\/product_brand?post=27372"},{"taxonomy":"product_cat","embeddable":true,"href":"https:\/\/garazastyle.com\/de\/wp-json\/wp\/v2\/product_cat?post=27372"},{"taxonomy":"product_tag","embeddable":true,"href":"https:\/\/garazastyle.com\/de\/wp-json\/wp\/v2\/product_tag?post=27372"}],"curies":[{"name":"wp","href":"https:\/\/api.w.org\/{rel}","templated":true}]}}