{"id":27369,"date":"2025-02-04T16:20:05","date_gmt":"2025-02-04T14:20:05","guid":{"rendered":"https:\/\/garazastyle.com\/product\/modest-freizeitkleid-naima\/"},"modified":"2025-02-04T16:20:05","modified_gmt":"2025-02-04T14:20:05","slug":"modest-freizeitkleid-naima","status":"publish","type":"product","link":"https:\/\/garazastyle.com\/de\/product\/modest-freizeitkleid-naima\/","title":{"rendered":"Modest Freizeitkleid \u2013 Naima"},"content":{"rendered":"<h4>Durchdachtes Design &amp; Komfort<\/h4>\n<ul>\n<li><b>\u2022 L\u00e4nge:<\/b> 145 cm<\/li>\n<li><b>\u2022 Brustumfang:<\/b> 118 cm (ideal f\u00fcr Gr\u00f6\u00dfen S\u2013M)<\/li>\n<li><b>\u2022 Kragen: <\/b>Stehkragen f\u00fcr einen gepflegten und eleganten Look<\/li>\n<li><b>\u2022 \u00c4rmel:<\/b> Gerade geschnitten f\u00fcr zus\u00e4tzlichen Komfort und Bewegungsfreiheit<\/li>\n<li><b>\u2022 Zierelement:<\/b> Ein einzigartiges Detail im Brustbereich verleiht dem Kleid Charakter<\/li>\n<\/ul>\n<h4>Pflegehinweise<\/h4>\n<ul>\n<li><b>Waschen bei 30\u202f\u00b0C<\/b> im <b>schonenden Handwaschgang,<\/b> um die Qualit\u00e4t des Stoffes zu erhalten.<\/li>\n<li>Verwenden Sie milde Waschmittel, um die Weichheit zu bewahren.<\/li>\n<li>Kein Bleichmittel verwenden.<\/li>\n<\/ul>\n<h4>Ein unverzichtbares Basic<\/h4>\n<p>Das Naima-Kleid ist die perfekte Wahl f\u00fcr alle, die Komfort, Stil und Liebe zum Detail sch\u00e4tzen.<\/p>\n","protected":false},"excerpt":{"rendered":"<h4>Erleben Sie Komfort mit dem langen Naima-Kleid.<\/h4>\n<p>Die bequeme Passform, das weiche Material und die durchdachten Details machen dieses Kleid zu einer gro\u00dfartigen Wahl f\u00fcr jede Gelegenheit. Sein vielseitiger Schnitt und die dezenten Verzierungen erm\u00f6glichen einfache Kombinationen f\u00fcr verschiedene Looks. <\/p>\n<p><b>Hinweis:<\/b> Beim Kauf dieses Kleides erhalten Sie den exklusiven <b>Supreme Hold Hijab <\/b>zum Sonderpreis + magnetische Hijab-Nadeln <b>gratis dazu.<\/b><\/p>\n","protected":false},"featured_media":27370,"comment_status":"open","ping_status":"closed","template":"","meta":[],"etheme_brands":[],"product_brand":[],"product_cat":[424,425,418],"product_tag":[],"class_list":{"0":"post-27369","1":"product","2":"type-product","3":"status-publish","4":"has-post-thumbnail","6":"product_cat-abayas","7":"product_cat-modest-dresses","8":"product_cat-muslimische-kleidung","9":"product_shipping_class-max-de","11":"first","12":"outofstock","13":"shipping-taxable","14":"purchasable","15":"product-type-variable","16":"has-default-attributes"},"_links":{"self":[{"href":"https:\/\/garazastyle.com\/de\/wp-json\/wp\/v2\/product\/27369","targetHints":{"allow":["GET"]}}],"collection":[{"href":"https:\/\/garazastyle.com\/de\/wp-json\/wp\/v2\/product"}],"about":[{"href":"https:\/\/garazastyle.com\/de\/wp-json\/wp\/v2\/types\/product"}],"replies":[{"embeddable":true,"href":"https:\/\/garazastyle.com\/de\/wp-json\/wp\/v2\/comments?post=27369"}],"version-history":[{"count":0,"href":"https:\/\/garazastyle.com\/de\/wp-json\/wp\/v2\/product\/27369\/revisions"}],"wp:featuredmedia":[{"embeddable":true,"href":"https:\/\/garazastyle.com\/de\/wp-json\/wp\/v2\/media\/27370"}],"wp:attachment":[{"href":"https:\/\/garazastyle.com\/de\/wp-json\/wp\/v2\/media?parent=27369"}],"wp:term":[{"taxonomy":"brand","embeddable":true,"href":"https:\/\/garazastyle.com\/de\/wp-json\/wp\/v2\/etheme_brands?post=27369"},{"taxonomy":"product_brand","embeddable":true,"href":"https:\/\/garazastyle.com\/de\/wp-json\/wp\/v2\/product_brand?post=27369"},{"taxonomy":"product_cat","embeddable":true,"href":"https:\/\/garazastyle.com\/de\/wp-json\/wp\/v2\/product_cat?post=27369"},{"taxonomy":"product_tag","embeddable":true,"href":"https:\/\/garazastyle.com\/de\/wp-json\/wp\/v2\/product_tag?post=27369"}],"curies":[{"name":"wp","href":"https:\/\/api.w.org\/{rel}","templated":true}]}}