{"id":27333,"date":"2025-03-25T22:02:55","date_gmt":"2025-03-25T20:02:55","guid":{"rendered":"https:\/\/garazastyle.com\/product\/gebetskleid-mit-schal-alia\/"},"modified":"2025-03-25T22:02:55","modified_gmt":"2025-03-25T20:02:55","slug":"gebetskleid-mit-schal-alia","status":"publish","type":"product","link":"https:\/\/garazastyle.com\/de\/product\/gebetskleid-mit-schal-alia\/","title":{"rendered":"Gebetskleid mit Schal \u2013 Alia"},"content":{"rendered":"<ul>\n<li><b>Stoff:<\/b> Cupro-Stapel \u2013 ultraleicht, blickdicht und angenehm weich auf der Haut. Kein Anhaften, keine statische Aufladung und kein Bedarf an zus\u00e4tzlicher Bekleidungsschicht. <\/li>\n<li><b>Schal:<\/b> Inklusive und farblich abgestimmt f\u00fcr ein harmonisches Gesamtbild.<\/li>\n<li><b>Verwendung:<\/b> Geeignet f\u00fcr das Gebet, f\u00fcr Zuhause oder f\u00fcr den Au\u00dfenbereich.<\/li>\n<li><b>Saison: <\/b>Ideal f\u00fcr den Sommer und die \u00dcbergangszeit.<\/li>\n<li><b>Kleidl\u00e4nge:<\/b> 158\u2013160 cm<\/li>\n<li><b>\u00c4rmell\u00e4nge:<\/b> 68 cm<\/li>\n<li><b>Brustumfang:<\/b> 144 cm<\/li>\n<li>Ma\u00dfe k\u00f6nnen leicht abweichen (\u00b11\u20132 cm).<\/li>\n<\/ul>\n<h4>Pflegehinweise:<\/h4>\n<p>Schonende Hand &#8211; oder Maschinenw\u00e4sche bei bis zu 30 \u00b0C.<br \/>\nVerwenden Sie milde Waschmittel, vermeiden Sie Bleichmittel und starkes Schleudern.<br \/>\nFlach und au\u00dferhalb direkter Sonneneinstrahlung trocknen, um die Qualit\u00e4t des Stoffes zu erhalten.<\/p>\n","protected":false},"excerpt":{"rendered":"<p><b>Entwickelt f\u00fcr Komfort und Leichtigkeit \u2013 ideal f\u00fcr Gebet, Zuhause und den Alltag. <\/b>Dieses lange Kleid erf\u00fcllt die t\u00e4glichen Bed\u00fcrfnisse der modernen muslimischen Frau. Der atmungsaktive, leichte <b>Cupro-Stapelstoff<\/b> sorgt f\u00fcr zuverl\u00e4ssige Bedeckung ohne Transparenz und bietet volle Bewegungsfreiheit. Der farblich passende Schal vervollst\u00e4ndigt das Outfit und verleiht ihm praktische Eleganz. Ob beim Gebet, beim Entspannen zu Hause oder unterwegs \u2013 dieses Kleid unterst\u00fctzt einen bescheidenen und m\u00fchelosen Lebensstil. Der braun-t\u00fcrkisfarbene Ton bringt W\u00e4rme und einen dezenten Farbakzent in Ihre Garderobe.    <\/p>\n<p><b>Hinweis:<\/b> Beim Kauf dieses Kleides erhalten Sie den exklusiven <b>Supreme Hold Hijab <\/b>zum Sonderpreis + magnetische Hijab-Nadeln <b>gratis dazu.<\/b><\/p>\n","protected":false},"featured_media":23632,"comment_status":"open","ping_status":"closed","template":"","meta":[],"etheme_brands":[],"product_brand":[],"product_cat":[438,418],"product_tag":[],"class_list":{"0":"post-27333","1":"product","2":"type-product","3":"status-publish","4":"has-post-thumbnail","6":"product_cat-prayer-dresses","7":"product_cat-muslimische-kleidung","9":"first","10":"outofstock","11":"shipping-taxable","12":"purchasable","13":"product-type-variable","14":"has-default-attributes"},"_links":{"self":[{"href":"https:\/\/garazastyle.com\/de\/wp-json\/wp\/v2\/product\/27333","targetHints":{"allow":["GET"]}}],"collection":[{"href":"https:\/\/garazastyle.com\/de\/wp-json\/wp\/v2\/product"}],"about":[{"href":"https:\/\/garazastyle.com\/de\/wp-json\/wp\/v2\/types\/product"}],"replies":[{"embeddable":true,"href":"https:\/\/garazastyle.com\/de\/wp-json\/wp\/v2\/comments?post=27333"}],"version-history":[{"count":0,"href":"https:\/\/garazastyle.com\/de\/wp-json\/wp\/v2\/product\/27333\/revisions"}],"wp:featuredmedia":[{"embeddable":true,"href":"https:\/\/garazastyle.com\/de\/wp-json\/wp\/v2\/media\/23632"}],"wp:attachment":[{"href":"https:\/\/garazastyle.com\/de\/wp-json\/wp\/v2\/media?parent=27333"}],"wp:term":[{"taxonomy":"brand","embeddable":true,"href":"https:\/\/garazastyle.com\/de\/wp-json\/wp\/v2\/etheme_brands?post=27333"},{"taxonomy":"product_brand","embeddable":true,"href":"https:\/\/garazastyle.com\/de\/wp-json\/wp\/v2\/product_brand?post=27333"},{"taxonomy":"product_cat","embeddable":true,"href":"https:\/\/garazastyle.com\/de\/wp-json\/wp\/v2\/product_cat?post=27333"},{"taxonomy":"product_tag","embeddable":true,"href":"https:\/\/garazastyle.com\/de\/wp-json\/wp\/v2\/product_tag?post=27333"}],"curies":[{"name":"wp","href":"https:\/\/api.w.org\/{rel}","templated":true}]}}