{"id":26720,"date":"2025-02-04T05:00:50","date_gmt":"2025-02-04T03:00:50","guid":{"rendered":"https:\/\/garazastyle.com\/product\/maxi-sweatshirt\/"},"modified":"2025-02-04T05:00:50","modified_gmt":"2025-02-04T03:00:50","slug":"maxi-sweatshirt","status":"publish","type":"product","link":"https:\/\/garazastyle.com\/de\/product\/maxi-sweatshirt\/","title":{"rendered":"Maxi Sweatshirt"},"content":{"rendered":"<h4>Specifications:<\/h4>\n<ul>\n<li><b>Gr\u00f6\u00dfe 1 (XS\u2013S):<\/b> L\u00e4nge 132 cm<\/li>\n<li><b>Gr\u00f6\u00dfe 2 (M\u2013L):<\/b> L\u00e4nge 137 cm<\/li>\n<li><b>Schulterbreite:<\/b> 45 cm<\/li>\n<li><b>\u00c4rmell\u00e4nge<\/b>: 60 cm<\/li>\n<li><b>Dekorative Tasche<\/b><\/li>\n<\/ul>\n<p><b>Modelgr\u00f6\u00dfen auf den Fotos<\/b>: 160 cm und 173 cm<\/p>\n","protected":false},"excerpt":{"rendered":"<p><b>W\u00e4rme &amp; Komfort:<\/b> Perfekt zum Kombinieren unter einem Mantel im Winter und ideal f\u00fcr den Fr\u00fchling, wenn man Leichtigkeit und Gem\u00fctlichkeit sucht.<\/p>\n<p>Ein leichter, aber warmer Stoff sorgt f\u00fcr angenehmen Tragekomfort bei jedem Wetter. Geb\u00fcrsteter Fleece \u2013 weich, angenehm auf der Haut und hervorragend w\u00e4rmend. Der lockere Schnitt erm\u00f6glicht vielseitige Kombinationen mit Basics aus jeder Garderobe. Geeignet f\u00fcr Spazierg\u00e4nge, Reisen, Aktivit\u00e4ten im Freien und den Alltag.   <\/p>\n<p><b>Hinweis:<\/b> Sonderpreis beim Kauf dieses Sweatshirts \u2013 erhalten Sie den exklusiven <b>Supreme Hold Hijab<\/b> zum Vorteilspreis + ein Set Magnetnadeln <b>gratis als Geschenk.<\/b><\/p>\n","protected":false},"featured_media":26721,"comment_status":"open","ping_status":"closed","template":"","meta":[],"etheme_brands":[],"product_brand":[],"product_cat":[425,418,433],"product_tag":[],"class_list":{"0":"post-26720","1":"product","2":"type-product","3":"status-publish","4":"has-post-thumbnail","6":"product_cat-modest-dresses","7":"product_cat-muslimische-kleidung","8":"product_cat-sports-hijab-style","9":"product_shipping_class-max-de","11":"first","12":"instock","13":"shipping-taxable","14":"purchasable","15":"product-type-variable","16":"has-default-attributes"},"_links":{"self":[{"href":"https:\/\/garazastyle.com\/de\/wp-json\/wp\/v2\/product\/26720","targetHints":{"allow":["GET"]}}],"collection":[{"href":"https:\/\/garazastyle.com\/de\/wp-json\/wp\/v2\/product"}],"about":[{"href":"https:\/\/garazastyle.com\/de\/wp-json\/wp\/v2\/types\/product"}],"replies":[{"embeddable":true,"href":"https:\/\/garazastyle.com\/de\/wp-json\/wp\/v2\/comments?post=26720"}],"version-history":[{"count":0,"href":"https:\/\/garazastyle.com\/de\/wp-json\/wp\/v2\/product\/26720\/revisions"}],"wp:featuredmedia":[{"embeddable":true,"href":"https:\/\/garazastyle.com\/de\/wp-json\/wp\/v2\/media\/26721"}],"wp:attachment":[{"href":"https:\/\/garazastyle.com\/de\/wp-json\/wp\/v2\/media?parent=26720"}],"wp:term":[{"taxonomy":"brand","embeddable":true,"href":"https:\/\/garazastyle.com\/de\/wp-json\/wp\/v2\/etheme_brands?post=26720"},{"taxonomy":"product_brand","embeddable":true,"href":"https:\/\/garazastyle.com\/de\/wp-json\/wp\/v2\/product_brand?post=26720"},{"taxonomy":"product_cat","embeddable":true,"href":"https:\/\/garazastyle.com\/de\/wp-json\/wp\/v2\/product_cat?post=26720"},{"taxonomy":"product_tag","embeddable":true,"href":"https:\/\/garazastyle.com\/de\/wp-json\/wp\/v2\/product_tag?post=26720"}],"curies":[{"name":"wp","href":"https:\/\/api.w.org\/{rel}","templated":true}]}}