{"id":26570,"date":"2025-02-04T16:19:16","date_gmt":"2025-02-04T14:19:16","guid":{"rendered":"https:\/\/garazastyle.com\/product\/peachfarbener-bambus-hijab\/"},"modified":"2025-02-04T16:19:16","modified_gmt":"2025-02-04T14:19:16","slug":"peachfarbener-bambus-hijab","status":"publish","type":"product","link":"https:\/\/garazastyle.com\/de\/product\/peachfarbener-bambus-hijab\/","title":{"rendered":"Peachfarbener Bambus Hijab"},"content":{"rendered":"<p>Dieser pfirsichfarbene <b>Bambus Schal<\/b> erg\u00e4nzt jedes Outfit auf harmonische Weise. Er kann als klassischer Hijab, eleganter Kopfschmuck oder modisches Accessoire getragen werden und verleiht Ihrem Look eine raffinierte und anmutige Note. Sein sanfter, warmer Farbton macht ihn zur idealen Wahl sowohl f\u00fcr den Alltag als auch f\u00fcr festliche Anl\u00e4sse.  <\/p>\n<h4>Hauptmerkmale<\/h4>\n<ul>\n<li><b>Gr\u00f6\u00dfe:<\/b> 70 \u00d7 190 cm \u2013 ideale Ma\u00dfe f\u00fcr vielf\u00e4ltige Styling-Optionen.<\/li>\n<li><b>Material:<\/b> Hochwertiger Bambusstoff.<\/li>\n<li><b>Leicht &amp; weich:<\/b> Federleicht und sanft zur Haut.<\/li>\n<li><b>Nat\u00fcrliche Eigenschaften:<\/b> Antibakteriell und hypoallergen \u2013 ideal f\u00fcr empfindliche Haut.<\/li>\n<li><b>Haltbarkeit:<\/b> UV-best\u00e4ndig \u2013 beh\u00e4lt seinen sanften Farbton und die Stoffqualit\u00e4t \u00fcber lange Zeit.<\/li>\n<\/ul>\n<h4>Pflegeleicht<\/h4>\n<p>Schonende Handw\u00e4sche hilft, das makellose Aussehen des Schals zu bewahren.<\/p>\n","protected":false},"excerpt":{"rendered":"<p><b>Mehr als nur ein gew\u00f6hnlicher Hijab \u2013 gefertigt aus einzigartigem Bambusstoff f\u00fcr h\u00f6chsten Tragekomfort.<\/b> Leicht, weich und atmungsaktiv \u2013 dieser Hijab sorgt den ganzen Tag \u00fcber f\u00fcr ein angenehmes Tragegef\u00fchl. Der zarte <b>Pfirsichton<\/b> verleiht jedem Outfit eine warme und feminine Note \u2013 eine perfekte Kombination aus dezenter Eleganz und Vielseitigkeit. Ob im Alltag oder zu besonderen Anl\u00e4ssen getragen, dieser Hijab bereichert jeden Look mit seiner sanften und einladenden Ausstrahlung.  <\/p>\n<p><b>Hinweis:<\/b> Sonderpreis beim Kauf dieses Hijabs \u2013 erhalten Sie den exklusiven <b>Supreme Hold Hijab <\/b>zum Vorteilspreis + ein Set Magnetnadeln <b>gratis als Geschenk.<\/b><\/p>\n","protected":false},"featured_media":26571,"comment_status":"open","ping_status":"closed","template":"","meta":[],"etheme_brands":[],"product_brand":[351],"product_cat":[419,418,462],"product_tag":[],"class_list":{"0":"post-26570","1":"product","2":"type-product","3":"status-publish","4":"has-post-thumbnail","6":"product_brand-simple-hijab","7":"product_cat-hijabs","8":"product_cat-muslimische-kleidung","9":"product_cat-scarves","10":"product_shipping_class-min-de","12":"first","13":"instock","14":"shipping-taxable","15":"purchasable","16":"product-type-variable","17":"has-default-attributes"},"_links":{"self":[{"href":"https:\/\/garazastyle.com\/de\/wp-json\/wp\/v2\/product\/26570","targetHints":{"allow":["GET"]}}],"collection":[{"href":"https:\/\/garazastyle.com\/de\/wp-json\/wp\/v2\/product"}],"about":[{"href":"https:\/\/garazastyle.com\/de\/wp-json\/wp\/v2\/types\/product"}],"replies":[{"embeddable":true,"href":"https:\/\/garazastyle.com\/de\/wp-json\/wp\/v2\/comments?post=26570"}],"version-history":[{"count":0,"href":"https:\/\/garazastyle.com\/de\/wp-json\/wp\/v2\/product\/26570\/revisions"}],"wp:featuredmedia":[{"embeddable":true,"href":"https:\/\/garazastyle.com\/de\/wp-json\/wp\/v2\/media\/26571"}],"wp:attachment":[{"href":"https:\/\/garazastyle.com\/de\/wp-json\/wp\/v2\/media?parent=26570"}],"wp:term":[{"taxonomy":"brand","embeddable":true,"href":"https:\/\/garazastyle.com\/de\/wp-json\/wp\/v2\/etheme_brands?post=26570"},{"taxonomy":"product_brand","embeddable":true,"href":"https:\/\/garazastyle.com\/de\/wp-json\/wp\/v2\/product_brand?post=26570"},{"taxonomy":"product_cat","embeddable":true,"href":"https:\/\/garazastyle.com\/de\/wp-json\/wp\/v2\/product_cat?post=26570"},{"taxonomy":"product_tag","embeddable":true,"href":"https:\/\/garazastyle.com\/de\/wp-json\/wp\/v2\/product_tag?post=26570"}],"curies":[{"name":"wp","href":"https:\/\/api.w.org\/{rel}","templated":true}]}}