{"id":26497,"date":"2025-03-07T22:30:25","date_gmt":"2025-03-07T20:30:25","guid":{"rendered":"https:\/\/garazastyle.com\/product\/premium-jersey-kapuze-fuer-den-hijab\/"},"modified":"2025-10-23T14:57:09","modified_gmt":"2025-10-23T11:57:09","slug":"premium-jersey-kapuze-fuer-den-hijab","status":"publish","type":"product","link":"https:\/\/garazastyle.com\/de\/product\/premium-jersey-kapuze-fuer-den-hijab\/","title":{"rendered":"Premium Jersey Kapuze f\u00fcr den Hijab"},"content":{"rendered":"<p>Unsere Jersey-Kapuze wurde f\u00fcr Frauen entworfen, die Wert auf ein ausgewogenes Verh\u00e4ltnis zwischen Bedeckung, Eleganz und modernem Stil legen. Hergestellt aus hochwertigem Jersey-Stoff, bietet sie au\u00dfergew\u00f6hnliche Weichheit, Elastizit\u00e4t und Langlebigkeit. Das leichte und atmungsaktive Material sorgt den ganzen Tag \u00fcber f\u00fcr Komfort, w\u00e4hrend die moderate Dehnbarkeit eine sichere und dennoch bequeme Passform gew\u00e4hrleistet. Im Gegensatz zu durchsichtigen Stoffen ist sie vollkommen blickdicht und bietet so Sicherheit und vollst\u00e4ndige Bedeckung.   <\/p>\n<h4>Hauptmerkmale<\/h4>\n<ul>\n<li><strong>Material:<\/strong> Premium Jersey \u2013 weich, atmungsaktiv und langlebig.<\/li>\n<li><strong>Dehnbarkeit &amp; Komfort:<\/strong> Sanfte Elastizit\u00e4t f\u00fcr eine sichere und bequeme Passform.<\/li>\n<li><strong>Volle Bedeckung: <\/strong>Blickdichtes Material f\u00fcr Selbstbewusstsein und Bescheidenheit.<\/li>\n<li><strong>Vielseitigkeit:<\/strong> Perfekte Erg\u00e4nzung zu klassischer, formeller, sportlicher und legerer Kleidung.<\/li>\n<li><strong>Form &amp; Anpassungsf\u00e4higkeit:<\/strong> Beh\u00e4lt seine Struktur bei und erm\u00f6glicht dennoch volle Bewegungsfreiheit.<\/li>\n<\/ul>\n<h4>Pflegeleicht<\/h4>\n<p>Diese Jersey Kapuze ist pflegeleicht und beh\u00e4lt auch bei h\u00e4ufiger Nutzung ihre Weichheit und ihren luxuri\u00f6sen Griff. Eine schonende Handw\u00e4sche wird empfohlen. <\/p>\n","protected":false},"excerpt":{"rendered":"<p>Die Jersey-Kapuze von Garaza wurde f\u00fcr ganzt\u00e4gigen Tragekomfort entworfen. Der leichte und atmungsaktive Stoff f\u00fchlt sich weich auf der Haut an, w\u00e4hrend das durchdachte Design f\u00fcr einen sicheren Sitz ohne Enge sorgt. Dieses vielseitige Accessoire passt perfekt zu unserem renommierten Supreme Hold Hijab, der beim Kauf zusammen mit der Kapuze zum Sonderpreis erh\u00e4ltlich ist. Es harmoniert ebenso wunderbar mit jedem eleganten Schal \u2013 von festlicher Kleidung \u00fcber Sportoutfits bis hin zu Alltagslooks.  <\/p>\n<p><strong>Wichtiger Hinweis:<\/strong> Das Untertuch ist nicht im Set enthalten. Nutzen Sie unser attraktives Bundle-Angebot \u2013 anstelle eines Standard-Untertuchs erhalten Sie unseren exklusiven <strong>Supreme Hold Hijab<\/strong>, der perfekt zur Jersey-Kapuze und einem klassischen Schal passt.<br \/>Und als besondere \u00dcberraschung erhalten Sie ein Set magnetischer Hijab-Pins gratis zu Ihrer Bestellung!<\/p>\n<p><strong>Und au\u00dferdem erwartet Sie eine besondere \u00dcberraschung \u2013 ein kostenloses Set magnetischer Hijab-Pins, das Ihrer Bestellung als Geschenk beiliegt!<\/strong><\/p>\n","protected":false},"featured_media":25728,"comment_status":"open","ping_status":"closed","template":"","meta":[],"etheme_brands":[],"product_brand":[350],"product_cat":[419,460,418],"product_tag":[],"class_list":{"0":"post-26497","1":"product","2":"type-product","3":"status-publish","4":"has-post-thumbnail","6":"product_brand-hoods","7":"product_cat-hijabs","8":"product_cat-hoods","9":"product_cat-muslimische-kleidung","10":"product_shipping_class-min-de","12":"first","13":"instock","14":"featured","15":"shipping-taxable","16":"purchasable","17":"product-type-variable","18":"has-default-attributes"},"_links":{"self":[{"href":"https:\/\/garazastyle.com\/de\/wp-json\/wp\/v2\/product\/26497","targetHints":{"allow":["GET"]}}],"collection":[{"href":"https:\/\/garazastyle.com\/de\/wp-json\/wp\/v2\/product"}],"about":[{"href":"https:\/\/garazastyle.com\/de\/wp-json\/wp\/v2\/types\/product"}],"replies":[{"embeddable":true,"href":"https:\/\/garazastyle.com\/de\/wp-json\/wp\/v2\/comments?post=26497"}],"version-history":[{"count":0,"href":"https:\/\/garazastyle.com\/de\/wp-json\/wp\/v2\/product\/26497\/revisions"}],"wp:featuredmedia":[{"embeddable":true,"href":"https:\/\/garazastyle.com\/de\/wp-json\/wp\/v2\/media\/25728"}],"wp:attachment":[{"href":"https:\/\/garazastyle.com\/de\/wp-json\/wp\/v2\/media?parent=26497"}],"wp:term":[{"taxonomy":"brand","embeddable":true,"href":"https:\/\/garazastyle.com\/de\/wp-json\/wp\/v2\/etheme_brands?post=26497"},{"taxonomy":"product_brand","embeddable":true,"href":"https:\/\/garazastyle.com\/de\/wp-json\/wp\/v2\/product_brand?post=26497"},{"taxonomy":"product_cat","embeddable":true,"href":"https:\/\/garazastyle.com\/de\/wp-json\/wp\/v2\/product_cat?post=26497"},{"taxonomy":"product_tag","embeddable":true,"href":"https:\/\/garazastyle.com\/de\/wp-json\/wp\/v2\/product_tag?post=26497"}],"curies":[{"name":"wp","href":"https:\/\/api.w.org\/{rel}","templated":true}]}}