{"id":26420,"date":"2025-02-04T16:19:39","date_gmt":"2025-02-04T14:19:39","guid":{"rendered":"https:\/\/garazastyle.com\/product\/klassisches-khimar-und-rock-aisha-schwarz\/"},"modified":"2025-02-04T16:19:39","modified_gmt":"2025-02-04T14:19:39","slug":"klassisches-khimar-und-rock-aisha-schwarz","status":"publish","type":"product","link":"https:\/\/garazastyle.com\/de\/product\/klassisches-khimar-und-rock-aisha-schwarz\/","title":{"rendered":"Klassisches Khimar und Rock \u2013 Aisha Schwarz"},"content":{"rendered":"<ul>\n<li><b>Hauptmaterial:<\/b> Dieses Set ist aus <b>Abaya Seide<\/b> gefertigt \u2013 ein Stoff, der speziell f\u00fcr die Herstellung von Abayas, Khimars und Kleidern f\u00fcr muslimische Frauen entwickelt wurde. Er zeichnet sich durch eine glatte, weiche Textur und einen charakteristischen Glanz aus. <\/li>\n<li><b>Stoffeigenschaften:<\/b> Atmungsaktivit\u00e4t, Feuchtigkeitsaufnahme und Leichtigkeit machen dieses Set besonders angenehm f\u00fcr den ganzt\u00e4gigen Tragekomfort.<\/li>\n<li><b>Eins\u00e4tze an Kopf und \u00c4rmelb\u00fcndchen<\/b>: Hergestellt aus weichem Jerseystoff, der zus\u00e4tzlichen Komfort und gute Luftzirkulation gew\u00e4hrleistet.<\/li>\n<li><strong>Materialzusammensetzung der Eins\u00e4tze:<\/strong> 62\u202f% Viskose, 28\u202f% Polyester, 10\u202f% Elasthan. Diese Kombination sorgt f\u00fcr eine leichte, flexible Passform und verleiht dem Design sowohl Raffinesse als auch Funktionalit\u00e4t.<\/li>\n<\/ul>\n<h4>Pflegehinweise<\/h4>\n<p>To maintain the impeccable quality and longevity of your set, gentle care is recommended:<\/p>\n<ul>\n<li>Schonend bei <b>30\u202f\u00b0C<\/b> im <b>Feinwaschgang waschen<\/b>, um die Struktur des Stoffes zu bewahren.<\/li>\n<li>Vorsichtig behandeln, um die Lebensdauer des Kleidungsst\u00fccks zu verl\u00e4ngern.<\/li>\n<\/ul>\n<p>Bleiben Sie stilvoll und selbstbewusst mit dem <b>Classic Khimar &amp; Rock-Set<\/b> \u2013 die perfekte Verbindung von Bescheidenheit und praktischer Alltagstauglichkeit.<\/p>\n","protected":false},"excerpt":{"rendered":"<p>Dieses Set vereint Luxus mit Funktionalit\u00e4t und schafft einen eleganten Look f\u00fcr jeden Anlass. Der leichte, atmungsaktive Stoff f\u00fchlt sich weich auf der Haut an und sorgt f\u00fcr ganzt\u00e4gigen Komfort. Das Aisha Schwarz-Set eignet sich ideal f\u00fcr jede Jahreszeit und l\u00e4sst sich m\u00fchelos sowohl im Alltag als auch zu besonderen Anl\u00e4ssen tragen  <\/p>\n<p><b>Hinweis:<\/b> Beim Kauf dieses Sets erhalten Sie den exklusiven <b>Supreme Hold Hijab <\/b>zum Sonderpreis + magnetische Hijab-Nadeln <b>gratis dazu<\/b>.<\/p>\n","protected":false},"featured_media":26421,"comment_status":"open","ping_status":"closed","template":"","meta":[],"etheme_brands":[],"product_brand":[],"product_cat":[436,418],"product_tag":[],"class_list":{"0":"post-26420","1":"product","2":"type-product","3":"status-publish","4":"has-post-thumbnail","6":"product_cat-khimars","7":"product_cat-muslimische-kleidung","8":"product_shipping_class-max-de","10":"first","11":"instock","12":"shipping-taxable","13":"purchasable","14":"product-type-variable","15":"has-default-attributes"},"_links":{"self":[{"href":"https:\/\/garazastyle.com\/de\/wp-json\/wp\/v2\/product\/26420","targetHints":{"allow":["GET"]}}],"collection":[{"href":"https:\/\/garazastyle.com\/de\/wp-json\/wp\/v2\/product"}],"about":[{"href":"https:\/\/garazastyle.com\/de\/wp-json\/wp\/v2\/types\/product"}],"replies":[{"embeddable":true,"href":"https:\/\/garazastyle.com\/de\/wp-json\/wp\/v2\/comments?post=26420"}],"version-history":[{"count":0,"href":"https:\/\/garazastyle.com\/de\/wp-json\/wp\/v2\/product\/26420\/revisions"}],"wp:featuredmedia":[{"embeddable":true,"href":"https:\/\/garazastyle.com\/de\/wp-json\/wp\/v2\/media\/26421"}],"wp:attachment":[{"href":"https:\/\/garazastyle.com\/de\/wp-json\/wp\/v2\/media?parent=26420"}],"wp:term":[{"taxonomy":"brand","embeddable":true,"href":"https:\/\/garazastyle.com\/de\/wp-json\/wp\/v2\/etheme_brands?post=26420"},{"taxonomy":"product_brand","embeddable":true,"href":"https:\/\/garazastyle.com\/de\/wp-json\/wp\/v2\/product_brand?post=26420"},{"taxonomy":"product_cat","embeddable":true,"href":"https:\/\/garazastyle.com\/de\/wp-json\/wp\/v2\/product_cat?post=26420"},{"taxonomy":"product_tag","embeddable":true,"href":"https:\/\/garazastyle.com\/de\/wp-json\/wp\/v2\/product_tag?post=26420"}],"curies":[{"name":"wp","href":"https:\/\/api.w.org\/{rel}","templated":true}]}}